{"id":2442,"date":"2022-08-22T12:03:34","date_gmt":"2022-08-22T12:03:34","guid":{"rendered":"https:\/\/shop.belar.md\/?post_type=product&#038;p=2442"},"modified":"2026-04-20T05:06:45","modified_gmt":"2026-04-20T05:06:45","slug":"ppm-global-defense-serum","status":"publish","type":"product","link":"https:\/\/shop.belar.md\/ro\/product\/ppm-global-defense-serum\/","title":{"rendered":"PPM GLOBAL DEFENSE SERUM"},"content":{"rendered":"<p>Serul elimin\u0103 toate consecin\u021bele efectelor toxice ale polu\u0103rii atmosferice \u0219i, \u00een acela\u0219i timp, are un puternic efect revitalizant asupra pielii care sufer\u0103 de deficit de oxigen. Datorit\u0103 extractului de acerola, medicamentul stimuleaz\u0103 sinteza colagenului \u0219i cre\u0219te elasticitatea pielii. Pentru a restabili echilibrul \u0219i a conferi pielii un finisaj mat, se adaug\u0103 extract de rozmarin la formul\u0103, care are un efect calmant \u0219i seboregulator.<br \/>\n<strong>Aplicare:<\/strong> diminea\u021ba \u0219i \/ sau seara, aplica\u021bi o cantitate mic\u0103 de ser pe pielea cur\u0103\u021bat\u0103 anterior a fe\u021bei, g\u00e2tului \u0219i decolteului, apoi aplica\u021bi crema \u00een func\u021bie de tipul de piele.<\/p>","protected":false},"excerpt":{"rendered":"<p>Ser protector de ac\u021biune global\u0103<\/p>\n","protected":false},"featured_media":2443,"template":"","meta":[],"product_cat":[41],"product_tag":[],"_links":{"self":[{"href":"https:\/\/shop.belar.md\/ro\/wp-json\/wp\/v2\/product\/2442"}],"collection":[{"href":"https:\/\/shop.belar.md\/ro\/wp-json\/wp\/v2\/product"}],"about":[{"href":"https:\/\/shop.belar.md\/ro\/wp-json\/wp\/v2\/types\/product"}],"wp:featuredmedia":[{"embeddable":true,"href":"https:\/\/shop.belar.md\/ro\/wp-json\/wp\/v2\/media\/2443"}],"wp:attachment":[{"href":"https:\/\/shop.belar.md\/ro\/wp-json\/wp\/v2\/media?parent=2442"}],"wp:term":[{"taxonomy":"product_cat","embeddable":true,"href":"https:\/\/shop.belar.md\/ro\/wp-json\/wp\/v2\/product_cat?post=2442"},{"taxonomy":"product_tag","embeddable":true,"href":"https:\/\/shop.belar.md\/ro\/wp-json\/wp\/v2\/product_tag?post=2442"}],"curies":[{"name":"wp","href":"https:\/\/api.w.org\/{rel}","templated":true}]}}