{"id":2415,"date":"2022-08-19T10:04:49","date_gmt":"2022-08-19T10:04:49","guid":{"rendered":"https:\/\/shop.belar.md\/?post_type=product&#038;p=2415"},"modified":"2026-05-02T08:03:09","modified_gmt":"2026-05-02T05:03:09","slug":"bio-respect-cleansing-lotion-2","status":"publish","type":"product","link":"https:\/\/shop.belar.md\/ro\/product\/bio-respect-cleansing-lotion-2\/","title":{"rendered":"BIO-RESPECT CLEANSING LOTION"},"content":{"rendered":"<p>Completeaz\u0103 \u0219i \u00eembun\u0103t\u0103\u021be\u0219te \u00eendep\u0103rtarea machiajului, men\u021bin\u00e2nd \u00een acela\u0219i timp bariera de protec\u021bie a pielii. Pielea curat\u0103 \u0219i hidratat\u0103 restabile\u0219te tonul \u0219i str\u0103lucirea.<\/p>\n<p><strong>Aplica\u021bie:<\/strong> umezi\u021bi un tampon de bumbac cu lo\u021biune de cur\u0103\u021bare BIORESPECT \u0219i aplica\u021bi pe toat\u0103 fa\u021ba \u0219i g\u00e2tul.<br \/>\n<strong>Volum:<\/strong> 200 ml.<\/p>","protected":false},"excerpt":{"rendered":"<p>Lo\u021biune De Cur\u0103\u021bare<\/p>\n","protected":false},"featured_media":2416,"template":"","meta":[],"product_cat":[41],"product_tag":[],"_links":{"self":[{"href":"https:\/\/shop.belar.md\/ro\/wp-json\/wp\/v2\/product\/2415"}],"collection":[{"href":"https:\/\/shop.belar.md\/ro\/wp-json\/wp\/v2\/product"}],"about":[{"href":"https:\/\/shop.belar.md\/ro\/wp-json\/wp\/v2\/types\/product"}],"wp:featuredmedia":[{"embeddable":true,"href":"https:\/\/shop.belar.md\/ro\/wp-json\/wp\/v2\/media\/2416"}],"wp:attachment":[{"href":"https:\/\/shop.belar.md\/ro\/wp-json\/wp\/v2\/media?parent=2415"}],"wp:term":[{"taxonomy":"product_cat","embeddable":true,"href":"https:\/\/shop.belar.md\/ro\/wp-json\/wp\/v2\/product_cat?post=2415"},{"taxonomy":"product_tag","embeddable":true,"href":"https:\/\/shop.belar.md\/ro\/wp-json\/wp\/v2\/product_tag?post=2415"}],"curies":[{"name":"wp","href":"https:\/\/api.w.org\/{rel}","templated":true}]}}