{"id":2398,"date":"2022-08-19T08:05:43","date_gmt":"2022-08-19T08:05:43","guid":{"rendered":"https:\/\/shop.belar.md\/?post_type=product&#038;p=2398"},"modified":"2026-05-02T08:03:09","modified_gmt":"2026-05-02T05:03:09","slug":"perfect-surfacer-2","status":"publish","type":"product","link":"https:\/\/shop.belar.md\/ro\/product\/perfect-surfacer-2\/","title":{"rendered":"PERFECT SURFACER"},"content":{"rendered":"<p>Zah\u0103rul microcristalin \u00eendep\u0103rteaz\u0103 u\u0219or \u0219i eficient celulele moarte ale stratului cornos al epidermei, \u00eembun\u0103t\u0103\u021be\u0219te re\u00eennoirea compozi\u021biei celulare \u0219i, de asemenea, uniformizeaz\u0103 culoarea \u0219i relieful pielii. Dup\u0103 dizolvarea complet\u0103 a particulelor de zah\u0103r, medicamentul dob\u00e2nde\u0219te o consisten\u021b\u0103 delicat\u0103 de m\u0103tase \u0219i \u00eencepe s\u0103 aib\u0103 un efect intens de hidratare, hr\u0103nire, antioxidant \u0219i regenerare.<\/p>\n<p><strong>Aplica\u021bie:<\/strong> aplica\u021bi scrubul pe fa\u021b\u0103 \u0219i g\u00e2t, apoi continua\u021bi s\u0103 exfolia\u021bi pielea uscat\u0103 cu mi\u0219c\u0103ri circulare u\u0219oare timp de una p\u00e2n\u0103 la dou\u0103 minute. Acum umezi\u021bi u\u0219or m\u00e2inile \u0219i continua\u021bi exfolierea p\u00e2n\u0103 c\u00e2nd cristalele de zah\u0103r dispar complet. Cl\u0103ti\u021bi bine cu ap\u0103 cald\u0103, apoi cu lo\u021biune<br \/>\n<strong>Volum:<\/strong> 50 ml.<\/p>","protected":false},"excerpt":{"rendered":"<p>Nivelare scrub<\/p>\n","protected":false},"featured_media":2399,"template":"","meta":[],"product_cat":[41],"product_tag":[],"_links":{"self":[{"href":"https:\/\/shop.belar.md\/ro\/wp-json\/wp\/v2\/product\/2398"}],"collection":[{"href":"https:\/\/shop.belar.md\/ro\/wp-json\/wp\/v2\/product"}],"about":[{"href":"https:\/\/shop.belar.md\/ro\/wp-json\/wp\/v2\/types\/product"}],"wp:featuredmedia":[{"embeddable":true,"href":"https:\/\/shop.belar.md\/ro\/wp-json\/wp\/v2\/media\/2399"}],"wp:attachment":[{"href":"https:\/\/shop.belar.md\/ro\/wp-json\/wp\/v2\/media?parent=2398"}],"wp:term":[{"taxonomy":"product_cat","embeddable":true,"href":"https:\/\/shop.belar.md\/ro\/wp-json\/wp\/v2\/product_cat?post=2398"},{"taxonomy":"product_tag","embeddable":true,"href":"https:\/\/shop.belar.md\/ro\/wp-json\/wp\/v2\/product_tag?post=2398"}],"curies":[{"name":"wp","href":"https:\/\/api.w.org\/{rel}","templated":true}]}}