{"id":2359,"date":"2022-08-18T10:09:18","date_gmt":"2022-08-18T10:09:18","guid":{"rendered":"https:\/\/shop.belar.md\/?post_type=product&#038;p=2359"},"modified":"2026-04-22T05:01:20","modified_gmt":"2026-04-22T05:01:20","slug":"high-protection-mist-spf-50","status":"publish","type":"product","link":"https:\/\/shop.belar.md\/ro\/product\/high-protection-mist-spf-50\/","title":{"rendered":"SPF 50 spray u\u0219or cu protec\u021bie solar\u0103 maxim\u0103"},"content":{"rendered":"<p>Preparatul modern ofer\u0103 o protec\u021bie maxim\u0103 posibil\u0103 \u00eempotriva razelor UV \u0219i, \u00een acela\u0219i timp, datorit\u0103 texturii sale incredibil de u\u0219oare, este foarte u\u0219or de aplicat pe piele \u0219i creeaz\u0103 instantaneu o senza\u021bie de prospe\u021bime.<br \/>\n* Textura lichid\u0103 \u0219i u\u0219or de aplicat, oferind o senza\u021bie instantanee de prospe\u021bime.<br \/>\n* Conceput pentru a contracara efectele nocive ale soarelui<br \/>\n* SPF 50 + ofer\u0103 un grad foarte ridicat de protec\u021bie<\/p>","protected":false},"excerpt":{"rendered":"<p>HIGH PROTECTION MIST SPF 50+, 150 ml<\/p>\n","protected":false},"featured_media":2360,"template":"","meta":[],"product_cat":[41,512],"product_tag":[],"_links":{"self":[{"href":"https:\/\/shop.belar.md\/ro\/wp-json\/wp\/v2\/product\/2359"}],"collection":[{"href":"https:\/\/shop.belar.md\/ro\/wp-json\/wp\/v2\/product"}],"about":[{"href":"https:\/\/shop.belar.md\/ro\/wp-json\/wp\/v2\/types\/product"}],"wp:featuredmedia":[{"embeddable":true,"href":"https:\/\/shop.belar.md\/ro\/wp-json\/wp\/v2\/media\/2360"}],"wp:attachment":[{"href":"https:\/\/shop.belar.md\/ro\/wp-json\/wp\/v2\/media?parent=2359"}],"wp:term":[{"taxonomy":"product_cat","embeddable":true,"href":"https:\/\/shop.belar.md\/ro\/wp-json\/wp\/v2\/product_cat?post=2359"},{"taxonomy":"product_tag","embeddable":true,"href":"https:\/\/shop.belar.md\/ro\/wp-json\/wp\/v2\/product_tag?post=2359"}],"curies":[{"name":"wp","href":"https:\/\/api.w.org\/{rel}","templated":true}]}}