{"id":2328,"date":"2022-08-16T11:48:56","date_gmt":"2022-08-16T11:48:56","guid":{"rendered":"https:\/\/shop.belar.md\/?post_type=product&#038;p=2328"},"modified":"2026-05-01T08:02:20","modified_gmt":"2026-05-01T05:02:20","slug":"anti-dandruff-lotion-100-ml","status":"publish","type":"product","link":"https:\/\/shop.belar.md\/ro\/product\/anti-dandruff-lotion-100-ml\/","title":{"rendered":"ANTI DANDRUFF LOTION 100 ML"},"content":{"rendered":"<p>Aceasta este o \u00eengrijire echilibrat\u0103 a scalpului cu ingrediente naturale. Cur\u0103\u021bare temeinic\u0103, propriet\u0103\u021bi r\u0103coritoare ale lo\u021biunii Anti-M\u0103trea\u021b\u0103 ve\u0219nic verde datorit\u0103 uleiului organic de trandafir rubiginosa, proteinelor de orez, extractului de brusture, olaminei piroktone \u0219i uleiului esen\u021bial de l\u0103m\u00e2ie.<\/p>\n<p>Datorit\u0103 ac\u021biunii de \u00eent\u0103rire reciproc\u0103 a proteinelor de orez, a extractului de brusture \u0219i a olaminei piroktone, p\u0103rul \u0219i scalpul devin calmante de la iritarea constant\u0103 \u0219i m\u00e2nc\u0103rime, contracar\u00e2nd cre\u0219terea microbilor care provoac\u0103 m\u0103trea\u021ba. EveryGreen lo\u021biune anti-m\u0103trea\u021b\u0103 nu con\u021bine SLS, SLES, uleiuri minerale, parabeni, coloran\u021bi, siliconi, substan\u021be aromatice cu alergeni.<\/p>\n<p><strong>Aplica\u021bie:<\/strong> sp\u0103la\u021bi-v\u0103 p\u0103rul cu \u0219ampon. Aplica\u021bi lo\u021biunea EveryGreen pe scalpul curat \u0219i freca\u021bi-l. Utiliza\u021bi zilnic lo\u021biune anti-m\u0103trea\u021b\u0103 \u00een primele 2-3 s\u0103pt\u0103m\u00e2ni.<br \/>\n<strong>Volum:<\/strong> 100 ml.<\/p>","protected":false},"excerpt":{"rendered":"<p>Lo\u021biune de m\u0103trea\u021b\u0103 pentru scalp<\/p>\n","protected":false},"featured_media":2329,"template":"","meta":[],"product_cat":[509],"product_tag":[],"_links":{"self":[{"href":"https:\/\/shop.belar.md\/ro\/wp-json\/wp\/v2\/product\/2328"}],"collection":[{"href":"https:\/\/shop.belar.md\/ro\/wp-json\/wp\/v2\/product"}],"about":[{"href":"https:\/\/shop.belar.md\/ro\/wp-json\/wp\/v2\/types\/product"}],"wp:featuredmedia":[{"embeddable":true,"href":"https:\/\/shop.belar.md\/ro\/wp-json\/wp\/v2\/media\/2329"}],"wp:attachment":[{"href":"https:\/\/shop.belar.md\/ro\/wp-json\/wp\/v2\/media?parent=2328"}],"wp:term":[{"taxonomy":"product_cat","embeddable":true,"href":"https:\/\/shop.belar.md\/ro\/wp-json\/wp\/v2\/product_cat?post=2328"},{"taxonomy":"product_tag","embeddable":true,"href":"https:\/\/shop.belar.md\/ro\/wp-json\/wp\/v2\/product_tag?post=2328"}],"curies":[{"name":"wp","href":"https:\/\/api.w.org\/{rel}","templated":true}]}}