{"id":2319,"date":"2022-08-16T11:07:19","date_gmt":"2022-08-16T11:07:19","guid":{"rendered":"https:\/\/shop.belar.md\/?post_type=product&#038;p=2319"},"modified":"2026-04-19T05:00:31","modified_gmt":"2026-04-19T05:00:31","slug":"loss-control-energising-treatment-8-8-ml","status":"publish","type":"product","link":"https:\/\/shop.belar.md\/ro\/product\/loss-control-energising-treatment-8-8-ml\/","title":{"rendered":"LOSS CONTROL ENERGISING TREATMENT 8*8 ML"},"content":{"rendered":"<p>\u00cengrijirea sinergic\u0103 ajut\u0103 la prevenirea c\u0103derii p\u0103rului, f\u0103c\u00e2ndu-le mai dense. \u00cent\u0103re\u0219te fibrele datorit\u0103 formulei sale inovatoare bazate pe ulei biologic de jojoba (agricultur\u0103 biologic\u0103), extract de ginseng, cofein\u0103 \u0219i extract de lupin alb dulce. \u00cengrijire suplimentar\u0103 pentru \u00eent\u0103rirea p\u0103rului. Fiecare ingrediente organice verzi rezolva eficient problema caderii parului. P\u0103rul \u0219i r\u0103d\u0103cinile p\u0103rului primesc protec\u021bie suplimentar\u0103 \u0219i hidratare. Produsul are un efect balsamic, datorit\u0103 uleiului esen\u021bial de cimbru ca parte a Tuturor\u00eengrijirea Verde. Inclus \u00een compozi\u021bia uleiului biologic de jojoba, extract de ginseng, cofein\u0103, extract de lupin alb dulce ajut\u0103 la \u00eent\u0103rirea foliculilor de p\u0103r, f\u0103c\u00e2nd p\u0103rul puternic de la r\u0103d\u0103cin\u0103 la v\u00e2rf<\/p>\n<p><strong>Aplica\u021bie:<\/strong> sp\u0103la\u021bi-v\u0103 p\u0103rul cu \u0219ampon. Aplica\u021bi produsul cu mi\u0219c\u0103ri de masaj direct pe scalp. Nu cl\u0103ti\u021bi. Ca tratament preventiv \u0219i de sus\u021binere, aplica\u021bi de 1-2 ori pe s\u0103pt\u0103m\u00e2n\u0103 timp de 5-6 s\u0103pt\u0103m\u00e2ni consecutive. \u00cen cazul m\u0103surilor critice, utiliza\u021bi de 3 ori pe s\u0103pt\u0103m\u00e2n\u0103 timp de 2-3 s\u0103pt\u0103m\u00e2ni, de asemenea la r\u00e2nd.<br \/>\n<strong>Volum:<\/strong> 8 * 8 ml.<\/p>","protected":false},"excerpt":{"rendered":"<p>Ser pentru c\u0103derea p\u0103rului<\/p>\n","protected":false},"featured_media":2320,"template":"","meta":[],"product_cat":[509],"product_tag":[],"_links":{"self":[{"href":"https:\/\/shop.belar.md\/ro\/wp-json\/wp\/v2\/product\/2319"}],"collection":[{"href":"https:\/\/shop.belar.md\/ro\/wp-json\/wp\/v2\/product"}],"about":[{"href":"https:\/\/shop.belar.md\/ro\/wp-json\/wp\/v2\/types\/product"}],"wp:featuredmedia":[{"embeddable":true,"href":"https:\/\/shop.belar.md\/ro\/wp-json\/wp\/v2\/media\/2320"}],"wp:attachment":[{"href":"https:\/\/shop.belar.md\/ro\/wp-json\/wp\/v2\/media?parent=2319"}],"wp:term":[{"taxonomy":"product_cat","embeddable":true,"href":"https:\/\/shop.belar.md\/ro\/wp-json\/wp\/v2\/product_cat?post=2319"},{"taxonomy":"product_tag","embeddable":true,"href":"https:\/\/shop.belar.md\/ro\/wp-json\/wp\/v2\/product_tag?post=2319"}],"curies":[{"name":"wp","href":"https:\/\/api.w.org\/{rel}","templated":true}]}}