{"id":2307,"date":"2022-08-14T12:10:57","date_gmt":"2022-08-14T12:10:57","guid":{"rendered":"https:\/\/shop.belar.md\/?post_type=product&#038;p=2307"},"modified":"2026-05-01T08:02:20","modified_gmt":"2026-05-01T05:02:20","slug":"anti-dandruff-shampoo-1000-ml","status":"publish","type":"product","link":"https:\/\/shop.belar.md\/ro\/product\/anti-dandruff-shampoo-1000-ml\/","title":{"rendered":"ANTI DANDRUFF SHAMPOO 1000 ML"},"content":{"rendered":"<p>\u0218amponul con\u021bine un complex de substan\u021be vegetale active pe baz\u0103 de ulei organic de trandafir al \u021b\u00e2n\u021barului, proteine de orez \u0219i extract de brusture, \u00eempreun\u0103 cu Olamina piroktorn, care contribuie la eficacitatea sa \u00een tratamentul matre\u021bii. Are propriet\u0103\u021bi antiseptice, calmante, de \u00eenmuiere. Restabile\u0219te echilibrul hidrolipidic al scalpului.<\/p>\n<p><strong>Aplica\u021bie<\/strong>: aplica\u021bi pe p\u0103rul umed cu mi\u0219c\u0103ri de masaj, realiza\u021bi formarea spumei, sta\u021bi timp de 2-3 minute. Cl\u0103ti\u021bi bine cu ap\u0103. Repeta\u021bi sp\u0103larea de dou\u0103 ori.<br \/>\n<strong>Volum<\/strong>: 1000 ml.<\/p>\n<p><a href=\"https:\/\/shop.belar.md\/product\/anti-dandruff-shampoo-500-ml\/\">* disponibil \u00eentr-un volum de 500 ml.<\/a><\/p>","protected":false},"excerpt":{"rendered":"<p>\u0218ampon de cur\u0103\u021bare \u00eempotriva m\u0103tre\u021bii<\/p>\n","protected":false},"featured_media":2308,"template":"","meta":[],"product_cat":[509],"product_tag":[],"_links":{"self":[{"href":"https:\/\/shop.belar.md\/ro\/wp-json\/wp\/v2\/product\/2307"}],"collection":[{"href":"https:\/\/shop.belar.md\/ro\/wp-json\/wp\/v2\/product"}],"about":[{"href":"https:\/\/shop.belar.md\/ro\/wp-json\/wp\/v2\/types\/product"}],"wp:featuredmedia":[{"embeddable":true,"href":"https:\/\/shop.belar.md\/ro\/wp-json\/wp\/v2\/media\/2308"}],"wp:attachment":[{"href":"https:\/\/shop.belar.md\/ro\/wp-json\/wp\/v2\/media?parent=2307"}],"wp:term":[{"taxonomy":"product_cat","embeddable":true,"href":"https:\/\/shop.belar.md\/ro\/wp-json\/wp\/v2\/product_cat?post=2307"},{"taxonomy":"product_tag","embeddable":true,"href":"https:\/\/shop.belar.md\/ro\/wp-json\/wp\/v2\/product_tag?post=2307"}],"curies":[{"name":"wp","href":"https:\/\/api.w.org\/{rel}","templated":true}]}}