{"id":2295,"date":"2022-08-14T11:01:26","date_gmt":"2022-08-14T11:01:26","guid":{"rendered":"https:\/\/shop.belar.md\/?post_type=product&#038;p=2295"},"modified":"2026-04-22T05:00:26","modified_gmt":"2026-04-22T05:00:26","slug":"colored-hair-conditioner-500ml","status":"publish","type":"product","link":"https:\/\/shop.belar.md\/ro\/product\/colored-hair-conditioner-500ml\/","title":{"rendered":"COLORED HAIR CONDITIONER 500ML"},"content":{"rendered":"<p>Balsam regenerant datorit\u0103 formulei sale pe baz\u0103 de plante pe baz\u0103 de ulei organic de caise, extract de ro\u0219ii, extract de \u0219arpe \u0219i jeleu regal completeaz\u0103 efectul \u0219amponului, detangl\u00e2nd perfect p\u0103rul \u0219i f\u0103r\u0103 a-l c\u00e2nt\u0103ri. P\u0103rul este mai moale la atingere \u0219i str\u0103lucitor. P\u0103streaz\u0103 luminozitatea culorii.<\/p>\n<p><strong>Aplicare<\/strong>: Aplica\u021bi pe p\u0103rul umed cu mi\u0219c\u0103ri de netezire \u00een direc\u021bia de la r\u0103d\u0103cini la v\u00e2rfuri. Se las\u0103 s\u0103 ac\u021bioneze 3-5 minute. Cl\u0103ti\u021bi cu ap\u0103.<br \/>\n<strong>Volum:<\/strong> 500 ml.<\/p>\n<p><a href=\"https:\/\/shop.belar.md\/product\/colored-hair-conditioner-1000ml\/\">* disponibil \u00eentr-un volum de 1000 ml.<\/a><\/p>","protected":false},"excerpt":{"rendered":"<p>Balsam pentru p\u0103r colorat<\/p>\n","protected":false},"featured_media":2299,"template":"","meta":[],"product_cat":[509],"product_tag":[],"_links":{"self":[{"href":"https:\/\/shop.belar.md\/ro\/wp-json\/wp\/v2\/product\/2295"}],"collection":[{"href":"https:\/\/shop.belar.md\/ro\/wp-json\/wp\/v2\/product"}],"about":[{"href":"https:\/\/shop.belar.md\/ro\/wp-json\/wp\/v2\/types\/product"}],"wp:featuredmedia":[{"embeddable":true,"href":"https:\/\/shop.belar.md\/ro\/wp-json\/wp\/v2\/media\/2299"}],"wp:attachment":[{"href":"https:\/\/shop.belar.md\/ro\/wp-json\/wp\/v2\/media?parent=2295"}],"wp:term":[{"taxonomy":"product_cat","embeddable":true,"href":"https:\/\/shop.belar.md\/ro\/wp-json\/wp\/v2\/product_cat?post=2295"},{"taxonomy":"product_tag","embeddable":true,"href":"https:\/\/shop.belar.md\/ro\/wp-json\/wp\/v2\/product_tag?post=2295"}],"curies":[{"name":"wp","href":"https:\/\/api.w.org\/{rel}","templated":true}]}}