{"id":2291,"date":"2022-08-14T10:44:52","date_gmt":"2022-08-14T10:44:52","guid":{"rendered":"https:\/\/shop.belar.md\/?post_type=product&#038;p=2291"},"modified":"2026-04-20T05:02:25","modified_gmt":"2026-04-20T05:02:25","slug":"colored-hair-shampoo-500-ml","status":"publish","type":"product","link":"https:\/\/shop.belar.md\/ro\/product\/colored-hair-shampoo-500-ml\/","title":{"rendered":"COLORED HAIR SHAMPOO 500 ML"},"content":{"rendered":"<p>\u0218amponul este conceput special pentru p\u0103rul colorat \u0219i EVIDEN\u021aIAT, pentru a proteja culoarea. Formula sa pe baz\u0103 de plante pe baz\u0103 de ulei organic de caise, extract de ro\u0219ii, extract de \u0219arpe \u0219i jeleu regal hr\u0103ne\u0219te intens p\u0103rul, protejeaz\u0103 \u0219i p\u0103streaz\u0103 culoarea. Datorit\u0103 cuticulei bine \u00eenchise, p\u0103rul ob\u021bine o str\u0103lucire s\u0103n\u0103toas\u0103.<\/p>\n<p><strong>Aplica\u021bie<\/strong>: aplica\u021bi pe p\u0103rul umed cu mi\u0219c\u0103ri de masaj, realiza\u021bi formarea de spum\u0103. Cl\u0103ti\u021bi bine cu ap\u0103. Repeta\u021bi sp\u0103larea de dou\u0103 ori.<br \/>\n<strong>Volum:<\/strong> 500 ml.<\/p>\n<p><a href=\"https:\/\/shop.belar.md\/product\/colored-hair-shampoo-1000-ml\/\">* disponibil \u00eentr-un volum de 1000 ml.<\/a><\/p>","protected":false},"excerpt":{"rendered":"<p>\u0218ampon pentru p\u0103r colorat<\/p>\n","protected":false},"featured_media":2293,"template":"","meta":[],"product_cat":[509],"product_tag":[],"_links":{"self":[{"href":"https:\/\/shop.belar.md\/ro\/wp-json\/wp\/v2\/product\/2291"}],"collection":[{"href":"https:\/\/shop.belar.md\/ro\/wp-json\/wp\/v2\/product"}],"about":[{"href":"https:\/\/shop.belar.md\/ro\/wp-json\/wp\/v2\/types\/product"}],"wp:featuredmedia":[{"embeddable":true,"href":"https:\/\/shop.belar.md\/ro\/wp-json\/wp\/v2\/media\/2293"}],"wp:attachment":[{"href":"https:\/\/shop.belar.md\/ro\/wp-json\/wp\/v2\/media?parent=2291"}],"wp:term":[{"taxonomy":"product_cat","embeddable":true,"href":"https:\/\/shop.belar.md\/ro\/wp-json\/wp\/v2\/product_cat?post=2291"},{"taxonomy":"product_tag","embeddable":true,"href":"https:\/\/shop.belar.md\/ro\/wp-json\/wp\/v2\/product_tag?post=2291"}],"curies":[{"name":"wp","href":"https:\/\/api.w.org\/{rel}","templated":true}]}}