{"id":2276,"date":"2022-08-14T10:00:50","date_gmt":"2022-08-14T10:00:50","guid":{"rendered":"https:\/\/shop.belar.md\/?post_type=product&#038;p=2276"},"modified":"2026-04-30T08:00:23","modified_gmt":"2026-04-30T05:00:23","slug":"damaged-hair-shampoo-1000-ml","status":"publish","type":"product","link":"https:\/\/shop.belar.md\/ro\/product\/damaged-hair-shampoo-1000-ml\/","title":{"rendered":"DAMAGED HAIR SHAMPOO 1000 ML"},"content":{"rendered":"<p>Datorit\u0103 unui complex de plante pe baz\u0103 de ulei de m\u0103sline organic, keratin\u0103, ulei de argan \u0219i extract de celule stem din plante, acesta garanteaz\u0103 un efect regenerant asupra \u021bes\u0103turii de p\u0103r din interior. P\u0103rul devine mai dens, elastic, durabil. Ideal pentru p\u0103rul eviden\u021biat, colorat \u0219i p\u0103rul dup\u0103 perming.<\/p>\n<p><strong>Aplica\u021bie:<\/strong> aplica\u021bi pe p\u0103rul umed cu mi\u0219c\u0103ri de masaj, realiza\u021bi formarea de spum\u0103. Cl\u0103ti\u021bi bine cu ap\u0103. Repeta\u021bi sp\u0103larea de dou\u0103 ori.<br \/>\n<strong>Volum:<\/strong> 1000 ml.<\/p>\n<p><a href=\"https:\/\/shop.belar.md\/product\/damaged-hair-shampoo-500-ml\/\">* disponibil \u00eentr-un volum de 500 ml.<\/a><\/p>","protected":false},"excerpt":{"rendered":"<p>\u0218ampon pentru p\u0103r deteriorat<\/p>\n","protected":false},"featured_media":2281,"template":"","meta":[],"product_cat":[509],"product_tag":[],"_links":{"self":[{"href":"https:\/\/shop.belar.md\/ro\/wp-json\/wp\/v2\/product\/2276"}],"collection":[{"href":"https:\/\/shop.belar.md\/ro\/wp-json\/wp\/v2\/product"}],"about":[{"href":"https:\/\/shop.belar.md\/ro\/wp-json\/wp\/v2\/types\/product"}],"wp:featuredmedia":[{"embeddable":true,"href":"https:\/\/shop.belar.md\/ro\/wp-json\/wp\/v2\/media\/2281"}],"wp:attachment":[{"href":"https:\/\/shop.belar.md\/ro\/wp-json\/wp\/v2\/media?parent=2276"}],"wp:term":[{"taxonomy":"product_cat","embeddable":true,"href":"https:\/\/shop.belar.md\/ro\/wp-json\/wp\/v2\/product_cat?post=2276"},{"taxonomy":"product_tag","embeddable":true,"href":"https:\/\/shop.belar.md\/ro\/wp-json\/wp\/v2\/product_tag?post=2276"}],"curies":[{"name":"wp","href":"https:\/\/api.w.org\/{rel}","templated":true}]}}