{"id":2274,"date":"2022-08-14T09:50:39","date_gmt":"2022-08-14T09:50:39","guid":{"rendered":"https:\/\/shop.belar.md\/?post_type=product&#038;p=2274"},"modified":"2026-04-23T08:01:11","modified_gmt":"2026-04-23T05:01:11","slug":"anti-frizz-sublime-detangling-glaze","status":"publish","type":"product","link":"https:\/\/shop.belar.md\/ro\/product\/anti-frizz-sublime-detangling-glaze\/","title":{"rendered":"ANTI-FRIZZ SUBLIME DETANGLING GLAZE"},"content":{"rendered":"<p>Ultralight glaze pentru \u00eengrijirea p\u0103rului pe baz\u0103 de ulei organic de susan \u0219i jojoba, face coafura nu este doar u\u0219oar\u0103, ci \u0219i incredibil de pl\u0103cut\u0103. Ajut\u0103 la realizarea coafura perfect\u0103 \u00een c\u00e2teva minute, oferind \u00een acela\u0219i timp p\u0103rului \u00eengrijire intensiv\u0103, efect antistatic \u0219i protec\u021bie fiabil\u0103 \u00eempotriva condi\u021biilor meteorologice. \u00cent\u0103re\u0219te, hr\u0103ne\u0219te intens, ofer\u0103 elasticitate, previne ruperea \u0219i sec\u021biunea transversal\u0103 a p\u0103rului, restabile\u0219te culoarea, d\u0103 volum \u0219i str\u0103lucire str\u0103lucitoare. Dup\u0103 prima aplica\u021bie, ve\u021bi vedea un rezultat excelent. Buclele arat\u0103 s\u0103n\u0103tos de la r\u0103d\u0103cini la v\u00e2rfuri.<\/p>\n<p><strong>Aplicare:<\/strong> aplica\u021bi produsul pe p\u0103rul curat \u0219i umed, imediat \u00eenainte de coafare. Nu<br \/>\nculoare.<\/p>","protected":false},"excerpt":{"rendered":"<p>Lichid de \u00eenmuiere<\/p>\n","protected":false},"featured_media":2275,"template":"","meta":[],"product_cat":[509],"product_tag":[],"_links":{"self":[{"href":"https:\/\/shop.belar.md\/ro\/wp-json\/wp\/v2\/product\/2274"}],"collection":[{"href":"https:\/\/shop.belar.md\/ro\/wp-json\/wp\/v2\/product"}],"about":[{"href":"https:\/\/shop.belar.md\/ro\/wp-json\/wp\/v2\/types\/product"}],"wp:featuredmedia":[{"embeddable":true,"href":"https:\/\/shop.belar.md\/ro\/wp-json\/wp\/v2\/media\/2275"}],"wp:attachment":[{"href":"https:\/\/shop.belar.md\/ro\/wp-json\/wp\/v2\/media?parent=2274"}],"wp:term":[{"taxonomy":"product_cat","embeddable":true,"href":"https:\/\/shop.belar.md\/ro\/wp-json\/wp\/v2\/product_cat?post=2274"},{"taxonomy":"product_tag","embeddable":true,"href":"https:\/\/shop.belar.md\/ro\/wp-json\/wp\/v2\/product_tag?post=2274"}],"curies":[{"name":"wp","href":"https:\/\/api.w.org\/{rel}","templated":true}]}}