{"id":2265,"date":"2022-08-14T09:34:15","date_gmt":"2022-08-14T09:34:15","guid":{"rendered":"https:\/\/shop.belar.md\/?post_type=product&#038;p=2265"},"modified":"2026-04-30T08:00:23","modified_gmt":"2026-04-30T05:00:23","slug":"anti-frizz-conditioner-1000-ml","status":"publish","type":"product","link":"https:\/\/shop.belar.md\/ro\/product\/anti-frizz-conditioner-1000-ml\/","title":{"rendered":"ANTI-FRIZZ CONDITIONER 1000 ML"},"content":{"rendered":"<p>Balsam cu o consisten\u021b\u0103 u\u0219oar\u0103, are un efect hidratant asupra p\u0103rului curat. Datorit\u0103 uleiului biologic de susan * (*agricultura biologic\u0103), extractului de echinacee, keratinei \u0219i pantenolului, p\u0103rul devine hr\u0103nit, devine moale \u0219i elastic.<br \/>\n<strong>Mod de utilizare:<\/strong> Dup\u0103 \u0219amponare, aplica\u021bi balsam pe p\u0103rul umed. Distribui\u021bi cu aten\u021bie produsul pe toat\u0103 lungimea lor. \u00cenmuia\u021bi timp de 1-5 minute, apoi cl\u0103ti\u021bi p\u0103rul cu ap\u0103 cald\u0103.<br \/>\n<strong>Volum:<\/strong> 1000 ml.<\/p>\n<p><a href=\"https:\/\/shop.belar.md\/product\/anti-frizz-conditioner-500-ml\/\">* disponibil \u0219i \u00eentr-un volum de 500 ml.<\/a><\/p>","protected":false},"excerpt":{"rendered":"<p>Balsam pentru p\u0103r curat, uscat \u0219i indisciplinat.<\/p>\n","protected":false},"featured_media":2267,"template":"","meta":[],"product_cat":[509],"product_tag":[],"_links":{"self":[{"href":"https:\/\/shop.belar.md\/ro\/wp-json\/wp\/v2\/product\/2265"}],"collection":[{"href":"https:\/\/shop.belar.md\/ro\/wp-json\/wp\/v2\/product"}],"about":[{"href":"https:\/\/shop.belar.md\/ro\/wp-json\/wp\/v2\/types\/product"}],"wp:featuredmedia":[{"embeddable":true,"href":"https:\/\/shop.belar.md\/ro\/wp-json\/wp\/v2\/media\/2267"}],"wp:attachment":[{"href":"https:\/\/shop.belar.md\/ro\/wp-json\/wp\/v2\/media?parent=2265"}],"wp:term":[{"taxonomy":"product_cat","embeddable":true,"href":"https:\/\/shop.belar.md\/ro\/wp-json\/wp\/v2\/product_cat?post=2265"},{"taxonomy":"product_tag","embeddable":true,"href":"https:\/\/shop.belar.md\/ro\/wp-json\/wp\/v2\/product_tag?post=2265"}],"curies":[{"name":"wp","href":"https:\/\/api.w.org\/{rel}","templated":true}]}}