{"id":2252,"date":"2022-08-14T08:15:31","date_gmt":"2022-08-14T08:15:31","guid":{"rendered":"https:\/\/shop.belar.md\/?post_type=product&#038;p=2252"},"modified":"2026-04-30T08:00:22","modified_gmt":"2026-04-30T05:00:22","slug":"anti-oxidant-conditioner-1000ml","status":"publish","type":"product","link":"https:\/\/shop.belar.md\/ro\/product\/anti-oxidant-conditioner-1000ml\/","title":{"rendered":"ANTI-OXIDANT CONDITIONER 1000ML"},"content":{"rendered":"<p>Balsamul Antioxidant pentru uz zilnic protejeaz\u0103 p\u0103rul de efectele nocive ale radicalilor liberi, restabilind elasticitatea, nutri\u021bia \u0219i volumul acestora.<br \/>\nPentru toate tipurile de p\u0103r expuse la stres atmosferic \u0219i mecanic, poluan\u021bi, colorare \u0219i prelucrare, o linie de produse pe baz\u0103 de ulei biologic de rodie, extract de ov\u0103z \u0219i ulei esen\u021bial de portocale dulci protejeaz\u0103 p\u0103rul de efectele nocive ale radicalilor liberi, restabilind elasticitatea, nutri\u021bia \u0219i volumul acestora.<br \/>\n<strong>Mod de utilizare:<\/strong> pentru a men\u021bine p\u0103rul \u00eentr-o stare echilibrat\u0103, aplica\u021bi o cantitate mic\u0103 de produs cu mi\u0219c\u0103ri de masaj pe p\u0103r \u0219i l\u0103sa\u021bi timp de 2 minute. Apoi cl\u0103ti\u021bi-v\u0103 p\u0103rul cu ap\u0103. Pentru un curs terapeutic pentru \u00eengrijirea p\u0103rului deteriorat \u0219i sl\u0103bit, l\u0103sa\u021bi produsul timp de 10-20 de minute \u0219i cl\u0103ti\u021bi.<br \/>\n<strong>Volum:<\/strong> 1000 ml.<br \/>\n<a href=\"https:\/\/shop.belar.md\/product\/anti-oxidant-conditioner-500ml\/\">* de asemenea, disponibil \u00eentr-un volum de 500ml.<\/a><\/p>","protected":false},"excerpt":{"rendered":"<p>Balsam Antioxidant pentru uz zilnic<\/p>\n","protected":false},"featured_media":2255,"template":"","meta":[],"product_cat":[509],"product_tag":[],"_links":{"self":[{"href":"https:\/\/shop.belar.md\/ro\/wp-json\/wp\/v2\/product\/2252"}],"collection":[{"href":"https:\/\/shop.belar.md\/ro\/wp-json\/wp\/v2\/product"}],"about":[{"href":"https:\/\/shop.belar.md\/ro\/wp-json\/wp\/v2\/types\/product"}],"wp:featuredmedia":[{"embeddable":true,"href":"https:\/\/shop.belar.md\/ro\/wp-json\/wp\/v2\/media\/2255"}],"wp:attachment":[{"href":"https:\/\/shop.belar.md\/ro\/wp-json\/wp\/v2\/media?parent=2252"}],"wp:term":[{"taxonomy":"product_cat","embeddable":true,"href":"https:\/\/shop.belar.md\/ro\/wp-json\/wp\/v2\/product_cat?post=2252"},{"taxonomy":"product_tag","embeddable":true,"href":"https:\/\/shop.belar.md\/ro\/wp-json\/wp\/v2\/product_tag?post=2252"}],"curies":[{"name":"wp","href":"https:\/\/api.w.org\/{rel}","templated":true}]}}