{"id":2248,"date":"2022-08-14T07:46:34","date_gmt":"2022-08-14T07:46:34","guid":{"rendered":"https:\/\/shop.belar.md\/?post_type=product&#038;p=2248"},"modified":"2026-04-19T05:00:28","modified_gmt":"2026-04-19T05:00:28","slug":"anti-oxidant-mask-500-ml","status":"publish","type":"product","link":"https:\/\/shop.belar.md\/ro\/product\/anti-oxidant-mask-500-ml\/","title":{"rendered":"ANTI-OXIDANT MASK 500 ML"},"content":{"rendered":"<p>Masca antioxidant\u0103 pentru uz zilnic hr\u0103ne\u0219te p\u0103rul \u00een profunzime \u0219i ofer\u0103 o str\u0103lucire intens\u0103, \u00eenvelitoare<br \/>\nfibre capilare \u0219i ajut\u0103 la protejarea p\u0103rului<br \/>\nPentru toate tipurile de p\u0103r expuse la stres atmosferic \u0219i mecanic, poluan\u021bi, colorare \u0219i prelucrare, o linie de produse pe baz\u0103 de ulei biologic de rodie, extract de ov\u0103z \u0219i ulei esen\u021bial de portocale dulci protejeaz\u0103 p\u0103rul de efectele nocive ale radicalilor liberi, restabilind elasticitatea, nutri\u021bia \u0219i volumul acestora.<br \/>\n<strong>Volum:<\/strong> 500 ml.<br \/>\n<a href=\"https:\/\/shop.belar.md\/product\/anti-oxidant-mask-250-ml\/\">* disponibil \u0219i \u00een volum de 250 ml.<\/a><\/p>","protected":false},"excerpt":{"rendered":"<p>Masc\u0103 antioxidant\u0103 pentru uz zilnic<\/p>\n","protected":false},"featured_media":2273,"template":"","meta":[],"product_cat":[509],"product_tag":[],"_links":{"self":[{"href":"https:\/\/shop.belar.md\/ro\/wp-json\/wp\/v2\/product\/2248"}],"collection":[{"href":"https:\/\/shop.belar.md\/ro\/wp-json\/wp\/v2\/product"}],"about":[{"href":"https:\/\/shop.belar.md\/ro\/wp-json\/wp\/v2\/types\/product"}],"wp:featuredmedia":[{"embeddable":true,"href":"https:\/\/shop.belar.md\/ro\/wp-json\/wp\/v2\/media\/2273"}],"wp:attachment":[{"href":"https:\/\/shop.belar.md\/ro\/wp-json\/wp\/v2\/media?parent=2248"}],"wp:term":[{"taxonomy":"product_cat","embeddable":true,"href":"https:\/\/shop.belar.md\/ro\/wp-json\/wp\/v2\/product_cat?post=2248"},{"taxonomy":"product_tag","embeddable":true,"href":"https:\/\/shop.belar.md\/ro\/wp-json\/wp\/v2\/product_tag?post=2248"}],"curies":[{"name":"wp","href":"https:\/\/api.w.org\/{rel}","templated":true}]}}