{"id":2214,"date":"2022-08-11T13:16:16","date_gmt":"2022-08-11T13:16:16","guid":{"rendered":"https:\/\/shop.belar.md\/?post_type=product&#038;p=2214"},"modified":"2026-04-18T05:02:17","modified_gmt":"2026-04-18T05:02:17","slug":"dry-hair-conditioner-nutriente-500ml","status":"publish","type":"product","link":"https:\/\/shop.belar.md\/ro\/product\/dry-hair-conditioner-nutriente-500ml\/","title":{"rendered":"DRY HAIR CONDITIONER 500ML"},"content":{"rendered":"<p>\u00cengrijire profesional\u0103 special\u0103 pentru elasticitatea uscat\u0103, lipsit\u0103 de via\u021b\u0103, pierdut\u0103 \u0219i volumul p\u0103rului. Efectul sinergic al substan\u021belor func\u021bionale hr\u0103ne\u0219te p\u0103rul f\u0103r\u0103 a-l c\u00e2nt\u0103ri: p\u0103trund \u00een \u021besutul capilar, d\u00e2nd elasticitate, volum \u0219i moale. Ulei biologic de nuc\u0103 de cocos din agricultura biologic\u0103: datorit\u0103 con\u021binutului crescut de vitamine \u0219i acizi gra\u0219i satura\u021bi cu propriet\u0103\u021bi protectoare \u0219i hr\u0103nitoare, p\u0103rul este hidratat, moale \u0219i radiant. Proteinele din soia \u0219i extractul de nalb\u0103: propriet\u0103\u021bile hidratante \u0219i antioxidante contribuie la restabilirea elasticit\u0103\u021bii, volumului \u0219i str\u0103lucirii p\u0103rului. Ulei de migdale dulci: propriet\u0103\u021bi puternice de \u00eenmuiere \u0219i hidratare, utilizate pentru p\u0103rul uscat \u0219i despicat, confer\u0103 p\u0103rului o str\u0103lucire uimitoare.<\/p>\n<p><strong>Mod de utilizare:<\/strong> Aplica\u021bi pe p\u0103rul sp\u0103lat umed, cl\u0103ti\u021bi cu ap\u0103 cald\u0103.<br \/>\n<strong>Volum:<\/strong> 500 ml.<\/p>\n<p><a href=\"https:\/\/shop.belar.md\/product\/dry-hair-conditioner-nutriente-1000ml\/\">* disponibil \u0219i \u00een volum de 1000 ml.<\/a><\/p>","protected":false},"excerpt":{"rendered":"<p>Balsam pentru p\u0103r uscat, lipsit de via\u021b\u0103<\/p>\n","protected":false},"featured_media":2210,"template":"","meta":[],"product_cat":[509],"product_tag":[],"_links":{"self":[{"href":"https:\/\/shop.belar.md\/ro\/wp-json\/wp\/v2\/product\/2214"}],"collection":[{"href":"https:\/\/shop.belar.md\/ro\/wp-json\/wp\/v2\/product"}],"about":[{"href":"https:\/\/shop.belar.md\/ro\/wp-json\/wp\/v2\/types\/product"}],"wp:featuredmedia":[{"embeddable":true,"href":"https:\/\/shop.belar.md\/ro\/wp-json\/wp\/v2\/media\/2210"}],"wp:attachment":[{"href":"https:\/\/shop.belar.md\/ro\/wp-json\/wp\/v2\/media?parent=2214"}],"wp:term":[{"taxonomy":"product_cat","embeddable":true,"href":"https:\/\/shop.belar.md\/ro\/wp-json\/wp\/v2\/product_cat?post=2214"},{"taxonomy":"product_tag","embeddable":true,"href":"https:\/\/shop.belar.md\/ro\/wp-json\/wp\/v2\/product_tag?post=2214"}],"curies":[{"name":"wp","href":"https:\/\/api.w.org\/{rel}","templated":true}]}}