{"id":2190,"date":"2022-08-10T12:50:34","date_gmt":"2022-08-10T12:50:34","guid":{"rendered":"https:\/\/shop.belar.md\/?post_type=product&#038;p=2190"},"modified":"2026-04-16T05:00:48","modified_gmt":"2026-04-16T05:00:48","slug":"dikson-argabeta-serum-detox-100-ml","status":"publish","type":"product","link":"https:\/\/shop.belar.md\/ro\/product\/dikson-argabeta-serum-detox-100-ml\/","title":{"rendered":"DIKSON ARGABETA SERUM DETOX 100 ML"},"content":{"rendered":"<p>Serul este destinat \u00eengrijirii \u0219i Protec\u021biei oric\u0103rui tip de p\u0103r supus stresului \u0219i influen\u021belor negative asupra mediului. Formula u\u0219oar\u0103 a serului creeaz\u0103 un film de protec\u021bie pe p\u0103r f\u0103r\u0103 a-l c\u00e2nt\u0103ri. Are un efect vizibil de hr\u0103nire \u0219i condi\u021bionare.<\/p>\n<p><strong>Aplica\u021bie:<\/strong> aplica\u021bi pe p\u0103rul curat, uscat sau umed, \u00eencepe\u021bi coafarea sau l\u0103sa\u021bi p\u0103rul s\u0103 se usuce singur. Potrivit pentru utilizarea zilnic\u0103. Nu cl\u0103ti\u021bi!<br \/>\n<strong>Ingrediente:<\/strong> ISODODECANE, C12-15 ALKYL BENZOATE, ETHYLENE\/PROPYLENE\/STYRENE COPOLYMER,BUTYLENE\/ETHYLENE\/STYRENE COPOLYMER, LAVANDULA ANGUSTIFOLIA OIL, EUCALYPTUS GLOBULUS LEAF OIL, CANANGA ODORATA FLOWER OIL, ETHYLHEXYL METHOXYCINNAMATE, ETHYLHEXYL SALICYLATE, BUTYL METHOXYDIBENZOYLMETHANE, LINALOOL, LIMONENE, BENZYL BENZOATE.<br \/>\n<strong>Volum:<\/strong> 100 ml<\/p>","protected":false},"excerpt":{"rendered":"<p>Ser pentru p\u0103r stresat<\/p>\n","protected":false},"featured_media":2192,"template":"","meta":[],"product_cat":[509],"product_tag":[],"_links":{"self":[{"href":"https:\/\/shop.belar.md\/ro\/wp-json\/wp\/v2\/product\/2190"}],"collection":[{"href":"https:\/\/shop.belar.md\/ro\/wp-json\/wp\/v2\/product"}],"about":[{"href":"https:\/\/shop.belar.md\/ro\/wp-json\/wp\/v2\/types\/product"}],"wp:featuredmedia":[{"embeddable":true,"href":"https:\/\/shop.belar.md\/ro\/wp-json\/wp\/v2\/media\/2192"}],"wp:attachment":[{"href":"https:\/\/shop.belar.md\/ro\/wp-json\/wp\/v2\/media?parent=2190"}],"wp:term":[{"taxonomy":"product_cat","embeddable":true,"href":"https:\/\/shop.belar.md\/ro\/wp-json\/wp\/v2\/product_cat?post=2190"},{"taxonomy":"product_tag","embeddable":true,"href":"https:\/\/shop.belar.md\/ro\/wp-json\/wp\/v2\/product_tag?post=2190"}],"curies":[{"name":"wp","href":"https:\/\/api.w.org\/{rel}","templated":true}]}}