{"id":2188,"date":"2022-08-10T12:37:32","date_gmt":"2022-08-10T12:37:32","guid":{"rendered":"https:\/\/shop.belar.md\/?post_type=product&#038;p=2188"},"modified":"2026-04-16T05:00:48","modified_gmt":"2026-04-16T05:00:48","slug":"dikson-argabeta-mask-detox-500-ml","status":"publish","type":"product","link":"https:\/\/shop.belar.md\/ro\/product\/dikson-argabeta-mask-detox-500-ml\/","title":{"rendered":"DIKSON ARGABETA MASK DETOX 500 ML"},"content":{"rendered":"<p>\u00cen fiecare zi, p\u0103rul \u0219i scalpul sunt expuse stresului \u0219i efectelor negative ale unui mediu d\u0103un\u0103tor. O masc\u0103 pentru cur\u0103\u021barea profund\u0103 \u0219i detoxifierea scalpului \u0219i a p\u0103rului va ajuta la rezolvarea problemei cur\u0103\u021b\u0103rii profunde. C\u0103rbunele negru, ca &#8220;burete&#8221;, absoarbe diferite tipuri de poluare, iar uleiul de lavand\u0103 \u0219i uleiul de ylang-ylang vor ajuta la eliminarea irita\u021biei, vor hr\u0103ni structura p\u0103rului, vor hidrata, vor regla activitatea glandelor sebacee. Poate servi ca o prevenire \u00eempotriva matre\u021bii, dermatitei \u0219i peelingului scalpului.<\/p>\n<p><strong>Aplica\u021bie:<\/strong> aplica\u021bi pe scalp prin desp\u0103r\u021bire, sta\u021bi timp de 10 minute. Cl\u0103ti\u021bi cu ap\u0103 cald\u0103.<br \/>\n<strong>Ingrediente:<\/strong> AQUA, alcool cetearilic, clorur\u0103 de cetrimoniu, laurat de IZOAMIL, cocoat de IZOAMIL, ulei de Lavandula ANGUSTIFOLIA, ulei de flori CANANGA ODORATA, pulbere de c\u0103rbune, celuloz\u0103 microcristalin\u0103, celuloz\u0103, acid CITRIC, LINALOOL, negru de fum, METILCLOROIZOTIAZOLINON\u0102, metilizotiazolinon\u0103.<br \/>\n<strong>Volum:<\/strong> 500 ml.<\/p>\n<p><a href=\"https:\/\/shop.belar.md\/product\/dikson-argabeta-mask-detox-250-ml\/\">* disponibil \u0219i \u00een volum de 250 ml.<\/a><\/p>","protected":false},"excerpt":{"rendered":"<p>O masc\u0103 pentru p\u0103rul stresat<\/p>\n","protected":false},"featured_media":2189,"template":"","meta":[],"product_cat":[509],"product_tag":[],"_links":{"self":[{"href":"https:\/\/shop.belar.md\/ro\/wp-json\/wp\/v2\/product\/2188"}],"collection":[{"href":"https:\/\/shop.belar.md\/ro\/wp-json\/wp\/v2\/product"}],"about":[{"href":"https:\/\/shop.belar.md\/ro\/wp-json\/wp\/v2\/types\/product"}],"wp:featuredmedia":[{"embeddable":true,"href":"https:\/\/shop.belar.md\/ro\/wp-json\/wp\/v2\/media\/2189"}],"wp:attachment":[{"href":"https:\/\/shop.belar.md\/ro\/wp-json\/wp\/v2\/media?parent=2188"}],"wp:term":[{"taxonomy":"product_cat","embeddable":true,"href":"https:\/\/shop.belar.md\/ro\/wp-json\/wp\/v2\/product_cat?post=2188"},{"taxonomy":"product_tag","embeddable":true,"href":"https:\/\/shop.belar.md\/ro\/wp-json\/wp\/v2\/product_tag?post=2188"}],"curies":[{"name":"wp","href":"https:\/\/api.w.org\/{rel}","templated":true}]}}