{"id":2155,"date":"2022-08-09T14:36:55","date_gmt":"2022-08-09T14:36:55","guid":{"rendered":"https:\/\/shop.belar.md\/?post_type=product&#038;p=2155"},"modified":"2026-04-20T05:06:47","modified_gmt":"2026-04-20T05:06:47","slug":"dikson-argabeta-shampoo-shine-1000-ml","status":"publish","type":"product","link":"https:\/\/shop.belar.md\/ro\/product\/dikson-argabeta-shampoo-shine-1000-ml\/","title":{"rendered":"DIKSON ARGABETA SHAMPOO SHINE 1000 ML"},"content":{"rendered":"<p>\u0218amponul cu coac\u0103ze negre, semin\u021be de struguri \u0219i uleiuri de migdale dulci cur\u0103\u021b\u0103 delicat, hr\u0103ne\u0219te \u0219i \u00eembun\u0103t\u0103\u021be\u0219te starea p\u0103rului colorat, p\u0103streaz\u0103 frumuse\u021bea \u0219i luminozitatea culorii, previne \u00eemb\u0103tr\u00e2nirea p\u0103rului. P\u0103rul devine moale \u0219i puternic. Datorit\u0103 compozi\u021biei sale, care include ulei de semin\u021be de coac\u0103ze negre, ulei de migdale, ulei de semin\u021be de struguri, \u0219amponul previne fragilitatea, hidrateaz\u0103 structura, amelioreaz\u0103 iritarea scalpului.<\/p>\n<p><strong>Aplica\u021bie:<\/strong> aplica\u021bi pe p\u0103rul umed cu mi\u0219c\u0103ri de masaj, realiza\u021bi formarea de spum\u0103. Cl\u0103ti\u021bi bine cu ap\u0103. Repeta\u021bi sp\u0103larea de dou\u0103 ori.<br \/>\n<strong>Ingrediente:<\/strong> laurilsulfat de amoniu, sulfat de Miret de sodiu, clorur\u0103 de sodiu, cocamidopropil betain\u0103, glicerin\u0103, lauret-5, propilen glicol, ulei de semin\u021be de RIBES NIGRUM, ulei de PRUNUS AMYGDALUS DULCIS, ulei de semin\u021be VITIS VINIFERA, PARFUM, METILCLOROIZOTIAZOLINON\u0102, metilizotiazolinon\u0103.<br \/>\n<strong>Volum:<\/strong> 500 ml.<\/p>\n<p><a href=\"https:\/\/shop.belar.md\/product\/dikson-argabeta-shampoo-shine-500-ml\/\">* de asemenea, disponibil \u00eentr-un volum de 500ml.<\/a><\/p>","protected":false},"excerpt":{"rendered":"<p>\u0218ampon pentru p\u0103r colorat<\/p>\n","protected":false},"featured_media":2156,"template":"","meta":[],"product_cat":[509],"product_tag":[],"_links":{"self":[{"href":"https:\/\/shop.belar.md\/ro\/wp-json\/wp\/v2\/product\/2155"}],"collection":[{"href":"https:\/\/shop.belar.md\/ro\/wp-json\/wp\/v2\/product"}],"about":[{"href":"https:\/\/shop.belar.md\/ro\/wp-json\/wp\/v2\/types\/product"}],"wp:featuredmedia":[{"embeddable":true,"href":"https:\/\/shop.belar.md\/ro\/wp-json\/wp\/v2\/media\/2156"}],"wp:attachment":[{"href":"https:\/\/shop.belar.md\/ro\/wp-json\/wp\/v2\/media?parent=2155"}],"wp:term":[{"taxonomy":"product_cat","embeddable":true,"href":"https:\/\/shop.belar.md\/ro\/wp-json\/wp\/v2\/product_cat?post=2155"},{"taxonomy":"product_tag","embeddable":true,"href":"https:\/\/shop.belar.md\/ro\/wp-json\/wp\/v2\/product_tag?post=2155"}],"curies":[{"name":"wp","href":"https:\/\/api.w.org\/{rel}","templated":true}]}}