{"id":2146,"date":"2022-08-09T14:13:06","date_gmt":"2022-08-09T14:13:06","guid":{"rendered":"https:\/\/shop.belar.md\/?post_type=product&#038;p=2146"},"modified":"2026-04-30T08:00:42","modified_gmt":"2026-04-30T05:00:42","slug":"dikson-argabeta-mask-repair-500-ml","status":"publish","type":"product","link":"https:\/\/shop.belar.md\/ro\/product\/dikson-argabeta-mask-repair-500-ml\/","title":{"rendered":"DIKSON ARGABETA MASK REPAIR 500 ML"},"content":{"rendered":"<p>Masc\u0103 pentru p\u0103rul sl\u0103bit \u0219i tratat chimic cu orez hidrolizat \u0219i proteine din soia (keratin\u0103 vegetal\u0103). O masc\u0103 bazat\u0103 pe orez hidrolizat \u0219i proteine din soia este un remediu concentrat pentru restabilirea p\u0103rului sl\u0103bit \u0219i tratat chimic. Ofer\u0103 ton \u0219i volum p\u0103rului, le hr\u0103ne\u0219te \u0219i le hidrateaz\u0103, restabile\u0219te structura dup\u0103 tratamentul chimic. Ofer\u0103 integritatea p\u0103rului \u0219i frumuse\u021bea natural\u0103.<\/p>\n<p><strong>Mod de utilizare:<\/strong> Aplica\u021bi masca pe p\u0103rul umed, sta\u021bi pe p\u0103r timp de 15 minute, apoi cl\u0103ti\u021bi bine cu ap\u0103<br \/>\n<strong>Ingrediente:<\/strong> aqua, alcool cetearilic, clorur\u0103 de cetrimoniu, laurat de izoamil, parafin\u0103 liquidum, cocoat de izoamil, protein\u0103 de soia hidrolizat\u0103, protein\u0103 de orez hidrolizat\u0103, acid citric, parfum, metilcloroizotiazolinon\u0103, metilizotiazolinon\u0103.<br \/>\n<strong>Volum:<\/strong> 250 ml.<\/p>\n<p><a href=\"https:\/\/shop.belar.md\/product\/dikson-argabeta-mask-repair-250-ml\/\">*Disponibil \u00een volum de 500 ml.<\/a><\/p>","protected":false},"excerpt":{"rendered":"<p>Masc\u0103 pentru p\u0103r sl\u0103bit \u0219i tratat chimic<\/p>\n","protected":false},"featured_media":2148,"template":"","meta":[],"product_cat":[509],"product_tag":[],"_links":{"self":[{"href":"https:\/\/shop.belar.md\/ro\/wp-json\/wp\/v2\/product\/2146"}],"collection":[{"href":"https:\/\/shop.belar.md\/ro\/wp-json\/wp\/v2\/product"}],"about":[{"href":"https:\/\/shop.belar.md\/ro\/wp-json\/wp\/v2\/types\/product"}],"wp:featuredmedia":[{"embeddable":true,"href":"https:\/\/shop.belar.md\/ro\/wp-json\/wp\/v2\/media\/2148"}],"wp:attachment":[{"href":"https:\/\/shop.belar.md\/ro\/wp-json\/wp\/v2\/media?parent=2146"}],"wp:term":[{"taxonomy":"product_cat","embeddable":true,"href":"https:\/\/shop.belar.md\/ro\/wp-json\/wp\/v2\/product_cat?post=2146"},{"taxonomy":"product_tag","embeddable":true,"href":"https:\/\/shop.belar.md\/ro\/wp-json\/wp\/v2\/product_tag?post=2146"}],"curies":[{"name":"wp","href":"https:\/\/api.w.org\/{rel}","templated":true}]}}