{"id":2141,"date":"2022-08-09T09:43:20","date_gmt":"2022-08-09T09:43:20","guid":{"rendered":"https:\/\/shop.belar.md\/?post_type=product&#038;p=2141"},"modified":"2026-04-19T05:00:47","modified_gmt":"2026-04-19T05:00:47","slug":"dikson-argabeta-shampoo-repair-500ml","status":"publish","type":"product","link":"https:\/\/shop.belar.md\/ro\/product\/dikson-argabeta-shampoo-repair-500ml\/","title":{"rendered":"DIKSON ARGABETA SHAMPOO REPAIR 500ML"},"content":{"rendered":"<p>Cur\u0103\u021b\u0103 delicat p\u0103rul sensibil, deteriorat, datorit\u0103 proteinei de orez hidrolizate \u0219i proteinei de soia hidrolizate, p\u0103rul re\u021bine umezeala \u00een structur\u0103, devine mai elastic, p\u0103streaz\u0103 str\u0103lucirea. Componentele de \u00eengrijire, proteinele B5, polizaharidele \u00eenmoaie \u0219i condi\u021bioneaz\u0103 structura deteriorat\u0103 a p\u0103rului.<\/p>\n<p><strong>Aplica\u021bie:<\/strong> aplica\u021bi pe p\u0103rul curat \u0219i umed. Realiza\u021bi formarea spumei cu mi\u0219c\u0103ri u\u0219oare de masaj. Cl\u0103ti\u021bi bine cu ap\u0103. Repeta\u021bi sp\u0103larea de dou\u0103 ori.<br \/>\n<strong>Ingrediente:<\/strong> AQUA, laurilsulfat de amoniu, SURFACTANT, sulfat de Miret de sodiu, clorur\u0103 de sodiu, cocamidopropil betain\u0103, protein\u0103 de soia hidrolizat\u0103, protein\u0103 de orez hidrolizat\u0103, PARFUM.<br \/>\n<strong>Volum:<\/strong> 500 ml<\/p>\n<p><a href=\"https:\/\/shop.belar.md\/product\/dikson-argabeta-shampoo-repair-1000ml\/\">* de asemenea, disponibil \u00eentr-un volum de 1000ml.<\/a><\/p>","protected":false},"excerpt":{"rendered":"<p>\u0218ampon pentru p\u0103r sl\u0103bit \u0219i deteriorat chimic<\/p>\n","protected":false},"featured_media":2143,"template":"","meta":[],"product_cat":[509],"product_tag":[],"_links":{"self":[{"href":"https:\/\/shop.belar.md\/ro\/wp-json\/wp\/v2\/product\/2141"}],"collection":[{"href":"https:\/\/shop.belar.md\/ro\/wp-json\/wp\/v2\/product"}],"about":[{"href":"https:\/\/shop.belar.md\/ro\/wp-json\/wp\/v2\/types\/product"}],"wp:featuredmedia":[{"embeddable":true,"href":"https:\/\/shop.belar.md\/ro\/wp-json\/wp\/v2\/media\/2143"}],"wp:attachment":[{"href":"https:\/\/shop.belar.md\/ro\/wp-json\/wp\/v2\/media?parent=2141"}],"wp:term":[{"taxonomy":"product_cat","embeddable":true,"href":"https:\/\/shop.belar.md\/ro\/wp-json\/wp\/v2\/product_cat?post=2141"},{"taxonomy":"product_tag","embeddable":true,"href":"https:\/\/shop.belar.md\/ro\/wp-json\/wp\/v2\/product_tag?post=2141"}],"curies":[{"name":"wp","href":"https:\/\/api.w.org\/{rel}","templated":true}]}}