{"id":2137,"date":"2022-08-09T09:30:34","date_gmt":"2022-08-09T09:30:34","guid":{"rendered":"https:\/\/shop.belar.md\/?post_type=product&#038;p=2137"},"modified":"2026-04-20T05:06:05","modified_gmt":"2026-04-20T05:06:05","slug":"dikson-argabeta-beauty-oil-100-ml","status":"publish","type":"product","link":"https:\/\/shop.belar.md\/ro\/product\/dikson-argabeta-beauty-oil-100-ml\/","title":{"rendered":"DIKSON ARGABETA BEAUTY OIL 100 ML"},"content":{"rendered":"<p>Potrivit pentru toate tipurile de p\u0103r, pe baz\u0103 de ulei de argan. Se absoarbe instantaneu f\u0103r\u0103 a l\u0103sa urme grase. Datorit\u0103 combina\u021biei de componente de protec\u021bie \u0219i filtre UV din compozi\u021bie, uleiul este capabil s\u0103 protejeze \u00eempotriva efectelor nocive ale mediului. Uleiul hr\u0103ne\u0219te, hidrateaz\u0103, p\u0103streaz\u0103 elasticitatea, str\u0103lucirea \u0219i netezirea p\u0103rului. Nu con\u021bine ingrediente de origine animal\u0103 sau cele pentru care au fost utilizate animale.<\/p>\n<p><strong>Aplica\u021bie:<\/strong> pentru styling \u0219i eliminarea efectului de fluffiness:<br \/>\n* Aplica\u021bi c\u00e2teva pic\u0103turi de ulei pe p\u0103rul umed.<br \/>\n* Du-te la styling.<br \/>\n<strong>Ingrediente:<\/strong> CYCLOPENTASILOXANE, DIMETHICONOL, ARGANIA SPINOSA KERNEL OIL, HELIANTHUS ANNUUS SEED OIL, BETA-CAROTENE, ETHYLHEXYL METHOXYCINNAMATE, BUTYL METHOXYDIBENZOYLMETHANE, EYHYLHEXYL SALICYLATE, PARFUM, LINALOOL, LIMONENE.<br \/>\n<strong>Volum:<\/strong> 100 ml.<\/p>\n<p><a href=\"https:\/\/shop.belar.md\/product\/dikson-argabeta-beauty-oil-30-ml\/\">* disponibil \u00eentr-un volum de 30 ml.<\/a><\/p>","protected":false},"excerpt":{"rendered":"<p>Ulei pentru toate tipurile de p\u0103r<\/p>\n","protected":false},"featured_media":2140,"template":"","meta":[],"product_cat":[509],"product_tag":[],"_links":{"self":[{"href":"https:\/\/shop.belar.md\/ro\/wp-json\/wp\/v2\/product\/2137"}],"collection":[{"href":"https:\/\/shop.belar.md\/ro\/wp-json\/wp\/v2\/product"}],"about":[{"href":"https:\/\/shop.belar.md\/ro\/wp-json\/wp\/v2\/types\/product"}],"wp:featuredmedia":[{"embeddable":true,"href":"https:\/\/shop.belar.md\/ro\/wp-json\/wp\/v2\/media\/2140"}],"wp:attachment":[{"href":"https:\/\/shop.belar.md\/ro\/wp-json\/wp\/v2\/media?parent=2137"}],"wp:term":[{"taxonomy":"product_cat","embeddable":true,"href":"https:\/\/shop.belar.md\/ro\/wp-json\/wp\/v2\/product_cat?post=2137"},{"taxonomy":"product_tag","embeddable":true,"href":"https:\/\/shop.belar.md\/ro\/wp-json\/wp\/v2\/product_tag?post=2137"}],"curies":[{"name":"wp","href":"https:\/\/api.w.org\/{rel}","templated":true}]}}