{"id":2129,"date":"2022-08-09T07:37:50","date_gmt":"2022-08-09T07:37:50","guid":{"rendered":"https:\/\/shop.belar.md\/?post_type=product&#038;p=2129"},"modified":"2026-04-30T08:01:19","modified_gmt":"2026-04-30T05:01:19","slug":"dikson-argabeta-daily-use-shampoo-1000ml","status":"publish","type":"product","link":"https:\/\/shop.belar.md\/ro\/product\/dikson-argabeta-daily-use-shampoo-1000ml\/","title":{"rendered":"DIKSON ARGABETA DAILY USE SHAMPOO 1000ml"},"content":{"rendered":"<p>\u0218amponul \u00eendep\u0103rteaz\u0103 perfect orice fel de contaminare din p\u0103r \u0219i scalp. \u0218amponul con\u021bine ulei de ARGAN care hr\u0103ne\u0219te, \u00eent\u0103re\u0219te, regener\u0103 p\u0103rul \u0219i pielea, confer\u0103 elasticitate \u0219i densitate. Solu\u021bia perfect\u0103 pentru fiecare zi pentru toate tipurile de p\u0103r. Nu con\u021bine ingrediente de origine animal\u0103 sau cele pentru care au fost utilizate animale.<\/p>\n<p><strong>Aplica\u021bie:<\/strong> aplica\u021bi pe p\u0103rul umed cu mi\u0219c\u0103ri de masaj pentru a ob\u021bine formarea de spum\u0103. Cl\u0103ti\u021bi bine cu ap\u0103. Repeta\u021bi sp\u0103larea de dou\u0103 ori.<br \/>\n<strong>Ingrediente:<\/strong> AQUA, laurilsulfat de amoniu, sulfat de Miret de sodiu, clorur\u0103 de sodiu, cocamidopropil betain\u0103, glicerin\u0103, lauret-5, propilen glicol, ulei de s\u00e2mbure Argania SPINOSA, PARFUM, LINALOOL, METILCLOROIZOTIAZOLINON\u0102, metilizotiazolinon\u0103.<br \/>\n<strong>Volum<\/strong> 1000 ml<\/p>","protected":false},"excerpt":{"rendered":"<p>\u0218ampon pentru \u00eengrijirea zilnic\u0103 a p\u0103rului<\/p>\n","protected":false},"featured_media":2131,"template":"","meta":[],"product_cat":[509],"product_tag":[],"_links":{"self":[{"href":"https:\/\/shop.belar.md\/ro\/wp-json\/wp\/v2\/product\/2129"}],"collection":[{"href":"https:\/\/shop.belar.md\/ro\/wp-json\/wp\/v2\/product"}],"about":[{"href":"https:\/\/shop.belar.md\/ro\/wp-json\/wp\/v2\/types\/product"}],"wp:featuredmedia":[{"embeddable":true,"href":"https:\/\/shop.belar.md\/ro\/wp-json\/wp\/v2\/media\/2131"}],"wp:attachment":[{"href":"https:\/\/shop.belar.md\/ro\/wp-json\/wp\/v2\/media?parent=2129"}],"wp:term":[{"taxonomy":"product_cat","embeddable":true,"href":"https:\/\/shop.belar.md\/ro\/wp-json\/wp\/v2\/product_cat?post=2129"},{"taxonomy":"product_tag","embeddable":true,"href":"https:\/\/shop.belar.md\/ro\/wp-json\/wp\/v2\/product_tag?post=2129"}],"curies":[{"name":"wp","href":"https:\/\/api.w.org\/{rel}","templated":true}]}}