{"id":2112,"date":"2022-08-08T10:03:46","date_gmt":"2022-08-08T10:03:46","guid":{"rendered":"https:\/\/shop.belar.md\/?post_type=product&#038;p=2112"},"modified":"2026-04-17T05:00:53","modified_gmt":"2026-04-17T05:00:53","slug":"dikson-luxury-caviar-treatment","status":"publish","type":"product","link":"https:\/\/shop.belar.md\/ro\/product\/dikson-luxury-caviar-treatment\/","title":{"rendered":"DIKSON LUXURY CAVIAR TREATMENT"},"content":{"rendered":"<p>Cu ajutorul complexului de tratament Dikson Luxury Caviar, v\u0103 pute\u021bi proteja buclele de \u00eemb\u0103tr\u00e2nire \u0219i le pute\u021bi \u00eenc\u0103rca cu energia multor componente utile. \u00cengrijirea firelor cu acest produs ofer\u0103 protec\u021bie \u00eempotriva \u00eemb\u0103tr\u00e2nirii la nivel celular. Ingredientele speciale satureaz\u0103 fiecare p\u0103r cu vitamine \u0219i aminoacizi, care ajut\u0103 la \u00eembun\u0103t\u0103\u021birea proceselor metabolice din celule \u0219i accelereaz\u0103 re\u00eennoirea lor. Produsul con\u021bine oligopeptide responsabile de \u00eentinerirea intens\u0103 a straturilor exterioare \u0219i interioare ale p\u0103rului, inclusiv cortexul.<\/p>\n<p>Ave\u021bi grij\u0103 de firele dvs. \u00een mod regulat \u0219i cuprinz\u0103tor, singurul mod \u00een care pute\u021bi fi siguri c\u0103 tinere\u021bea \u0219i frumuse\u021bea lor vor dura pentru totdeauna. Dikson Hair Care kit v\u0103 va ajuta cu nutri\u021bie intensiv\u0103 \u0219i hidratare.<\/p>\n<p><strong>Mod de utilizare:<\/strong> Se amestec\u0103 bine con\u021binutul unei fiole (10 ml) \u0219i 30 ml de crem\u0103 de condi\u021bionare din kit. Aplica\u021bi pe p\u0103rul umed, pre-sp\u0103lat, distribuind uniform con\u021binutul. Masa\u021bi p\u0103rul de la r\u0103d\u0103cini la v\u00e2rfuri \u0219i pieptene \u00een toate direc\u021biile. Se las\u0103 s\u0103 ac\u021bioneze 10 minute \u0219i se cl\u0103te\u0219te bine. \u00cenainte de uscare, pulveriza\u021bi serul Dikson Luxury Caviar \u00een dou\u0103 faze uniform pe p\u0103r.<\/p>","protected":false},"excerpt":{"rendered":"<p>Suit\u0103 de ser regenerant cu extract de caviar 8&#215;10 ml + crem\u0103 revitalizant\u0103 cu caviar Complexe 250 ml<\/p>\n","protected":false},"featured_media":2113,"template":"","meta":[],"product_cat":[509],"product_tag":[],"_links":{"self":[{"href":"https:\/\/shop.belar.md\/ro\/wp-json\/wp\/v2\/product\/2112"}],"collection":[{"href":"https:\/\/shop.belar.md\/ro\/wp-json\/wp\/v2\/product"}],"about":[{"href":"https:\/\/shop.belar.md\/ro\/wp-json\/wp\/v2\/types\/product"}],"wp:featuredmedia":[{"embeddable":true,"href":"https:\/\/shop.belar.md\/ro\/wp-json\/wp\/v2\/media\/2113"}],"wp:attachment":[{"href":"https:\/\/shop.belar.md\/ro\/wp-json\/wp\/v2\/media?parent=2112"}],"wp:term":[{"taxonomy":"product_cat","embeddable":true,"href":"https:\/\/shop.belar.md\/ro\/wp-json\/wp\/v2\/product_cat?post=2112"},{"taxonomy":"product_tag","embeddable":true,"href":"https:\/\/shop.belar.md\/ro\/wp-json\/wp\/v2\/product_tag?post=2112"}],"curies":[{"name":"wp","href":"https:\/\/api.w.org\/{rel}","templated":true}]}}