{"id":2042,"date":"2022-08-05T09:16:40","date_gmt":"2022-08-05T09:16:40","guid":{"rendered":"https:\/\/shop.belar.md\/?post_type=product&#038;p=2042"},"modified":"2026-04-20T05:02:10","modified_gmt":"2026-04-20T05:02:10","slug":"dikson-structur-fort","status":"publish","type":"product","link":"https:\/\/shop.belar.md\/ro\/product\/dikson-structur-fort\/","title":{"rendered":"DIKSON STRUCTUR FORT"},"content":{"rendered":"<p><\/p>\n<div class=\"row\">\n<div id=\"tabs\" class=\"uni-tabs ui-tabs ui-widget ui-widget-content ui-corner-all\">\n<div id=\"description\" class=\"description uni-text-default ui-tabs-panel ui-widget-content ui-corner-bottom\" role=\"tabpanel\" aria-labelledby=\"ui-id-1\" aria-expanded=\"true\" aria-hidden=\"false\">\n<p>Datorit\u0103 prezen\u021bei proteinelor de m\u0103tase, a colagenului \u0219i a complexului de vitamine, restabile\u0219te perfect structura p\u0103rului, p\u0103trunde \u00een straturile profunde ale cuticulei, restabile\u0219te stratul deteriorat de p\u0103r. Perfect hidrateaz\u0103, hr\u0103ne\u0219te din interior, d\u0103 elasticitate p\u0103rului. Ideal pentru restaurarea p\u0103rului sub\u021bire, sl\u0103bit. Perfect combinat cu toate fiolele pentru tratamentul scalpului.<br \/>\n<strong>Aplica\u021bie:<\/strong> aplica\u021bi con\u021binutul fiolei pe p\u0103rul curat, prosop, lucra\u021bi \u00eentreaga suprafa\u021b\u0103 a p\u0103rului cu mi\u0219c\u0103ri asem\u0103n\u0103toare greblei, realiza\u021bi formarea spumei. Pute\u021bi pune p\u0103rul \u00eentr-un capac din polietilen\u0103. Rezist\u0103 15-20 de minute, \u00een func\u021bie de gradul de deteriorare a p\u0103rului. Cl\u0103ti\u021bi cu mult\u0103 ap\u0103 f\u0103r\u0103 a utiliza \u0219ampon. Finaliza\u021bi procedura aplic\u00e2nd un balsam \u00een func\u021bie de tipul de p\u0103r cu un con\u021binut de pH acid. Dac\u0103 este necesar, este posibil\u0103 aplicarea cursului.<br \/>\n<strong>Ingrediente:<\/strong> METHOXYISOPROPANOL, WATER, ALCOHOL DENAT., LAURYL ALCOHOL, PEG-15 COCOPOLYAMINE, CETRIMONIUM CHLORIE, MYRISTYL ALCOHOL, LACTIC ACID, METHYL SALICYLATE, ZINC GLUCONATE, MANGANSE GLUCONATE, COPPER GLUCONATE, PARFUM, BENZYL SALICYLATE.<br \/>\n<strong>Volum:<\/strong> 10 x 12ml<\/p>\n<\/div>\n<\/div>\n<\/div>\n<p><\/p>","protected":false},"excerpt":{"rendered":"<p>Ampule pentru restaurarea p\u0103rului lipsit de via\u021b\u0103, despicat.<\/p>\n","protected":false},"featured_media":2043,"template":"","meta":[],"product_cat":[509],"product_tag":[],"_links":{"self":[{"href":"https:\/\/shop.belar.md\/ro\/wp-json\/wp\/v2\/product\/2042"}],"collection":[{"href":"https:\/\/shop.belar.md\/ro\/wp-json\/wp\/v2\/product"}],"about":[{"href":"https:\/\/shop.belar.md\/ro\/wp-json\/wp\/v2\/types\/product"}],"wp:featuredmedia":[{"embeddable":true,"href":"https:\/\/shop.belar.md\/ro\/wp-json\/wp\/v2\/media\/2043"}],"wp:attachment":[{"href":"https:\/\/shop.belar.md\/ro\/wp-json\/wp\/v2\/media?parent=2042"}],"wp:term":[{"taxonomy":"product_cat","embeddable":true,"href":"https:\/\/shop.belar.md\/ro\/wp-json\/wp\/v2\/product_cat?post=2042"},{"taxonomy":"product_tag","embeddable":true,"href":"https:\/\/shop.belar.md\/ro\/wp-json\/wp\/v2\/product_tag?post=2042"}],"curies":[{"name":"wp","href":"https:\/\/api.w.org\/{rel}","templated":true}]}}