{"id":2040,"date":"2022-08-05T09:10:18","date_gmt":"2022-08-05T09:10:18","guid":{"rendered":"https:\/\/shop.belar.md\/?post_type=product&#038;p=2040"},"modified":"2026-04-20T05:02:10","modified_gmt":"2026-04-20T05:02:10","slug":"dikson-ristrutturante","status":"publish","type":"product","link":"https:\/\/shop.belar.md\/ro\/product\/dikson-ristrutturante\/","title":{"rendered":"DIKSON RISTRUTTURANTE"},"content":{"rendered":"<p>Datorit\u0103 formulei speciale a produsului, care este similar\u0103 cu structura proteic\u0103 a p\u0103rului, afecteaz\u0103 \u00een mod direct zonele deteriorate ale p\u0103rului de-a lungul lungimii. Complexul mineral aliniaz\u0103 structura p\u0103rului de-a lungul lungimii, ca \u0219i cum ar &#8220;proteza&#8221; toate p\u0103r\u021bile pierdute ale p\u0103rului. Medicamentul este ideal dup\u0103 toate tipurile de tratament chimic al p\u0103rului, ca o restaurare. NU SE APLIC\u0102 PE SCALP! Este perfect potrivit pentru \u00eengrijirea SPA \u00een salon, poate fi suplimentat cu o masc\u0103 de ambalaj pe baz\u0103 de plante \u0219i, de asemenea, combinat cu toate fiolele pentru \u00eengrijirea scalpului.<\/p>\n<p><strong>Aplica\u021bie:<\/strong> aplica\u021bi con\u021binutul fiolei pe p\u0103rul curat, prosop, masa\u021bi \u00eentreaga suprafa\u021b\u0103 a p\u0103rului cu mi\u0219c\u0103ri de masaj, realiza\u021bi formarea spumei. Pute\u021bi pune p\u0103rul \u00eentr-un capac din polietilen\u0103. Rezist\u0103 15-20 de minute, \u00een func\u021bie de gradul de deteriorare a p\u0103rului. Cl\u0103ti\u021bi cu mult\u0103 ap\u0103 f\u0103r\u0103 a utiliza \u0219ampon. Finaliza\u021bi procedura aplic\u00e2nd un balsam \u00een func\u021bie de tipul de p\u0103r cu un con\u021binut de pH acid. Dac\u0103 este necesar, este posibil\u0103 aplicarea cursului.<\/p>\n<p><strong>Ingrediente:<\/strong> METHOXYISOPROPANOL, WATER, ALCOHOL DENAT., LAURYL ALCOHOL, PEG-15 COCOPOLYAMINE, CETRIMONIUM CHLORIE, MYRISTYL ALCOHOL, LACTIC ACID, METHYL SALICYLATE, PARFUM, BENZYL SALICYLATE.<\/p>\n<p><strong>Volum:<\/strong> 12 x 12ml<\/p>","protected":false},"excerpt":{"rendered":"<p>Un complex de restructurare pentru restaurarea p\u0103rului deteriorat.<\/p>\n","protected":false},"featured_media":2051,"template":"","meta":[],"product_cat":[509],"product_tag":[],"_links":{"self":[{"href":"https:\/\/shop.belar.md\/ro\/wp-json\/wp\/v2\/product\/2040"}],"collection":[{"href":"https:\/\/shop.belar.md\/ro\/wp-json\/wp\/v2\/product"}],"about":[{"href":"https:\/\/shop.belar.md\/ro\/wp-json\/wp\/v2\/types\/product"}],"wp:featuredmedia":[{"embeddable":true,"href":"https:\/\/shop.belar.md\/ro\/wp-json\/wp\/v2\/media\/2051"}],"wp:attachment":[{"href":"https:\/\/shop.belar.md\/ro\/wp-json\/wp\/v2\/media?parent=2040"}],"wp:term":[{"taxonomy":"product_cat","embeddable":true,"href":"https:\/\/shop.belar.md\/ro\/wp-json\/wp\/v2\/product_cat?post=2040"},{"taxonomy":"product_tag","embeddable":true,"href":"https:\/\/shop.belar.md\/ro\/wp-json\/wp\/v2\/product_tag?post=2040"}],"curies":[{"name":"wp","href":"https:\/\/api.w.org\/{rel}","templated":true}]}}