{"id":1916,"date":"2022-07-01T09:34:16","date_gmt":"2022-07-01T09:34:16","guid":{"rendered":"https:\/\/shop.belar.md\/?post_type=product&#038;p=1916"},"modified":"2026-04-18T05:02:48","modified_gmt":"2026-04-18T05:02:48","slug":"after-sun-lotion-2","status":"publish","type":"product","link":"https:\/\/shop.belar.md\/ro\/product\/after-sun-lotion-2\/","title":{"rendered":"AFTER SUN LOTION"},"content":{"rendered":"<p>Expunerea la razele ultraviolete duce la modific\u0103ri ale acidului dezoxiribonucleic (ADN) al nucleelor celulare fie direct, fie prin radicalii liberi forma\u021bi. Dac\u0103 expunerea la soare nu a fost prea intens\u0103, celulele sunt capabile s\u0103 repare daunele \u00een 24 de ore. Dac\u0103 mecanismele proprii de reparare ale celulei sunt supra\u00eenc\u0103rcate, deteriorarea cronic\u0103 asociat\u0103 cu expunerea la lumina soarelui duce la \u00eemb\u0103tr\u00e2nirea prematur\u0103 a pielii.<br \/>\n\u00cen func\u021bie de intensitatea radia\u021biei \u0219i de fototipul pielii, poate ap\u0103rea o senza\u021bie de c\u0103ldur\u0103 dup\u0103 plaj\u0103, \u00eenso\u021bit\u0103 de ro\u0219ea\u021b\u0103 \u00eentr-o m\u0103sur\u0103 mai mare sau mai mic\u0103. Acest lucru se \u00eent\u00e2mpl\u0103 chiar \u0219i dup\u0103 utilizarea produselor de protec\u021bie solar\u0103. Prin urmare, dup\u0103 expunerea la soare, este necesar s\u0103 ave\u021bi grij\u0103 cu aten\u021bie pentru piele.<br \/>\nDup\u0103 ce lo\u021biunea de soare cu propriet\u0103\u021bi anti-v\u00e2rst\u0103 restabile\u0219te pielea afectat\u0103 de soare \u0219i o protejeaz\u0103 de \u00eemb\u0103tr\u00e2nirea prematur\u0103. Textura u\u0219oar\u0103 este absorbit\u0103 rapid, se r\u0103ce\u0219te \u0219i se re\u00eemprosp\u0103teaz\u0103, restabilind instantaneu confortul pielii. Formula lotiunii este \u00eembog\u0103\u021bit\u0103 cu ingrediente naturale care compenseaz\u0103 deficien\u021ba de umiditate, elimin\u0103 ro\u0219ea\u021ba \u0219i iritarea pielii, prelungesc durabilitatea \u0219i frumuse\u021bea unui bronz uniform.<\/p>\n<p>Formula profesionala imbogatita cu ingrediente naturale<br \/>\nAre propriet\u0103\u021bi anti-v\u00e2rst\u0103<br \/>\nSprijin\u0103 regenerarea natural\u0103 a pielii<br \/>\nCalmeaz\u0103, re\u00eemprosp\u0103teaz\u0103, \u00eenmoaie \u0219i neteze\u0219te pielea dup\u0103 expunerea la soare<br \/>\nPrelunge\u0219te durabilitatea bronz\u0103rii<br \/>\nOfer\u0103 prevenirea \u00eemb\u0103tr\u00e2nirii premature a pielii<\/p>\n<p>Aplica\u021bi dup\u0103 lo\u021biune de soare pentru a cur\u0103\u021ba pielea dup\u0103 plaj\u0103 sau bronzare.<\/p>","protected":false},"excerpt":{"rendered":"<p>Lapte regenerant calmant dup\u0103 arsuri solare<\/p>\n","protected":false},"featured_media":1917,"template":"","meta":[],"product_cat":[60],"product_tag":[],"_links":{"self":[{"href":"https:\/\/shop.belar.md\/ro\/wp-json\/wp\/v2\/product\/1916"}],"collection":[{"href":"https:\/\/shop.belar.md\/ro\/wp-json\/wp\/v2\/product"}],"about":[{"href":"https:\/\/shop.belar.md\/ro\/wp-json\/wp\/v2\/types\/product"}],"wp:featuredmedia":[{"embeddable":true,"href":"https:\/\/shop.belar.md\/ro\/wp-json\/wp\/v2\/media\/1917"}],"wp:attachment":[{"href":"https:\/\/shop.belar.md\/ro\/wp-json\/wp\/v2\/media?parent=1916"}],"wp:term":[{"taxonomy":"product_cat","embeddable":true,"href":"https:\/\/shop.belar.md\/ro\/wp-json\/wp\/v2\/product_cat?post=1916"},{"taxonomy":"product_tag","embeddable":true,"href":"https:\/\/shop.belar.md\/ro\/wp-json\/wp\/v2\/product_tag?post=1916"}],"curies":[{"name":"wp","href":"https:\/\/api.w.org\/{rel}","templated":true}]}}