{"id":1738,"date":"2022-01-10T13:31:48","date_gmt":"2022-01-10T13:31:48","guid":{"rendered":"https:\/\/shop.belar.md\/?post_type=product&#038;p=1738"},"modified":"2026-05-01T08:03:12","modified_gmt":"2026-05-01T05:03:12","slug":"face-guard-advanced","status":"publish","type":"product","link":"https:\/\/shop.belar.md\/ro\/product\/face-guard-advanced\/","title":{"rendered":"Emulsie u\u0219oar\u0103 SPF 30 de protec\u021bie avansat\u0103 UVA-, UVB- \u0219i IR-"},"content":{"rendered":"<p><span style=\"font-weight: 400;\">O emulsie cremoas\u0103, u\u0219oar\u0103, cu arom\u0103 neutr\u0103, con\u021bine filtre UVA \u0219i UVB de ultim\u0103 genera\u021bie, precum \u0219i un ingredient unic &#8211; o enzim\u0103 din bacteria Thermus thermophilus, care restabile\u0219te leziunile cauzate de radia\u021biile infraro\u0219ii. O alt\u0103 component\u0103 cheie este Ectoin\u00ae (ectoin\u0103) &#8211; un puternic antioxidant natural, care cre\u0219te rezisten\u021ba celulelor pielii la stresul cauzat de influen\u021ba negativ\u0103 a factorilor de mediu \u0219i \u00eent\u0103re\u0219te func\u021bia de barier\u0103 cutanat\u0103.<\/span><\/p>\n<p><span style=\"font-weight: 400;\">Cu Face Guard Advanced, pielea r\u0103m\u00e2ne sigur protejat\u0103 chiar \u0219i \u00een perioadele de insola\u021bie ridicat\u0103. Emulsia hidrateaz\u0103 perfect, se absoarbe rapid \u0219i poate fi combinat\u0103 cu orice crem\u0103 de zi.\u00a0<\/span><\/p>\n<p><b><i>Avantaje:<\/i><\/b><\/p>\n<ul>\n<li style=\"font-weight: 400;\" aria-level=\"1\"><span style=\"font-weight: 400;\">baz\u0103 de protec\u021bie solar\u0103 2 \u00een 1 \u00eempotriva radia\u021biilor ultraviolete \u0219i infraro\u0219ii;<\/span><\/li>\n<li style=\"font-weight: 400;\" aria-level=\"1\"><span style=\"font-weight: 400;\">efect antioxidant puternic, protej\u00e2nd pielea de \u00eemb\u0103tr\u00e2nirea prematur\u0103 la nivel celular;<\/span><\/li>\n<li style=\"font-weight: 400;\" aria-level=\"1\"><span style=\"font-weight: 400;\">hidratare intensiv\u0103 \u0219i prevenirea deshidrat\u0103rii;<\/span><\/li>\n<li style=\"font-weight: 400;\" aria-level=\"1\"><span style=\"font-weight: 400;\">textur\u0103 pl\u0103cut\u0103 &#8211; se absoarbe rapid \u0219ii se combin\u0103 cu orice crem\u0103 de zi;<\/span><\/li>\n<li style=\"font-weight: 400;\" aria-level=\"1\"><span style=\"font-weight: 400;\">e potrivit\u0103 pentru toate tipurile de piele, pentru orice v\u00e2rst\u0103;<\/span><\/li>\n<li style=\"font-weight: 400;\" aria-level=\"1\"><span style=\"font-weight: 400;\">produs potrivit \u0219i b\u0103rba\u021bilor;<\/span><\/li>\n<li style=\"font-weight: 400;\" aria-level=\"1\"><span style=\"font-weight: 400;\">un must-have pentru perioada de activitate solar\u0103.<\/span><\/li>\n<\/ul>\n<p><b><i>Inova\u021bii, componente active:<\/i><\/b><\/p>\n<ul>\n<li><b>Dietilamino hidroxibenzoil hexil benzoat<\/b><span style=\"font-weight: 400;\">: filtru organic, solubil, UVA fotostabil.<\/span><\/li>\n<li><b>Etilhexil triazon\u0103<\/b><span style=\"font-weight: 400;\">: filtru UVB organic, fotostabil.<\/span><\/li>\n<li><b>Bis-etilhexiloxifenol metoxifenil triazina<\/b><span style=\"font-weight: 400;\">: filtru organic, solubil, fotostabil cu spectru larg de ac\u021biune.<\/span><\/li>\n<li><b>Enzime Thermus thermophilus<\/b><span style=\"font-weight: 400;\">: o enzime ob\u021binut\u0103 biotehnologic, care ac\u021bioneaz\u0103 ca un antioxidant puternic, neutralizeaz\u0103 radicalii liberi, protejeaz\u0103 de leziunile produse de razele IR. Este cel mai activ \u00een momentul cre\u0219terii temperaturii, ceea ce este foarte important pentru solu\u021biile de protec\u021bie solar\u0103.<\/span><\/li>\n<li><b>Ectoine\u00ae<\/b><span style=\"font-weight: 400;\">: component ob\u021binut pe cale biotehnologic\u0103 din microorganisme, protejeaz\u0103 celulele \u0219i spore\u0219te rezisten\u021ba pielii la factorii mediului extern, de asemenea, regleaz\u0103 con\u021binutul de umiditate din celule.<\/span><\/li>\n<li><b>Acid hialuronic (greutate molecular\u0103 mic\u0103 \u0219i mare)<\/b><span style=\"font-weight: 400;\">: asigur\u0103 hidratare intensiv\u0103 a pielii \u0219i estompeaz\u0103 apari\u021bia ridurilor.<\/span><\/li>\n<li><b>Glicerin\u0103: <\/b><span style=\"font-weight: 400;\">Hidrateaz\u0103 \u0219i catifeleaz\u0103 pielea.<\/span><\/li>\n<\/ul>\n<p><b><i>Mod de utilizare:\u00a0<\/i><\/b><span style=\"font-weight: 400;\">Aplica\u021bi <\/span><i><span style=\"font-weight: 400;\">Face Guard<\/span><\/i><span style=\"font-weight: 400;\"> diminea\u021ba, pe tenul cur\u0103\u021bat prealabil. Deasupra aplica\u021bi crema corespunz\u0103toare tipului pielii. Poate fi utilizat ca produs independent sau aplicat peste ser.<\/span><\/p>\n<p><span style=\"font-weight: 400;\">\u00a0Lifehack &#8211; Face Guard v\u0103 poate proteja de petele pigmentare de pe m\u00e2ini &#8211; aplica\u021bi emulsia pe dosul palmelor de c\u00e2teva ori pe zi. <\/span><\/p>","protected":false},"excerpt":{"rendered":"<p>FACE GUARD ADVANCED spf 30, 30 ml<\/p>\n","protected":false},"featured_media":1739,"template":"","meta":[],"product_cat":[40,41],"product_tag":[],"_links":{"self":[{"href":"https:\/\/shop.belar.md\/ro\/wp-json\/wp\/v2\/product\/1738"}],"collection":[{"href":"https:\/\/shop.belar.md\/ro\/wp-json\/wp\/v2\/product"}],"about":[{"href":"https:\/\/shop.belar.md\/ro\/wp-json\/wp\/v2\/types\/product"}],"wp:featuredmedia":[{"embeddable":true,"href":"https:\/\/shop.belar.md\/ro\/wp-json\/wp\/v2\/media\/1739"}],"wp:attachment":[{"href":"https:\/\/shop.belar.md\/ro\/wp-json\/wp\/v2\/media?parent=1738"}],"wp:term":[{"taxonomy":"product_cat","embeddable":true,"href":"https:\/\/shop.belar.md\/ro\/wp-json\/wp\/v2\/product_cat?post=1738"},{"taxonomy":"product_tag","embeddable":true,"href":"https:\/\/shop.belar.md\/ro\/wp-json\/wp\/v2\/product_tag?post=1738"}],"curies":[{"name":"wp","href":"https:\/\/api.w.org\/{rel}","templated":true}]}}