{"id":1726,"date":"2022-01-10T10:51:57","date_gmt":"2022-01-10T10:51:57","guid":{"rendered":"https:\/\/shop.belar.md\/?post_type=product&#038;p=1726"},"modified":"2026-04-18T05:02:47","modified_gmt":"2026-04-18T05:02:47","slug":"irresistible-eye-elixir","status":"publish","type":"product","link":"https:\/\/shop.belar.md\/ro\/product\/irresistible-eye-elixir\/","title":{"rendered":"Ser instant, cu aplicator de tip rol\u0103 pentru ochii obosi\u021bi \u0219i umfla\u021bi"},"content":{"rendered":"<p><span style=\"font-weight: 400;\">Un gel hidratant ultra-u\u0219or cu efect r\u0103coritor &#8211; un produs indispensabil \u00een orice situa\u021bie \u00een care trebuie s\u0103 sc\u0103pa\u021bi de semnele de oboseal\u0103 \u0219i lipsa somnului, s\u0103 reduce\u021bi umfl\u0103turile \u0219i s\u0103 ad\u0103uga\u021bi str\u0103lucire ochilor. Formatul modern \u0219i practic de ambalaj, cu aplicator roll-on, v\u0103 permite s\u0103 \u00eel utiliza\u021bi ori de c\u00e2te ori este nevoie. Re\u00eemprosp\u0103teaz\u0103 instantaneu, tonific\u0103 \u0219i hidrateaz\u0103 intens pielea, are un efect calmant. Un masaj pl\u0103cut cu rola stimuleaz\u0103 microcircula\u021bia, ofer\u0103 un lifting vizibil, ajut\u0103 la ameliorarea tensiunii din zona din jurul ochilor \u0219i red\u0103 senza\u021bia de confort. Complexul de peptide \u00eembun\u0103t\u0103\u021be\u0219te calitatea pielii &#8211; prin utilizarea zilnic\u0103 a serului, pielea din jurul ochilor arat\u0103 mai elastic\u0103, dens\u0103, tinereasc\u0103 \u0219i tonifiat\u0103. Reduce ridurile, pungile de sub ochi \u0219i cearc\u0103nele. Potrivit pentru to\u021bi purt\u0103torii de lentile de contact. Textura este m\u0103t\u0103soas\u0103, imponderabil\u0103, cu textur\u0103 de gel u\u0219or, incolor\u0103 \u0219i transparent\u0103. Aroma este inodor\u0103.<\/span><\/p>\n<p><b><i>Avantaje:<\/i><\/b><\/p>\n<ul>\n<li style=\"font-weight: 400;\" aria-level=\"1\"><span style=\"font-weight: 400;\">esen\u021bial pentru ochii obosi\u021bi \u0219i umfla\u021bi \u2013 elimin\u0103 instantaneu semnele de oboseal\u0103 \u0219i \u201elips\u0103 de somn\u201d;<\/span><\/li>\n<li style=\"font-weight: 400;\" aria-level=\"1\"><span style=\"font-weight: 400;\">\u201e5 \u00een 1\u201d \u2013 hidrateaz\u0103 \u0219i calmeaz\u0103 pielea, reduce edemul,\u00a0 ridurile \u0219i cearc\u0103nele;<\/span><\/li>\n<li style=\"font-weight: 400;\" aria-level=\"1\"><span style=\"font-weight: 400;\">efect de lifting vizibil imediat dup\u0103 aplicare;<\/span><\/li>\n<li style=\"font-weight: 400;\" aria-level=\"1\"><span style=\"font-weight: 400;\">efect anti-age cumulativ \u2013 pielea din jurul ochilor devine mai dens\u0103, mai neted\u0103, mai ferm\u0103 \u0219i arat\u0103 mai t\u00e2n\u0103r\u0103;<\/span><\/li>\n<li style=\"font-weight: 400;\" aria-level=\"1\"><span style=\"font-weight: 400;\">textura foarte u\u0219oar\u0103 se absoarbe rapid f\u0103r\u0103 a l\u0103sa o senza\u021bie lipicioas\u0103;<\/span><\/li>\n<li style=\"font-weight: 400;\" aria-level=\"1\"><span style=\"font-weight: 400;\">aplicatorul tip rol\u0103 maseaz\u0103 u\u0219or pielea, sporind efectul de r\u0103corire \u0219i drenaj;<\/span><\/li>\n<li style=\"font-weight: 400;\" aria-level=\"1\"><span style=\"font-weight: 400;\">produs unisex, pentru orice tip de piele, pentru orice v\u00e2rst\u0103;<\/span><\/li>\n<li style=\"font-weight: 400;\" aria-level=\"1\"><span style=\"font-weight: 400;\">testat oftalmologic, potrivit pentru to\u021bi purt\u0103torii de lentile de contact;<\/span><\/li>\n<li style=\"font-weight: 400;\" aria-level=\"1\"><span style=\"font-weight: 400;\">indispensabil \u00een c\u0103l\u0103torii \u2013 ambalajul convenabil \u00eencape \u00een cea mai mic\u0103 trus\u0103 de cosmetice.<\/span><\/li>\n<\/ul>\n<p><b><i>Inova\u021bii, componente active<\/i><\/b><\/p>\n<ul>\n<li><b>Acid hialuronic cu greutate molecular\u0103 mare:<\/b><span style=\"font-weight: 400;\"> are o capacitate excep\u021bional\u0103 de a absorbi \u0219i re\u021bine cantit\u0103\u021bi mari de umiditate \u0219i, prin urmare, joac\u0103 un rol important \u00een men\u021binerea nivelurilor optime de hidratare a pielii.<\/span><\/li>\n<li><b>Matrixyl\u2122 3000 Peptide:<\/b><span style=\"font-weight: 400;\"> Cocktailul antirid con\u021bine peptide mesager speciale (matrikine) care joac\u0103 un rol vital \u00een procesele de autovindecare ale pielii. Aceste peptide activeaz\u0103 o nou\u0103 sintez\u0103 a componentelor matricei extracelulare, cum ar fi acidul hialuronic \u0219i colagenul, \u0219i reduc semnificativ aspectul ridurilor din jurul ochilor.<\/span><\/li>\n<li><b>Extract de arbore de m\u0103tase (Albizia julibrissin):<\/b><span style=\"font-weight: 400;\"> amelioreaz\u0103 semnele de oboseal\u0103 a pielii; Reduce cearc\u0103nele \u0219i umfl\u0103turile de sub ochi.<\/span><\/li>\n<li><b>Cafein\u0103:<\/b><span style=\"font-weight: 400;\"> \u00eemprosp\u0103teaz\u0103 \u0219i tonific\u0103 pielea din jurul ochilor, stimuleaz\u0103 microcircula\u021bia \u0219i amelioreaz\u0103 pungile de sub ochi.<\/span><\/li>\n<li><b>Glicerin\u0103 vegetal\u0103:<\/b><span style=\"font-weight: 400;\"> hidrateaz\u0103 pielea \u0219i reduce aspectul ridurilor cauzate de deshidratare; cre\u0219te elasticitatea pielii.<\/span><\/li>\n<\/ul>\n<p><b><i>Mod de utilizare:\u00a0<\/i><\/b><span style=\"font-weight: 400;\">Poate fi folosit ca produs independent sau \u00een combina\u021bie cu crema pentru conturul ochilor. Roti\u021bi aplicatorul din col\u021bul interior al ochiului spre col\u021bul exterior de 2-3 ori, aplic\u00e2nd o presiune u\u0219oar\u0103. L\u0103sa\u021bi s\u0103 se \u00eenmoaie. Dac\u0103 este necesar, aplica\u021bi crema deasupra.\u00a0<\/span><\/p>\n<p><span style=\"font-weight: 400;\">Sfat: p\u0103stra\u021bi produsul la frigider pentru a spori efectul de r\u0103corire \u0219i decongestionare.<\/span><\/p>","protected":false},"excerpt":{"rendered":"<p>IRRESISTIBLE EYE ELIXIR, 15 ml<\/p>\n","protected":false},"featured_media":1727,"template":"","meta":[],"product_cat":[40,41],"product_tag":[],"_links":{"self":[{"href":"https:\/\/shop.belar.md\/ro\/wp-json\/wp\/v2\/product\/1726"}],"collection":[{"href":"https:\/\/shop.belar.md\/ro\/wp-json\/wp\/v2\/product"}],"about":[{"href":"https:\/\/shop.belar.md\/ro\/wp-json\/wp\/v2\/types\/product"}],"wp:featuredmedia":[{"embeddable":true,"href":"https:\/\/shop.belar.md\/ro\/wp-json\/wp\/v2\/media\/1727"}],"wp:attachment":[{"href":"https:\/\/shop.belar.md\/ro\/wp-json\/wp\/v2\/media?parent=1726"}],"wp:term":[{"taxonomy":"product_cat","embeddable":true,"href":"https:\/\/shop.belar.md\/ro\/wp-json\/wp\/v2\/product_cat?post=1726"},{"taxonomy":"product_tag","embeddable":true,"href":"https:\/\/shop.belar.md\/ro\/wp-json\/wp\/v2\/product_tag?post=1726"}],"curies":[{"name":"wp","href":"https:\/\/api.w.org\/{rel}","templated":true}]}}