{"id":1712,"date":"2022-01-06T14:21:35","date_gmt":"2022-01-06T14:21:35","guid":{"rendered":"https:\/\/shop.belar.md\/?post_type=product&#038;p=1712"},"modified":"2026-05-01T08:02:44","modified_gmt":"2026-05-01T05:02:44","slug":"marine-collagen-cream","status":"publish","type":"product","link":"https:\/\/shop.belar.md\/ro\/product\/marine-collagen-cream\/","title":{"rendered":"Crem\u0103 cu colagen marin"},"content":{"rendered":"<p><span style=\"font-weight: 400;\">Crem\u0103 anti-age, cu colagen marin, previne pierderea elasticit\u0103\u021bii pielii \u0219i apari\u021bia ridurilor. Formula inovatoare tripleaz\u0103 con\u021binutul de colagen al pielii, stimul\u00e2nd produc\u021bia acestuia \u0219i prevenind descompunerea acestuia. Pielea devine mai dens\u0103, mai ferm\u0103 \u0219i mai t\u00e2n\u0103r\u0103. Colagenul marin ofer\u0103 un efect de lifting pronun\u021bat \u2013 acoper\u0103 pielea cu o pelicul\u0103 invizibil\u0103, care re\u021bine umezeala \u0219i umple ridurile ca un filler. Extractul de flori de rodie \u00een combina\u021bie cu vitamina C previne distrugerea colagenului, activeaz\u0103 produc\u021bia propriului colagen \u00een piele \u0219i contracareaz\u0103 \u00eemb\u0103tr\u00e2nirea prematur\u0103 a acesteia.<\/span><\/p>\n<p><b><i>Avantaje:<\/i><\/b><\/p>\n<ul>\n<li style=\"font-weight: 400;\" aria-level=\"1\"><span style=\"font-weight: 400;\">crem\u0103 anti-age, cu efect de lifting instantaneu;<\/span><\/li>\n<li style=\"font-weight: 400;\" aria-level=\"1\"><span style=\"font-weight: 400;\">con\u021bine ingrediente active \u00een form\u0103 biodisponibil\u0103, care previn distrugerea colagenului \u0219i stimuleaz\u0103 sinteza colagenului propriu al pielii;<\/span><\/li>\n<li style=\"font-weight: 400;\" aria-level=\"1\"><span style=\"font-weight: 400;\">cre\u0219te fermitatea \u0219i densitatea pielii, neteze\u0219te ridurile;<\/span><\/li>\n<li style=\"font-weight: 400;\" aria-level=\"1\"><span style=\"font-weight: 400;\">hidrateaz\u0103 \u00een profunzime \u0219i de lung\u0103 durat\u0103, restabile\u0219te bariera epidermic\u0103;<\/span><\/li>\n<li style=\"font-weight: 400;\" aria-level=\"1\"><span style=\"font-weight: 400;\">se absoarbe rapid, las\u0103 pielea m\u0103t\u0103soas\u0103 \u0219i moale;<\/span><\/li>\n<li style=\"font-weight: 400;\" aria-level=\"1\"><span style=\"font-weight: 400;\">crem\u0103 universal\u0103 \u201eunisex\u201d &#8211; pentru orice tip de piele, pentru orice v\u00e2rst\u0103;<\/span><\/li>\n<li style=\"font-weight: 400;\" aria-level=\"1\"><span style=\"font-weight: 400;\">potrivit\u0103 pentru utilizare diminea\u021ba \u0219i seara;<\/span><\/li>\n<li style=\"font-weight: 400;\" aria-level=\"1\"><span style=\"font-weight: 400;\">are o arom\u0103 pl\u0103cut\u0103, delicat\u0103.<\/span><\/li>\n<\/ul>\n<p><b><i>Inova\u021bii, componente active:<\/i><\/b><\/p>\n<ul>\n<li><b><i>Colagen marin: <\/i><\/b><span style=\"font-weight: 400;\">are o structur\u0103 cu tripl\u0103 spiral\u0103, precum colagenul pielii umane. Creeaz\u0103 o pelicul\u0103 invizibil\u0103 pe piele, care re\u021bine hidratarea \u0219i umple ridurile fine \u0219i profunde. Datorit\u0103 formei sale hidrolizate, men\u021bine efectul de lifting pentru o lung\u0103 perioad\u0103 de timp. Accelereaz\u0103 regenerarea pielii.<\/span><\/li>\n<li><b><i>Extract de flori de rodie \u0219i vitamina C: <\/i><\/b><span style=\"font-weight: 400;\">extractul de flori combinat cu vitamina C stabilizat\u0103 stimuleaz\u0103 activ produc\u021bia de colagen, cre\u0219te densitatea pielii, reduce ridurile \u0219i protejeaz\u0103 pielea de \u00eemb\u0103tr\u00e2nirea prematur\u0103.<\/span><\/li>\n<li><b><i>Acid hialuronic cu greutate molecular\u0103 mare: <\/i><\/b><span style=\"font-weight: 400;\">formeaz\u0103 o pelicul\u0103 de re\u021binere a umidit\u0103\u021bii pe suprafa\u021ba pielii, prevenind pierderea transepidermic\u0103 de ap\u0103 (TEWL). Neteze\u0219te ridurile cauzate de deshidratare.<\/span><\/li>\n<li><b><i>Ulei de macadamia: <\/i><\/b><span style=\"font-weight: 400;\">un puternic ingredient anti-age. Con\u021bine o cantitate mare de acizi gra\u0219i, minerale, vitamine (grupa B, E), potasiu, seleniu, zinc, calciu. Are propriet\u0103\u021bi antiinflamatorii, regenerante \u0219i antibacteriene. \u00cent\u0103re\u0219te imunitatea celulelor pielii, acceler\u00e2nd procesele metabolice ale carbohidra\u021bilor \u0219i proteinelor din acestea. Ajut\u0103 la reducerea activit\u0103\u021bii metaloproteinazelor matriceale.<\/span><\/li>\n<li><b><i>Vitamina E: <\/i><\/b><span style=\"font-weight: 400;\">un puternic antioxidant natural; protejeaz\u0103 celulele pielii \u0219i le \u00eembun\u0103t\u0103\u021be\u0219te nutri\u021bia, neutralizeaz\u0103 radicalii liberi.<\/span><\/li>\n<\/ul>\n<p><b><i>Mod de utilizare:\u00a0<\/i><\/b><span style=\"font-weight: 400;\">\u00cen fiecare diminea\u021b\u0103 \u0219i\/sau sear\u0103, aplica\u021bi o cantitate mic\u0103 de crem\u0103 pe pielea curat\u0103 a fe\u021bei, g\u00e2tului \u0219i decolteului.<\/span><\/p>","protected":false},"excerpt":{"rendered":"<p>MARINE COLLAGEN CREAM, 50 ml<\/p>\n","protected":false},"featured_media":1713,"template":"","meta":[],"product_cat":[40,41],"product_tag":[],"_links":{"self":[{"href":"https:\/\/shop.belar.md\/ro\/wp-json\/wp\/v2\/product\/1712"}],"collection":[{"href":"https:\/\/shop.belar.md\/ro\/wp-json\/wp\/v2\/product"}],"about":[{"href":"https:\/\/shop.belar.md\/ro\/wp-json\/wp\/v2\/types\/product"}],"wp:featuredmedia":[{"embeddable":true,"href":"https:\/\/shop.belar.md\/ro\/wp-json\/wp\/v2\/media\/1713"}],"wp:attachment":[{"href":"https:\/\/shop.belar.md\/ro\/wp-json\/wp\/v2\/media?parent=1712"}],"wp:term":[{"taxonomy":"product_cat","embeddable":true,"href":"https:\/\/shop.belar.md\/ro\/wp-json\/wp\/v2\/product_cat?post=1712"},{"taxonomy":"product_tag","embeddable":true,"href":"https:\/\/shop.belar.md\/ro\/wp-json\/wp\/v2\/product_tag?post=1712"}],"curies":[{"name":"wp","href":"https:\/\/api.w.org\/{rel}","templated":true}]}}