{"id":1704,"date":"2022-01-06T09:45:14","date_gmt":"2022-01-06T09:45:14","guid":{"rendered":"https:\/\/shop.belar.md\/?post_type=product&#038;p=1704"},"modified":"2026-05-02T08:02:42","modified_gmt":"2026-05-02T05:02:42","slug":"retinol-lift","status":"publish","type":"product","link":"https:\/\/shop.belar.md\/ro\/product\/retinol-lift\/","title":{"rendered":"Capsule cu retinol pentru netezirea ridurilor"},"content":{"rendered":"<p><span style=\"font-weight: 400;\">Concentrat activ \u00een capsule, care include o combina\u021bie de retinol, \u00eentr-o form\u0103 stabil\u0103 \u0219i vitamina E. Lipogelul delicat, cu o arom\u0103 subtil\u0103 este un remediu extrem de eficient pentru combaterea \u0219i prevenirea semnelor \u00eemb\u0103tr\u00e2nirii. Stimuleaz\u0103 re\u00eennoirea celular\u0103, neteze\u0219te ridurile, \u00eent\u0103re\u0219te pielea, are un efect de lifting, \u00eei uniformizeaz\u0103 culoarea \u0219i textura, \u00eengusteaz\u0103 porii \u0219i ilumineaz\u0103 petele pigmentare. Capsulele Retinol Lift nu con\u021bin aromatizan\u021bi sau conservan\u021bi \u0219i sunt bine tolerate de piele.<\/span><\/p>\n<p><b><i>Avantaje:<\/i><\/b><\/p>\n<ul>\n<li style=\"font-weight: 400;\" aria-level=\"1\"><span style=\"font-weight: 400;\">\u00eengrijire intens\u0103 anti-age pentru toate tipurile de piele;<\/span><\/li>\n<li style=\"font-weight: 400;\" aria-level=\"1\"><span style=\"font-weight: 400;\">biorevitalizant cosmetic &#8211; efect maxim de regenerare a pielii;<\/span><\/li>\n<li style=\"font-weight: 400;\" aria-level=\"1\"><span style=\"font-weight: 400;\">se combin\u0103 cu orice rutin\u0103 de \u00eengrijire a pielii la domiciliu;<\/span><\/li>\n<li style=\"font-weight: 400;\" aria-level=\"1\"><span style=\"font-weight: 400;\">se absoarbe rapid;<\/span><\/li>\n<li style=\"font-weight: 400;\" aria-level=\"1\"><span style=\"font-weight: 400;\">ambalaj avantajos (1 capsul\u0103 la 1 aplicare);<\/span><\/li>\n<li style=\"font-weight: 400;\" aria-level=\"1\"><span style=\"font-weight: 400;\">se poate aplica de la v\u00e2rsta de 16 ani.<\/span><\/li>\n<\/ul>\n<p><b><i>Inova\u021bii, componente active<\/i><\/b><\/p>\n<ul>\n<li><b>Retinolul: <\/b><span style=\"font-weight: 400;\">stimuleaz\u0103 re\u00eennoirea celular\u0103 \u0219i sinteza colagenului, favorizeaz\u0103 regenerarea pielii, accelereaz\u0103 procesele de vindecare (r\u0103ni, arsuri solare) \u0219i este utilizat \u00een tratamentul acneei \u0219i psoriazisului. Are un efect pronun\u021bat de \u00eentinerire.<\/span><\/li>\n<li><b>Acetat de vitamina E:<\/b><span style=\"font-weight: 400;\"> protejeaz\u0103 celulele pielii de radicalii liberi, catifeleaz\u0103 \u0219i hidrateaz\u0103 pielea, are efect antiinflamator, accelereaz\u0103 vindecarea r\u0103nilor.<\/span><\/li>\n<\/ul>\n<p><b><i>Mod de utilizare:\u00a0<\/i><\/b><span style=\"font-weight: 400;\">\u00cen fiecare sear\u0103, aplica\u021bi con\u021binutul capsulei pe pielea fe\u021bei cur\u0103\u021bat\u0103 \u00een prealabil, evit\u00e2nd zona din jurul ochilor. Un curs dureaz\u0103\u00a0 4-6 s\u0103pt\u0103m\u00e2ni.<\/span><\/p>","protected":false},"excerpt":{"rendered":"<p>Retinol lift, 30 caps<\/p>\n","protected":false},"featured_media":5184,"template":"","meta":[],"product_cat":[40,41],"product_tag":[],"_links":{"self":[{"href":"https:\/\/shop.belar.md\/ro\/wp-json\/wp\/v2\/product\/1704"}],"collection":[{"href":"https:\/\/shop.belar.md\/ro\/wp-json\/wp\/v2\/product"}],"about":[{"href":"https:\/\/shop.belar.md\/ro\/wp-json\/wp\/v2\/types\/product"}],"wp:featuredmedia":[{"embeddable":true,"href":"https:\/\/shop.belar.md\/ro\/wp-json\/wp\/v2\/media\/5184"}],"wp:attachment":[{"href":"https:\/\/shop.belar.md\/ro\/wp-json\/wp\/v2\/media?parent=1704"}],"wp:term":[{"taxonomy":"product_cat","embeddable":true,"href":"https:\/\/shop.belar.md\/ro\/wp-json\/wp\/v2\/product_cat?post=1704"},{"taxonomy":"product_tag","embeddable":true,"href":"https:\/\/shop.belar.md\/ro\/wp-json\/wp\/v2\/product_tag?post=1704"}],"curies":[{"name":"wp","href":"https:\/\/api.w.org\/{rel}","templated":true}]}}