{"id":1702,"date":"2022-01-06T09:30:59","date_gmt":"2022-01-06T09:30:59","guid":{"rendered":"https:\/\/shop.belar.md\/?post_type=product&#038;p=1702"},"modified":"2026-04-15T05:02:54","modified_gmt":"2026-04-15T05:02:54","slug":"light-tightening-cream","status":"publish","type":"product","link":"https:\/\/shop.belar.md\/ro\/product\/light-tightening-cream\/","title":{"rendered":"Crem\u0103 lejer\u0103 cu efect de lifting \u0219i redare a fermit\u0103\u021bii pielii"},"content":{"rendered":"<p><\/p>\n<div class=\"descbox\">\n<p><span style=\"font-weight: 400;\">Crem\u0103 lejer\u0103 cu o textur\u0103 delicat\u0103 pentru regenerarea intens\u0103 \u0219i redarea fermit\u0103\u021bii pielii. C\u00e2nd este aplicat\u0103, se \u201edilueaz\u0103\u201d literalmente \u00een piele, hidrateaz\u0103, catifeleaz\u0103 \u0219i revitalizeaz\u0103, neteze\u0219te ridurile, elimin\u0103 instantaneu semnele de oboseal\u0103 \u0219i stres. Pielea devine vizibil mai ferm\u0103, mai elastic\u0103 \u0219i radiaz\u0103 prospe\u021bime \u0219i str\u0103lucire natural\u0103 la fiecare utilizare. Se elimin\u0103 str\u0103lucirea uleioas\u0103 \u0219i se re\u00eemprosp\u0103teaz\u0103 culoarea tenului. Este perfect\u0103 pentru to\u021bi cei care prefer\u0103 texturi non-grase &#8211; absolut confortabile, care nu supra\u00eencarc\u0103 nici \u00een sezonul cald.<\/span><\/p>\n<p><b><i>Avantaje:<\/i><\/b><\/p>\n<ul>\n<li style=\"font-weight: 400;\" aria-level=\"1\"><span style=\"font-weight: 400;\">rutin\u0103 universal\u0103 anti-age pentru toate tipurile de piele;<\/span><\/li>\n<li style=\"font-weight: 400;\" aria-level=\"1\"><span style=\"font-weight: 400;\">rezultat instantaneu \u0219i cumulativ \u2013 pielea este mai neted\u0103, mai elastic\u0103, de o culoare uniform\u0103 \u0219i pori invizibili;<\/span><\/li>\n<li style=\"font-weight: 400;\" aria-level=\"1\"><span style=\"font-weight: 400;\">red\u0103 fe\u021bei un aspect s\u0103n\u0103tos, f\u0103r\u0103 str\u0103lucire uleioas\u0103;<\/span><\/li>\n<li style=\"font-weight: 400;\" aria-level=\"1\"><span style=\"font-weight: 400;\">textur\u0103 lejer\u0103, confortabil\u0103 \u0219i \u00een sezonul cald, \u0219i pentru tenul gras;<\/span><\/li>\n<li style=\"font-weight: 400;\" aria-level=\"1\"><span style=\"font-weight: 400;\">poate fi aplicat\u0103 at\u00e2t diminea\u021ba, c\u00e2t \u0219i seara;<\/span><\/li>\n<li style=\"font-weight: 400;\" aria-level=\"1\"><span style=\"font-weight: 400;\">o baz\u0103 perfect\u0103 pentru machiaj, \u00eei cre\u0219te rezisten\u021ba;<\/span><\/li>\n<li style=\"font-weight: 400;\" aria-level=\"1\"><span style=\"font-weight: 400;\">ambalaj comod cu dozator.<\/span><\/li>\n<\/ul>\n<p><b><i>Inova\u021bii, componente active<\/i><\/b><\/p>\n<ul>\n<li><b>Extract de Euglena Gracilis<\/b><span style=\"font-weight: 400;\">: Un adev\u0103rat energizant cronobiologic extras din alge, stimuleaz\u0103 metabolismul celular prin eliberarea de calciu \u0219i ATP (cea mai avansat\u0103 formul\u0103 de keratin\u0103 disponibil\u0103 ast\u0103zi). Tonific\u0103 \u0219i fortific\u0103 pielea, elimin\u0103 semnele de oboseal\u0103.<\/span><\/li>\n<li><b>Extract de aloe vera: <\/b><span style=\"font-weight: 400;\">are efect calmant, restabile\u0219te celulele \u0219i \u021besuturile deteriorate, men\u021bine tenul t\u00e2n\u0103r \u0219i s\u0103n\u0103tos.<\/span><\/li>\n<li><b>Glicerin\u0103 vegetal\u0103:<\/b><span style=\"font-weight: 400;\"> re\u021bine umiditatea \u00een piele, la fel de eficient ca acidul hialuronic. Regleaz\u0103 fluxul de umiditate din profunzimea pielii prin sistemul de aquaporin\u0103, cresc\u00e2nd instantaneu nivelul de hidratare, men\u021bin\u00e2nd func\u021bia de barier\u0103 a pielii, reduc\u00e2nd TEWL.<\/span><\/li>\n<li><b>\u03b1-Bisabolol:<\/b><span style=\"font-weight: 400;\"> are efect antiinflamator, de netezire \u0219i calmant, calmeaz\u0103 ro\u0219ea\u021ba \u0219i pruritul.<\/span><\/li>\n<li><b>Vitamina E<\/b><span style=\"font-weight: 400;\">: antioxidant.<\/span><\/li>\n<li><b>Vitamina C<\/b><span style=\"font-weight: 400;\">: antioxidant, \u00eent\u0103re\u0219te vasele sanguine, elimin\u0103 pigmentarea, amelioreaz\u0103 aspectul tenului.<\/span><\/li>\n<\/ul>\n<p><b><i>Mod de utilizare: <\/i><\/b><span style=\"font-weight: 400;\">Dup\u0103 sp\u0103lare \u0219i tonifiere, aplica\u021bi pe fa\u021b\u0103, g\u00e2t \u0219i decolteu diminea\u021ba \u0219i\/sau seara.<\/span><\/p>\n<\/div>\n<p><\/p>","protected":false},"excerpt":{"rendered":"<p>LIGHT TIGHTENING CREAM, 50 ml<\/p>\n","protected":false},"featured_media":1703,"template":"","meta":[],"product_cat":[40,41],"product_tag":[],"_links":{"self":[{"href":"https:\/\/shop.belar.md\/ro\/wp-json\/wp\/v2\/product\/1702"}],"collection":[{"href":"https:\/\/shop.belar.md\/ro\/wp-json\/wp\/v2\/product"}],"about":[{"href":"https:\/\/shop.belar.md\/ro\/wp-json\/wp\/v2\/types\/product"}],"wp:featuredmedia":[{"embeddable":true,"href":"https:\/\/shop.belar.md\/ro\/wp-json\/wp\/v2\/media\/1703"}],"wp:attachment":[{"href":"https:\/\/shop.belar.md\/ro\/wp-json\/wp\/v2\/media?parent=1702"}],"wp:term":[{"taxonomy":"product_cat","embeddable":true,"href":"https:\/\/shop.belar.md\/ro\/wp-json\/wp\/v2\/product_cat?post=1702"},{"taxonomy":"product_tag","embeddable":true,"href":"https:\/\/shop.belar.md\/ro\/wp-json\/wp\/v2\/product_tag?post=1702"}],"curies":[{"name":"wp","href":"https:\/\/api.w.org\/{rel}","templated":true}]}}