{"id":1671,"date":"2022-01-05T14:20:59","date_gmt":"2022-01-05T14:20:59","guid":{"rendered":"https:\/\/shop.belar.md\/?post_type=product&#038;p=1671"},"modified":"2026-04-17T05:00:45","modified_gmt":"2026-04-17T05:00:45","slug":"comfort-eye-care","status":"publish","type":"product","link":"https:\/\/shop.belar.md\/ro\/product\/comfort-eye-care\/","title":{"rendered":"Emulsie delicat\u0103, pentru pielea sensibil\u0103 din jurul ochilor"},"content":{"rendered":"<p><span style=\"font-weight: 400;\">Crem\u0103 contur pentru pielea din jurul ochilor, cu o textur\u0103 u\u0219oar\u0103 de emulsie, este special creat\u0103 pentru pielea delicat\u0103 a acestei zone delicate. Con\u021bine fitocomplexele inovatoare Skin Defense+ \u0219i Sensitive, datorit\u0103 c\u0103rora elimin\u0103 rapid disconfortul, ro\u0219ea\u021ba \u0219i senza\u021bia de ochi obosi\u021bi, amelioreaz\u0103 simptomele alergiilor \u0219i inflama\u021biilor. Reduce edemele de sub ochi \u0219i cearc\u0103nele, hidrateaz\u0103 intens, catifeleaz\u0103 pielea, neteze\u0219te ridurile \u0219i ofer\u0103 un efect de lifting. Are efect antioxidant, cre\u0219te rezisten\u021ba pielii din jurul ochilor la iritan\u021bii externi \u0219i protejeaz\u0103 \u00eempotriva \u00eemb\u0103tr\u00e2nirii premature. Testat\u0103 oftalmologic, potrivit\u0103 pentru purt\u0103torii de lentile de contact.<\/span><\/p>\n<p><b><i>Avantaje:<\/i><\/b><\/p>\n<ul>\n<li style=\"font-weight: 400;\" aria-level=\"1\"><span style=\"font-weight: 400;\">o singur\u0103 crem\u0103 pentru rezolvarea multor probleme: calmeaz\u0103 \u0219i catifeleaz\u0103, \u00eent\u0103re\u0219te, reduce pungile de sub ochi \u0219i cearc\u0103nele (-64% dup\u0103 4 s\u0103pt\u0103m\u00e2ni de utilizare), neteze\u0219te ridurile fine;<\/span><\/li>\n<li style=\"font-weight: 400;\" aria-level=\"1\"><span style=\"font-weight: 400;\">un remediu eficient pentru edemele \u201edimine\u021bii\u201d de sub ochi (la 30 de minute dup\u0103 aplicare);<\/span><\/li>\n<li style=\"font-weight: 400;\" aria-level=\"1\"><span style=\"font-weight: 400;\">potrivit\u0103 pentru ochii sensibili, pentru cei care poart\u0103 lentile de contact;<\/span><\/li>\n<li style=\"font-weight: 400;\" aria-level=\"1\"><span style=\"font-weight: 400;\">consum econom \u2013\u00a0 egal cu cel al unui cap de chibrit per aplicare;<\/span><\/li>\n<li style=\"font-weight: 400;\" aria-level=\"1\"><span style=\"font-weight: 400;\">textur\u0103 pl\u0103cut\u0103, delicat\u0103, se absoarbe rapid;<\/span><\/li>\n<li style=\"font-weight: 400;\" aria-level=\"1\"><span style=\"font-weight: 400;\">baz\u0103 excelent\u0103 pentru machiaj;<\/span><\/li>\n<li style=\"font-weight: 400;\" aria-level=\"1\"><span style=\"font-weight: 400;\">produs hipoalergenic \u0219i sigur, confirmat de Institutul Dermatest\u00ae.<\/span><\/li>\n<\/ul>\n<p><b><i>Inova\u021bii, componente active:<\/i><\/b><\/p>\n<ul>\n<li><b>Extract de eyebright:<\/b><span style=\"font-weight: 400;\"> reduce aspectul edemelor de sub ochi \u0219i al cearc\u0103nelor.<\/span><\/li>\n<li><b>Complex Skin Defence+:<\/b><span style=\"font-weight: 400;\"> un fitocomplex activ din ulei de semin\u021be de coac\u0103ze negre, bogat \u00een acizi gra\u0219i omega-3 \u0219i -6, extract de plant\u0103 medicinal\u0103 Cardiospermum cu un con\u021binut ridicat de fitosteroli \u0219i ac\u021biune similar\u0103 hidrocortizonului \u0219i frac\u021biune nesaponificabil\u0103 de ulei de floarea-soarelui. Amelioreaz\u0103 inflama\u021bia, restabile\u0219te \u0219i \u00eent\u0103re\u0219te bariera epidermic\u0103, reduce hiperreactivitatea pielii \u0219i reduce riscul de reac\u021bii alergice.<\/span><\/li>\n<li><b>Complex Sensitiv: <\/b><span style=\"font-weight: 400;\">un complex vegetal extrem de activ, care con\u021bine extracte de stercorarius, m\u0103tura m\u0103celarului, g\u0103lbenele, castan s\u0103lbatic \u0219i r\u0103d\u0103cin\u0103 de lemn dulce, care amelioreaz\u0103 toate semnele de irita\u021bie a pielii (ro\u0219ea\u021b\u0103, edeme, senza\u021bie de piele str\u00e2ns\u0103).<\/span><\/li>\n<li><b>Acid hialuronic (cu greutate molecular\u0103 mare \u0219i mic\u0103):<\/b><span style=\"font-weight: 400;\"> hidrateaz\u0103 intens, protejeaz\u0103 \u0219i neteze\u0219te pielea.<\/span><\/li>\n<li><b>ISIS:<\/b><span style=\"font-weight: 400;\"> emolient de origine vegetal\u0103; se integreaz\u0103 \u00een lipidele intercelulare, restabile\u0219te \u0219i \u00eent\u0103re\u0219te func\u021bia de barier\u0103 a pielii.<\/span><\/li>\n<li><b>Unt de shea:<\/b><span style=\"font-weight: 400;\"> hr\u0103ne\u0219te pielea \u0219i protejeaz\u0103 bariera epidermic\u0103 de deteriorare.<\/span><\/li>\n<li><b>Izomerat de zaharid\u0103:<\/b><span style=\"font-weight: 400;\"> ofer\u0103 hidratare suplimentar\u0103 a pielii timp de 72 de ore.<\/span><\/li>\n<li><b>Alantoin\u0103:<\/b><span style=\"font-weight: 400;\"> calmeaz\u0103, catifeleaz\u0103, hidrateaz\u0103, promoveaz\u0103 regenerarea pielii, \u00eei restabile\u0219te propriet\u0103\u021bile de barier\u0103. Adesea folosit \u00een cosmetice pentru \u00eengrijirea pielii \u00een caz de dermatit\u0103.<\/span><\/li>\n<li><b>\u03b1-bisabolol:<\/b><span style=\"font-weight: 400;\"> calmeaz\u0103, amelioreaz\u0103 inflama\u021bia, irita\u021bia \u0219i pruritul.<\/span><\/li>\n<li><b>Vitamina E:<\/b><span style=\"font-weight: 400;\"> are efect antioxidant.<\/span><\/li>\n<\/ul>\n<p><b><i>Mod de utilizare: <\/i><\/b><span style=\"font-weight: 400;\">Diminea\u021ba \u0219i seara, aplica\u021bi o cantitate mic\u0103 de crem\u0103 <\/span><i><span style=\"font-weight: 400;\">Comfort Eye Care<\/span><\/i><span style=\"font-weight: 400;\"> pe pielea din jurul ochilor, prin mi\u0219c\u0103ri u\u0219oare de tapotare.<\/span><\/p>","protected":false},"excerpt":{"rendered":"<p>COMFORT EYE CARE 15 ml<\/p>\n","protected":false},"featured_media":1673,"template":"","meta":[],"product_cat":[40,41],"product_tag":[],"_links":{"self":[{"href":"https:\/\/shop.belar.md\/ro\/wp-json\/wp\/v2\/product\/1671"}],"collection":[{"href":"https:\/\/shop.belar.md\/ro\/wp-json\/wp\/v2\/product"}],"about":[{"href":"https:\/\/shop.belar.md\/ro\/wp-json\/wp\/v2\/types\/product"}],"wp:featuredmedia":[{"embeddable":true,"href":"https:\/\/shop.belar.md\/ro\/wp-json\/wp\/v2\/media\/1673"}],"wp:attachment":[{"href":"https:\/\/shop.belar.md\/ro\/wp-json\/wp\/v2\/media?parent=1671"}],"wp:term":[{"taxonomy":"product_cat","embeddable":true,"href":"https:\/\/shop.belar.md\/ro\/wp-json\/wp\/v2\/product_cat?post=1671"},{"taxonomy":"product_tag","embeddable":true,"href":"https:\/\/shop.belar.md\/ro\/wp-json\/wp\/v2\/product_tag?post=1671"}],"curies":[{"name":"wp","href":"https:\/\/api.w.org\/{rel}","templated":true}]}}