{"id":1669,"date":"2022-01-05T13:47:51","date_gmt":"2022-01-05T13:47:51","guid":{"rendered":"https:\/\/shop.belar.md\/?post_type=product&#038;p=1669"},"modified":"2026-04-23T08:00:39","modified_gmt":"2026-04-23T05:00:39","slug":"intense-calming-serum","status":"publish","type":"product","link":"https:\/\/shop.belar.md\/ro\/product\/intense-calming-serum\/","title":{"rendered":"Ser SOS intens calmant, cu concentra\u021bie ridicat\u0103"},"content":{"rendered":"<p><span style=\"font-weight: 400;\">Serul SOS cu concentra\u021bie ridicat\u0103, v\u0103 ajut\u0103 la calmarea instantanee a pielii hipersensibile \u0219i la men\u021binerea unei senza\u021bii de confort pentru o perioad\u0103 lung\u0103 de timp. Fitocomplexul inovator <\/span><i><span style=\"font-weight: 400;\">Skin Defense+ <\/span><\/i><span style=\"font-weight: 400;\">cu ulei de coac\u0103ze negre \u0219i extract de plant\u0103 medicinal\u0103 Cardiospermum reduce eficient irita\u021biile, ro\u0219ea\u021ba \u0219i inflama\u021bia. Reface bariera protectoare a pielii \u0219i \u00eei cre\u0219te rezisten\u021ba la iritan\u021bii externi, \u00eent\u0103rind sistemul imunitar. Hidrateaz\u0103 intens \u0219i accelereaz\u0103 regenerarea pielii. Ideal pentru \u00eengrijirea pielii predispuse la atopie, dermatit\u0103, rozacee \u0219i cuperoz\u0103. Pentru rezultate maxime, se recomand\u0103 utilizarea \u00een combina\u021bie cu<\/span><i><span style=\"font-weight: 400;\"> Intense Calming Cream<\/span><\/i><span style=\"font-weight: 400;\">.<\/span><\/p>\n<p><b><i>Avantaje:<\/i><\/b><\/p>\n<ul>\n<li style=\"font-weight: 400;\" aria-level=\"1\"><span style=\"font-weight: 400;\">efect instantaneu \u2013 elimin\u0103 disconfortul, calm\u00e2nd pielea iritat\u0103;<\/span><\/li>\n<li style=\"font-weight: 400;\" aria-level=\"1\"><span style=\"font-weight: 400;\">con\u021bine componente pe baz\u0103 de plante cu ac\u021biune farmacologic\u0103;<\/span><\/li>\n<li style=\"font-weight: 400;\" aria-level=\"1\"><span style=\"font-weight: 400;\">potrivit pentru pielea sensibil\u0103 de orice tip, inclusiv pentru cea cu semne de cuperoz\u0103 \u0219i rozacee;<\/span><\/li>\n<li style=\"font-weight: 400;\" aria-level=\"1\"><span style=\"font-weight: 400;\">prevenire exacerb\u0103rile dermatitei atopice;<\/span><\/li>\n<li style=\"font-weight: 400;\" aria-level=\"1\"><span style=\"font-weight: 400;\">potrivit\u0103 pentru b\u0103rba\u021bi, femei, adolescen\u021bi;<\/span><\/li>\n<li style=\"font-weight: 400;\" aria-level=\"1\"><span style=\"font-weight: 400;\">consum econom (1-2 ap\u0103s\u0103ri pentru \u00eentreaga fa\u021b\u0103);<\/span><\/li>\n<li style=\"font-weight: 400;\" aria-level=\"1\"><span style=\"font-weight: 400;\">textur\u0103 u\u0219oar\u0103, se absoarbe rapid.<\/span><\/li>\n<\/ul>\n<p><b><i>Inova\u021bii, componente active<\/i><\/b><\/p>\n<ul>\n<li><b>Complex Skin Defence+<\/b><span style=\"font-weight: 400;\">: un fitocomplex activ din ulei de semin\u021be de coac\u0103ze negre, bogat \u00een acizi gra\u0219i omega-3 \u0219i -6, extract de plant\u0103 medicinal\u0103 Cardiospermum cu un con\u021binut ridicat de fitosteroli \u0219i ac\u021biune similar\u0103 hidrocortizonului \u0219i frac\u021biune nesaponificabil\u0103 de ulei de floarea-soarelui. Amelioreaz\u0103 inflama\u021bia, restabile\u0219te \u0219i \u00eent\u0103re\u0219te bariera epidermic\u0103, reduce hiperreactivitatea pielii \u0219i reduce riscul de reac\u021bii alergice.<\/span><\/li>\n<li><b>\u03b1-bisabolol:<\/b><span style=\"font-weight: 400;\"> calmeaz\u0103, amelioreaz\u0103 inflama\u021bia, irita\u021bia \u0219i pruritul.<\/span><\/li>\n<li><b>Alantoin\u0103:<\/b><span style=\"font-weight: 400;\"> calmeaz\u0103, catifeleaz\u0103, hidrateaz\u0103, promoveaz\u0103 regenerarea pielii, \u00eei restabile\u0219te propriet\u0103\u021bile de barier\u0103. Adesea utilizat \u00een cosmetice pentru \u00eengrijirea pielii cu dermatit\u0103.<\/span><\/li>\n<li><b>D-pantenol:<\/b><span style=\"font-weight: 400;\"> hidrateaz\u0103, sus\u021bine procesele naturale de regenerare.<\/span><\/li>\n<li><b>Acid hialuronic (cu greutate molecular\u0103 mare \u0219i mic\u0103):<\/b><span style=\"font-weight: 400;\"> hidrateaz\u0103 intens, protejeaz\u0103 \u0219i neteze\u0219te pielea.<\/span><\/li>\n<li><b>ISIS:<\/b><span style=\"font-weight: 400;\"> emolient de origine vegetal\u0103; se integreaz\u0103 \u00een lipidele intercelulare, restabile\u0219te \u0219i \u00eent\u0103re\u0219te func\u021bia de barier\u0103 a pielii.<\/span><\/li>\n<li><b>Izomerat de zaharid\u0103:<\/b><span style=\"font-weight: 400;\"> Ofer\u0103 hidratare suplimentar\u0103 a pielii timp de 72 de ore.<\/span><\/li>\n<\/ul>\n<p><b><i>Mod de utilizare: <\/i><\/b><span style=\"font-weight: 400;\">Aplica\u021bi diminea\u021ba \u0219i seara pe pielea curat\u0103 a fe\u021bei, g\u00e2tului \u0219i decolteului, l\u0103sa\u021bi s\u0103 se absoarb\u0103. Aplica\u021bi <\/span><a href=\"https:\/\/shop.belar.md\/ro\/product\/calming-sensitive-cream\/\"><i><span style=\"font-weight: 400;\">Intense Calming Cream<\/span><\/i><\/a><span style=\"font-weight: 400;\"> sau o crem\u0103 \u00een func\u021bie de tipul dumneavoastr\u0103 de piele.<\/span><\/p>","protected":false},"excerpt":{"rendered":"<p>INTENSE CALMING SERUM, 30 ml<\/p>\n","protected":false},"featured_media":1670,"template":"","meta":[],"product_cat":[40,41],"product_tag":[],"_links":{"self":[{"href":"https:\/\/shop.belar.md\/ro\/wp-json\/wp\/v2\/product\/1669"}],"collection":[{"href":"https:\/\/shop.belar.md\/ro\/wp-json\/wp\/v2\/product"}],"about":[{"href":"https:\/\/shop.belar.md\/ro\/wp-json\/wp\/v2\/types\/product"}],"wp:featuredmedia":[{"embeddable":true,"href":"https:\/\/shop.belar.md\/ro\/wp-json\/wp\/v2\/media\/1670"}],"wp:attachment":[{"href":"https:\/\/shop.belar.md\/ro\/wp-json\/wp\/v2\/media?parent=1669"}],"wp:term":[{"taxonomy":"product_cat","embeddable":true,"href":"https:\/\/shop.belar.md\/ro\/wp-json\/wp\/v2\/product_cat?post=1669"},{"taxonomy":"product_tag","embeddable":true,"href":"https:\/\/shop.belar.md\/ro\/wp-json\/wp\/v2\/product_tag?post=1669"}],"curies":[{"name":"wp","href":"https:\/\/api.w.org\/{rel}","templated":true}]}}