{"id":1665,"date":"2022-01-05T12:58:03","date_gmt":"2022-01-05T12:58:03","guid":{"rendered":"https:\/\/shop.belar.md\/?post_type=product&#038;p=1665"},"modified":"2026-04-22T05:00:45","modified_gmt":"2026-04-22T05:00:45","slug":"soft-cleansing-mousse","status":"publish","type":"product","link":"https:\/\/shop.belar.md\/ro\/product\/soft-cleansing-mousse\/","title":{"rendered":"Spum\u0103 delicat\u0103 de cur\u0103\u021bare, cu pH neutru \u0219i alantoin\u0103"},"content":{"rendered":"<p><span style=\"font-weight: 400;\">Spum\u0103 foarte delicat\u0103, cu pH neutru \u0219i alantoin\u0103, este un produs perfect pentru cur\u0103\u021barea zilnic\u0103 a pielii sensibile de orice tip. Spuma u\u0219oar\u0103 \u0219i aerat\u0103 cur\u0103\u021b\u0103 temeinic \u0219i delicat, \u00eendep\u0103rt\u00e2nd impurit\u0103\u021bile \u0219i machiajul f\u0103r\u0103 a stresa pielea sau a-i perturba bariera natural\u0103 de protec\u021bie.<\/span><\/p>\n<p><b>Avantaje:<\/b><\/p>\n<ul>\n<li style=\"font-weight: 400;\" aria-level=\"1\"><span style=\"font-weight: 400;\">cur\u0103\u021bare foarte delicat\u0103 \u0219i eficient\u0103 chiar \u0219i pentru pielea hipersensibil\u0103;<\/span><\/li>\n<li style=\"font-weight: 400;\" aria-level=\"1\"><span style=\"font-weight: 400;\">\u00eendep\u0103rteaz\u0103 f\u0103r\u0103 efort impurit\u0103\u021bile \u0219i machiajul, inclusiv cel de pe ochi;<\/span><\/li>\n<li style=\"font-weight: 400;\" aria-level=\"1\"><span style=\"font-weight: 400;\">textur\u0103 u\u0219oar\u0103, aerat\u0103 \u2013 aplicare confortabil\u0103, senza\u021bie de cur\u0103\u021benie \u0219i prospe\u021bime;<\/span><\/li>\n<li style=\"font-weight: 400;\" aria-level=\"1\"><span style=\"font-weight: 400;\">potrivit\u0103 pentru toat\u0103 lumea \u2013 produs \u201eunisex\u201d pentru orice tip de piele, pentru orice v\u00e2rst\u0103;<\/span><\/li>\n<li style=\"font-weight: 400;\" aria-level=\"1\"><span style=\"font-weight: 400;\">ambalaj avantajos \u0219i consum minim;<\/span><\/li>\n<li style=\"font-weight: 400;\" aria-level=\"1\"><span style=\"font-weight: 400;\">nu con\u021bine surfactan\u021bi agresivi, parabeni, coloran\u021bi sintetici sau parfumuri intense.<\/span><\/li>\n<\/ul>\n<p><b><i>Inova\u021bii, componente active:<\/i><\/b><\/p>\n<ul>\n<li><b>Alantoin\u0103: <\/b><span style=\"font-weight: 400;\">calmeaz\u0103, catifeleaz\u0103, hidrateaz\u0103, promoveaz\u0103 regenerarea pielii, \u00eei restabile\u0219te propriet\u0103\u021bile de barier\u0103. Adesea utilizat pentru \u00eengrijirea pielii sensibile, inclusiv a pielii cu dermatit\u0103.<\/span><\/li>\n<\/ul>\n<p><b><i>Mod de utilizare: <\/i><\/b><span style=\"font-weight: 400;\">\u00cen fiecare diminea\u021b\u0103 \u0219i\/sau sear\u0103, aplica\u021bi o cantitate mic\u0103 de spum\u0103 (1-2 ap\u0103s\u0103ri) pe pielea fe\u021bei \u0219i a g\u00e2tului cu m\u00e2inile umede, masa\u021bi \u0219i apoi cl\u0103ti\u021bi. Potrivit pentru \u00eendep\u0103rtarea machiajului ochilor.<\/span><\/p>","protected":false},"excerpt":{"rendered":"<p>SOFT CLEANSING MOUSSE, 150 ml<\/p>\n","protected":false},"featured_media":1666,"template":"","meta":[],"product_cat":[40,41],"product_tag":[],"_links":{"self":[{"href":"https:\/\/shop.belar.md\/ro\/wp-json\/wp\/v2\/product\/1665"}],"collection":[{"href":"https:\/\/shop.belar.md\/ro\/wp-json\/wp\/v2\/product"}],"about":[{"href":"https:\/\/shop.belar.md\/ro\/wp-json\/wp\/v2\/types\/product"}],"wp:featuredmedia":[{"embeddable":true,"href":"https:\/\/shop.belar.md\/ro\/wp-json\/wp\/v2\/media\/1666"}],"wp:attachment":[{"href":"https:\/\/shop.belar.md\/ro\/wp-json\/wp\/v2\/media?parent=1665"}],"wp:term":[{"taxonomy":"product_cat","embeddable":true,"href":"https:\/\/shop.belar.md\/ro\/wp-json\/wp\/v2\/product_cat?post=1665"},{"taxonomy":"product_tag","embeddable":true,"href":"https:\/\/shop.belar.md\/ro\/wp-json\/wp\/v2\/product_tag?post=1665"}],"curies":[{"name":"wp","href":"https:\/\/api.w.org\/{rel}","templated":true}]}}