{"id":1663,"date":"2022-01-05T12:46:37","date_gmt":"2022-01-05T12:46:37","guid":{"rendered":"https:\/\/shop.belar.md\/?post_type=product&#038;p=1663"},"modified":"2026-04-20T05:06:17","modified_gmt":"2026-04-20T05:06:17","slug":"deep-xpress-hydro-mask","status":"publish","type":"product","link":"https:\/\/shop.belar.md\/ro\/product\/deep-xpress-hydro-mask\/","title":{"rendered":"Masc\u0103 gel pentru hidratare instantanee \u0219i profund\u0103, intens hidratant\u0103"},"content":{"rendered":"<p><span style=\"font-weight: 400;\">Masc\u0103 anti-age, \u00een form\u0103 de gel revitalizant, cu o textur\u0103 \u00eenc\u00e2nt\u0103toare \u0219i r\u0103coritoare, potole\u0219te instantaneu setea pielii, \u00een special dup\u0103 o pierdere activ\u0103 de hidratare (inclusiv dup\u0103 soare \u0219i solar, proceduri cosmetice intensive, sport, saun\u0103). Con\u021bine o component\u0103 hidratant\u0103 inovatoare \u2013 <\/span><i><span style=\"font-weight: 400;\">Hydro Express Complex*<\/span><\/i><span style=\"font-weight: 400;\">, care satureaz\u0103 instantaneu pielea cu umiditate \u0219i men\u021bine un nivel ridicat de hidratare timp de p\u00e2n\u0103 la 5 zile. Rezultat: dup\u0103 o singur\u0103 aplicare, se observ\u0103 un efect de lifting, ridurile sunt netezite, senza\u021bia de piele str\u00eens\u0103 dispare, pielea arat\u0103 proasp\u0103t\u0103 \u0219i odihnit\u0103. <\/span><i><span style=\"font-weight: 400;\">*Eficien\u021ba complexului Hydro Express<\/span><\/i><span style=\"font-weight: 400;\"> este confirmat\u0103 de studii clinice.<\/span><\/p>\n<p><b><i>Avantaje:<\/i><\/b><\/p>\n<ul>\n<li style=\"font-weight: 400;\" aria-level=\"1\"><span style=\"font-weight: 400;\">restabile\u0219te instantaneu echilibrul hidric, chiar \u0219i al pielii foarte deshidratate;<\/span><\/li>\n<li style=\"font-weight: 400;\" aria-level=\"1\"><span style=\"font-weight: 400;\">indispensabil dup\u0103 pierderea activ\u0103 de umiditate (inclusiv dup\u0103 soare \u0219i solar, sport, saun\u0103);<\/span><\/li>\n<li style=\"font-weight: 400;\" aria-level=\"1\"><span style=\"font-weight: 400;\">ofer\u0103 un efect de lifting vizibil care cre\u0219te cu fiecare utilizare;<\/span><\/li>\n<li style=\"font-weight: 400;\" aria-level=\"1\"><span style=\"font-weight: 400;\">textur\u0103 de gel r\u0103coritor \u2013 pl\u0103cut\u0103 la aplicare, calmeaz\u0103 pielea;<\/span><\/li>\n<li style=\"font-weight: 400;\" aria-level=\"1\"><span style=\"font-weight: 400;\">u\u0219or de aplicat \u0219i de sp\u0103lat;<\/span><\/li>\n<li style=\"font-weight: 400;\" aria-level=\"1\"><span style=\"font-weight: 400;\">consum econom;<\/span><\/li>\n<li style=\"font-weight: 400;\" aria-level=\"1\"><span style=\"font-weight: 400;\">c\u00e2nd este r\u0103cit are un efect antiedematos \u0219i mai pronun\u021bat;<\/span><\/li>\n<li style=\"font-weight: 400;\" aria-level=\"1\"><span style=\"font-weight: 400;\">universal \u2013 pentru orice tip de piele, unisex, pentru orice v\u00e2rst\u0103;<\/span><\/li>\n<li style=\"font-weight: 400;\" aria-level=\"1\"><span style=\"font-weight: 400;\">nu con\u021bine parabeni.<\/span><\/li>\n<\/ul>\n<p><b><i>Inova\u021bii, componente active<\/i><\/b><\/p>\n<ul>\n<li><b>COMPLEX HYDRO EXPRESS:<\/b><span style=\"font-weight: 400;\"> un complex molecular de biopolimeri naturali (acid hialuronic, alginat \u0219i pullulan) cu ingrediente active hidratante ultra concentrate (glicerin\u0103, serin\u0103, trehaloz\u0103, uree). Ingredientele active sunt eliberate treptat \u00een stratul cornos \u2013 la doar 30 de minute de la aplicare, nivelul de hidratare al pielii cre\u0219te cu 25%. Ac\u021bioneaz\u0103 \u00een 2 etape &#8211; restabile\u0219te instantaneu \u0219i pe termen lung nivelul fiziologic de hidratare al pielii, care se men\u021bine mai mult de 5 zile de la aplicare.<\/span><\/li>\n<li><b>PULLULAN:<\/b><span style=\"font-weight: 400;\"> un polizaharid natural produs prin fermenta\u021bie, folosind ciuperca Aureobasidium Pullulans. Este alc\u0103tuit din unit\u0103\u021bi glicozidice \u0219i este foarte solubil \u00een ap\u0103. Un mare avantaj al pullulanului este capacitatea sa de a forma o pelicul\u0103 stabil\u0103, elastic\u0103 \u0219i respirabil\u0103, cre\u00e2nd un efect de lifting vizibil \u0219i luminos.<\/span><\/li>\n<\/ul>\n<p><b><i>Mod de utilizare: <\/i><\/b><span style=\"font-weight: 400;\">De 2-3 ori pe s\u0103pt\u0103m\u00e2n\u0103 sau la necesitate, aplica\u021bi masca \u00eentr-un strat gros pe pielea fe\u021bei, g\u00e2tului \u0219i decolteului, l\u0103sa\u021bi s\u0103 ac\u021bioneze 10-15 minute. Cl\u0103ti\u021bi cu ap\u0103 cald\u0103 sau \u00eendep\u0103rta\u021bi cu comprese calde \u0219i umede.\u00a0<\/span><\/p>\n<p><span style=\"font-weight: 400;\">Sfat: Pentru un efect de r\u0103corire \u0219i drenaj \u0219i mai puternic, depozita\u021bi masca la frigider.<\/span><\/p>","protected":false},"excerpt":{"rendered":"<p>DEEP XPRESS HYDRO MASK 75 ml<\/p>\n","protected":false},"featured_media":1664,"template":"","meta":[],"product_cat":[40,41],"product_tag":[],"_links":{"self":[{"href":"https:\/\/shop.belar.md\/ro\/wp-json\/wp\/v2\/product\/1663"}],"collection":[{"href":"https:\/\/shop.belar.md\/ro\/wp-json\/wp\/v2\/product"}],"about":[{"href":"https:\/\/shop.belar.md\/ro\/wp-json\/wp\/v2\/types\/product"}],"wp:featuredmedia":[{"embeddable":true,"href":"https:\/\/shop.belar.md\/ro\/wp-json\/wp\/v2\/media\/1664"}],"wp:attachment":[{"href":"https:\/\/shop.belar.md\/ro\/wp-json\/wp\/v2\/media?parent=1663"}],"wp:term":[{"taxonomy":"product_cat","embeddable":true,"href":"https:\/\/shop.belar.md\/ro\/wp-json\/wp\/v2\/product_cat?post=1663"},{"taxonomy":"product_tag","embeddable":true,"href":"https:\/\/shop.belar.md\/ro\/wp-json\/wp\/v2\/product_tag?post=1663"}],"curies":[{"name":"wp","href":"https:\/\/api.w.org\/{rel}","templated":true}]}}