{"id":1656,"date":"2022-01-05T12:10:30","date_gmt":"2022-01-05T12:10:30","guid":{"rendered":"https:\/\/shop.belar.md\/?post_type=product&#038;p=1656"},"modified":"2026-04-16T05:00:57","modified_gmt":"2026-04-16T05:00:57","slug":"aqualift-eye-gel","status":"publish","type":"product","link":"https:\/\/shop.belar.md\/ro\/product\/aqualift-eye-gel\/","title":{"rendered":"Gel lifting ultrahidratant pentru conturul ochilor"},"content":{"rendered":"<p><span style=\"font-weight: 400;\">Gel anti-age pentru conturul ochilor, u\u0219or \u0219i r\u0103coritor, hidrateaz\u0103 \u0219i tonific\u0103 instantaneu pielea. Ai nevoie s\u0103 elimini rapid semnele de oboseal\u0103 \u0219i lips\u0103 de somn? Acest gel este solu\u021bia. Acidul hialuronic de dou\u0103 tipuri (cu greutate molecular\u0103 mare \u0219i mic\u0103) neteze\u0219te ridurile ca un filler,<\/span><i><span style=\"font-weight: 400;\"> Imperata Cylindrica<\/span><\/i><span style=\"font-weight: 400;\"> men\u021bine echilibrul de hidratare, <\/span><i><span style=\"font-weight: 400;\">biocomplexul vegetal Sensitive<\/span><\/i><span style=\"font-weight: 400;\"> reduce ro\u0219ea\u021ba, edemul \u0219i ilumineaz\u0103 vizibil cearc\u0103nele*. Extractul de celule stem din struguri ro\u0219ii stimuleaz\u0103 re\u00eennoirea pielii, protejeaz\u0103 \u00eempotriva daunelor UV \u0219i \u00eencetine\u0219te \u00eemb\u0103tr\u00e2nirea biologic\u0103 a acesteia. Rezultat: piele hidratat\u0103 \u0219i neted\u0103, efect de lifting de lung\u0103 durat\u0103 \u0219i aspect radiant. <\/span><i><span style=\"font-weight: 400;\">AQUALIFT EYE GEL<\/span><\/i><span style=\"font-weight: 400;\"> este potrivit pentru oricine \u2013 este un produs unisex, pentru orice v\u00e2rst\u0103. Testat oftalmologic. O alegere excelent\u0103 dac\u0103 purta\u021bi lentile de contact.<\/span><\/p>\n<p><b><i>Avantaje:<\/i><\/b><\/p>\n<ul>\n<li style=\"font-weight: 400;\" aria-level=\"1\"><span style=\"font-weight: 400;\">Produs 5 \u00een 1 pentru conturul ochilor \u2013 hidratare, lifting, reducerea pungilor de sub ochi \u0219i a cearc\u0103nelor, netezirea ridurilor;<\/span><\/li>\n<li style=\"font-weight: 400;\" aria-level=\"1\"><span style=\"font-weight: 400;\">textur\u0103 de gel excep\u021bional de confortabil\u0103, se absoarbe rapid;<\/span><\/li>\n<li style=\"font-weight: 400;\" aria-level=\"1\"><span style=\"font-weight: 400;\">rezultat instantaneu: piele hidratat\u0103, radiant\u0103, neted\u0103, f\u0103r\u0103 riduri \u0219i pungi;<\/span><\/li>\n<li style=\"font-weight: 400;\" aria-level=\"1\"><span style=\"font-weight: 400;\">efect anti-age cumulativ \u2013 \u00eembun\u0103t\u0103\u021birea calit\u0103\u021bii pielii, cre\u0219terea densit\u0103\u021bii acesteia, reducerea cearc\u0103nelor;<\/span><\/li>\n<li style=\"font-weight: 400;\" aria-level=\"1\"><span style=\"font-weight: 400;\">cea mai bun\u0103 op\u021biune pentru oricine poart\u0103 lentile de contact \u0219i pentru pielea din jurul ochilor cu sensibilitate crescut\u0103;<\/span><\/li>\n<li style=\"font-weight: 400;\" aria-level=\"1\"><span style=\"font-weight: 400;\">\u201eunisex\u201d &#8211; un produs pentru orice v\u00e2rst\u0103, pentru orice tip de piele;<\/span><\/li>\n<li style=\"font-weight: 400;\" aria-level=\"1\"><span style=\"font-weight: 400;\">ambalaj avantajos, cu dozator \u0219i consum econom;<\/span><\/li>\n<li style=\"font-weight: 400;\" aria-level=\"1\"><span style=\"font-weight: 400;\">nu con\u021bine parabeni.<\/span><\/li>\n<\/ul>\n<p><b><i>Inova\u021bii, componente active<\/i><\/b><\/p>\n<ul>\n<li><b>Acid hialuronic cu greutate molecular\u0103 mare:<\/b><span style=\"font-weight: 400;\"> un agent hidratant ob\u021binut biotehnologic, cu o capacitate puternic\u0103 de a lega \u0219i re\u021bine umiditatea la suprafa\u021ba pielii: formeaz\u0103 o pelicul\u0103 de re\u021binere a umidit\u0103\u021bii la suprafa\u021ba pielii, previne pierderea transepidermic\u0103 de ap\u0103 (TEWL). Umple ridurile cauzate de deshidratare.<\/span><\/li>\n<li><b>Acid hialuronic cu greutate molecular\u0103 mic\u0103:<\/b> <span style=\"font-weight: 400;\">Un agent hidratant derivat din biotehnologie, cu o puternic\u0103 capacitate de legare a umezelii. P\u0103trunde \u00een straturile profunde ale epidermei, previne pierderea umidit\u0103\u021bii, neteze\u0219te pielea din interior.<\/span><\/li>\n<li><b>Extract de Imperata Cylindrica: <\/b><span style=\"font-weight: 400;\">cre\u0219te semnificativ nivelul de umiditate din straturile superioare ale epidermei (hidratare osmotic\u0103), men\u021bin\u00e2ndu-l pentru o perioad\u0103 lung\u0103 de timp: la 24 de ore de la aplicare, nivelul de hidratare al pielii este cu 20% mai mare dec\u00e2t valoarea de control.<\/span><\/li>\n<li><b>Complex de plante Sensitive:<\/b> <span style=\"font-weight: 400;\">un biocomplex vegetal extrem de activ, care con\u021bine extracte de g\u0103lbenele, escin\u0103 din castan s\u0103lbatic, m\u0103tura m\u0103celarului, g\u0103lbenele \u0219i acid glicirizic amoniacal din r\u0103d\u0103cin\u0103 de lemn dulce. Calmeaz\u0103 rapid pielea iritat\u0103 \u0219i reduce ro\u0219ea\u021ba.<\/span><\/li>\n<\/ul>\n<p><b>Extract de celule stem din struguri ro\u0219ii:<\/b> <span style=\"font-weight: 400;\">component anti-age. Protejeaz\u0103 celulele stem ale pielii de efectele razelor ultraviolete, cre\u0219te toleran\u021ba pielii la radia\u021biile ultraviolete, combate foto\u00eemb\u0103tr\u00e2nirea \u0219i stopeaz\u0103 \u00eemb\u0103tr\u00e2nirea biologic\u0103 a celulelor pielii.<\/span><\/p>\n<p><b><i>Mod de utilizare:<\/i><\/b><span style=\"font-weight: 400;\">\u00a0<\/span><span style=\"font-weight: 400;\">Diminea\u021ba \u0219i\/sau seara. Aplica\u021bi o cantitate mic\u0103 de gel pe pielea din jurul ochilor prin mi\u0219c\u0103ri u\u0219oare de tapotare, p\u00e2n\u0103 la absorb\u021bia complet\u0103. Gelul poate fi r\u0103cit, \u00eenainte de utilizare, pentru un efect maxim decongestionant \u0219i revigorant.<\/span><\/p>","protected":false},"excerpt":{"rendered":"<p><strong>AQUALIFT EYE GEL 15 ml<\/strong><\/p>\n","protected":false},"featured_media":1658,"template":"","meta":[],"product_cat":[40,41],"product_tag":[],"_links":{"self":[{"href":"https:\/\/shop.belar.md\/ro\/wp-json\/wp\/v2\/product\/1656"}],"collection":[{"href":"https:\/\/shop.belar.md\/ro\/wp-json\/wp\/v2\/product"}],"about":[{"href":"https:\/\/shop.belar.md\/ro\/wp-json\/wp\/v2\/types\/product"}],"wp:featuredmedia":[{"embeddable":true,"href":"https:\/\/shop.belar.md\/ro\/wp-json\/wp\/v2\/media\/1658"}],"wp:attachment":[{"href":"https:\/\/shop.belar.md\/ro\/wp-json\/wp\/v2\/media?parent=1656"}],"wp:term":[{"taxonomy":"product_cat","embeddable":true,"href":"https:\/\/shop.belar.md\/ro\/wp-json\/wp\/v2\/product_cat?post=1656"},{"taxonomy":"product_tag","embeddable":true,"href":"https:\/\/shop.belar.md\/ro\/wp-json\/wp\/v2\/product_tag?post=1656"}],"curies":[{"name":"wp","href":"https:\/\/api.w.org\/{rel}","templated":true}]}}