{"id":1114,"date":"2021-02-17T16:39:21","date_gmt":"2021-02-17T16:39:21","guid":{"rendered":"http:\/\/shop.belar.md\/product\/christina-chateau-de-beaute-deep-beaute-night-cream\/"},"modified":"2026-04-20T05:03:21","modified_gmt":"2026-04-20T05:03:21","slug":"christina-chateau-de-beaute-deep-beaute-night-cream","status":"publish","type":"product","link":"https:\/\/shop.belar.md\/ro\/product\/christina-chateau-de-beaute-deep-beaute-night-cream\/","title":{"rendered":"Crem\u0103 de noapte intensiv\u0103 de re\u00eennoire"},"content":{"rendered":"<p>Crema nutritiv\u0103 reface pielea sub\u021bire \u0219i uscat\u0103, stimuleaz\u0103 producerea de colagen, elastin\u0103, acid hialuronic, care ajut\u0103 la reducerea severit\u0103\u021bii ridurilor fine.<br \/>\nIngrediente: Ap\u0103 deionizat\u0103, unt de shea, palmitat de cetil, ulei de avocado, fitosterol, ulei de m\u0103sline, ulei de semin\u021be de jojoba, extract de boabe de struguri, ulei de germeni de gr\u00e2u, ulei de semin\u021be de struguri, acetat de tocoferol, resveratrol, oligopeptid\u0103-24.<br \/>\nInstruc\u021biuni: Aplica\u021bi \u00een strat sub\u021bire pe pielea curat\u0103 a fe\u021bei \u0219i a g\u00e2tului, infuza\u021bi p\u00e2n\u0103 la absorb\u021bia complet\u0103. Aplica\u021bi seara.<\/p>","protected":false},"excerpt":{"rendered":"<p>Christina Chateau de Beaute Deep Beaute Night Cream, 50 ml<\/p>\n","protected":false},"featured_media":3251,"template":"","meta":[],"product_cat":[40,41],"product_tag":[],"_links":{"self":[{"href":"https:\/\/shop.belar.md\/ro\/wp-json\/wp\/v2\/product\/1114"}],"collection":[{"href":"https:\/\/shop.belar.md\/ro\/wp-json\/wp\/v2\/product"}],"about":[{"href":"https:\/\/shop.belar.md\/ro\/wp-json\/wp\/v2\/types\/product"}],"wp:featuredmedia":[{"embeddable":true,"href":"https:\/\/shop.belar.md\/ro\/wp-json\/wp\/v2\/media\/3251"}],"wp:attachment":[{"href":"https:\/\/shop.belar.md\/ro\/wp-json\/wp\/v2\/media?parent=1114"}],"wp:term":[{"taxonomy":"product_cat","embeddable":true,"href":"https:\/\/shop.belar.md\/ro\/wp-json\/wp\/v2\/product_cat?post=1114"},{"taxonomy":"product_tag","embeddable":true,"href":"https:\/\/shop.belar.md\/ro\/wp-json\/wp\/v2\/product_tag?post=1114"}],"curies":[{"name":"wp","href":"https:\/\/api.w.org\/{rel}","templated":true}]}}