{"id":1110,"date":"2021-02-17T16:39:19","date_gmt":"2021-02-17T16:39:19","guid":{"rendered":"http:\/\/shop.belar.md\/product\/christina-chateau-de-beaute-rejuvenating-vineyard-eye-cream\/"},"modified":"2026-04-20T05:03:22","modified_gmt":"2026-04-20T05:03:22","slug":"christina-chateau-de-beaute-rejuvenating-vineyard-eye-cream","status":"publish","type":"product","link":"https:\/\/shop.belar.md\/ro\/product\/christina-chateau-de-beaute-rejuvenating-vineyard-eye-cream\/","title":{"rendered":"Christina Chateau de Beaute Rejuvenating Vineyard Eye Cream"},"content":{"rendered":"<p>Hr\u0103ne\u0219te delicat, regenereaz\u0103 \u0219i protejeaz\u0103 pielea din jurul ochilor. Con\u021bine o peptid\u0103 care stimuleaz\u0103 produc\u021bia de colagen, elastin\u0103 \u0219i acid hialuronic pentru a ajuta la combaterea ridurilor.<br \/>\nIngrediente: Ap\u0103 deionizat\u0103, glicerin\u0103, unt de shea, palmitat de cetil, hidrolizat de orez \u0219i proteine din soia, oxidoreductaz\u0103, ulei de avocado, fitosterol, ulei de m\u0103sline, ulei de semin\u021be de jojoba, extract de boabe de struguri, ulei de germeni de gr\u00e2u, ulei de semin\u021be de struguri, acetat de tocoferol, oligopeptidrolid 24.<br \/>\nInstruc\u021biuni: Aplica\u021bi u\u0219or o cantitate mic\u0103 de crem\u0103 pe pielea din jurul ochilor, f\u0103r\u0103 a ajunge la marginea ciliar\u0103 a pleoapelor 0,5-1 cm, cu mi\u0219c\u0103ri u\u0219oare de b\u0103taie p\u00e2n\u0103 la absorb\u021bia complet\u0103.<br \/>\n<\/p>","protected":false},"excerpt":{"rendered":"<p>Crem\u0103 de \u00eentinerire pentru zona din jurul ochilor, 30 ml<\/p>\n","protected":false},"featured_media":3766,"template":"","meta":[],"product_cat":[41],"product_tag":[],"_links":{"self":[{"href":"https:\/\/shop.belar.md\/ro\/wp-json\/wp\/v2\/product\/1110"}],"collection":[{"href":"https:\/\/shop.belar.md\/ro\/wp-json\/wp\/v2\/product"}],"about":[{"href":"https:\/\/shop.belar.md\/ro\/wp-json\/wp\/v2\/types\/product"}],"wp:featuredmedia":[{"embeddable":true,"href":"https:\/\/shop.belar.md\/ro\/wp-json\/wp\/v2\/media\/3766"}],"wp:attachment":[{"href":"https:\/\/shop.belar.md\/ro\/wp-json\/wp\/v2\/media?parent=1110"}],"wp:term":[{"taxonomy":"product_cat","embeddable":true,"href":"https:\/\/shop.belar.md\/ro\/wp-json\/wp\/v2\/product_cat?post=1110"},{"taxonomy":"product_tag","embeddable":true,"href":"https:\/\/shop.belar.md\/ro\/wp-json\/wp\/v2\/product_tag?post=1110"}],"curies":[{"name":"wp","href":"https:\/\/api.w.org\/{rel}","templated":true}]}}