{"id":1104,"date":"2021-02-17T16:39:16","date_gmt":"2021-02-17T16:39:16","guid":{"rendered":"http:\/\/shop.belar.md\/product\/christina-chateau-de-beaute-absolute-perfect\/"},"modified":"2026-04-18T05:02:27","modified_gmt":"2026-04-18T05:02:27","slug":"christina-chateau-de-beaute-absolute-perfect","status":"publish","type":"product","link":"https:\/\/shop.belar.md\/ro\/product\/christina-chateau-de-beaute-absolute-perfect\/","title":{"rendered":"Christina Chateau de Beaute Absolute Perfect"},"content":{"rendered":"<p>Con\u021bine un complex de ingrediente anti-\u00eemb\u0103tr\u00e2nire care ajut\u0103 la netezirea ridurilor \u0219i la cre\u0219terea elasticit\u0103\u021bii pielii. Poate fi utilizat \u00een zona din jurul ochilor, plec\u00e2nd la 0,5-1 cm de marginea pleoapelor. Poate fi folosit ca remediu independent \u00een sezonul cald dac\u0103 pielea este gras\u0103.<br \/>\nIngrediente: Ap\u0103 deionizat\u0103, gum\u0103 de salc\u00e2m senegalez\u0103, hidrolizat de micoriza, palmitat de zaharoz\u0103, trigliceride caprilice, extract de r\u0103\u0219in\u0103 de comiphora, glicerin\u0103, clorur\u0103 de magneziu, complex peptidic 3D, hialuronat de sodiu, retinoat de hidroxipinocalon\u0103, acetat de tocoferol, ulei din semin\u021be de struguri.<br \/>\nInstruc\u021biuni: Aplica\u021bi 1-2 clicuri de ser pe fa\u021b\u0103, g\u00e2t \u0219i zona decolteului cu mi\u0219c\u0103ri u\u0219oare de masaj p\u00e2n\u0103 la absorb\u021bia complet\u0103.<br \/>\n<\/p>","protected":false},"excerpt":{"rendered":"<p>Ser &#8220;Perfec\u021biune absolut\u0103&#8221;, 30 ml<\/p>\n","protected":false},"featured_media":3765,"template":"","meta":[],"product_cat":[41],"product_tag":[],"_links":{"self":[{"href":"https:\/\/shop.belar.md\/ro\/wp-json\/wp\/v2\/product\/1104"}],"collection":[{"href":"https:\/\/shop.belar.md\/ro\/wp-json\/wp\/v2\/product"}],"about":[{"href":"https:\/\/shop.belar.md\/ro\/wp-json\/wp\/v2\/types\/product"}],"wp:featuredmedia":[{"embeddable":true,"href":"https:\/\/shop.belar.md\/ro\/wp-json\/wp\/v2\/media\/3765"}],"wp:attachment":[{"href":"https:\/\/shop.belar.md\/ro\/wp-json\/wp\/v2\/media?parent=1104"}],"wp:term":[{"taxonomy":"product_cat","embeddable":true,"href":"https:\/\/shop.belar.md\/ro\/wp-json\/wp\/v2\/product_cat?post=1104"},{"taxonomy":"product_tag","embeddable":true,"href":"https:\/\/shop.belar.md\/ro\/wp-json\/wp\/v2\/product_tag?post=1104"}],"curies":[{"name":"wp","href":"https:\/\/api.w.org\/{rel}","templated":true}]}}