{"id":1102,"date":"2021-02-17T16:39:15","date_gmt":"2021-02-17T16:39:15","guid":{"rendered":"http:\/\/shop.belar.md\/product\/christina-chateau-de-beaute-vino-pure-cleanser\/"},"modified":"2026-04-20T05:03:25","modified_gmt":"2026-04-20T05:03:25","slug":"christina-chateau-de-beaute-vino-pure-cleanser","status":"publish","type":"product","link":"https:\/\/shop.belar.md\/ro\/product\/christina-chateau-de-beaute-vino-pure-cleanser\/","title":{"rendered":"Christina Chateau de Beaute Vino Pure Cleanser"},"content":{"rendered":"<p>Gelul u\u0219or alcalin cu extract de struguri ro\u0219ii cur\u0103\u021b\u0103 delicat tenul de machiaj \u0219i impurit\u0103\u021bile de pe suprafa\u021b\u0103 fe\u021bei, preg\u0103tind-o pentru urm\u0103toarele etape de \u00eengrijire.<br \/>\nIngrediente: Ap\u0103 deionizat\u0103, cocoamfoacetat disodic, extract de mu\u0219e\u021bel, uree, extract de boabe de struguri, polisorbat-20, zaharoz\u0103.<br \/>\nInstruc\u021biuni: Cu mi\u0219c\u0103ri u\u0219oare de masaj, aplica\u021bi o cantitate mic\u0103 de preparat pe pielea umed\u0103 a fe\u021bei, g\u00e2tului \u0219i decolteului, demachia\u021bi \u0219i \/ sau cur\u0103\u021ba\u021bi, apoi cl\u0103ti\u021bi cu ap\u0103 cald\u0103.<br \/>\n<\/p>","protected":false},"excerpt":{"rendered":"<p>Gel de cur\u0103\u021bare pe baza extractului de strugure, 300 ml<\/p>\n","protected":false},"featured_media":3768,"template":"","meta":[],"product_cat":[41],"product_tag":[],"_links":{"self":[{"href":"https:\/\/shop.belar.md\/ro\/wp-json\/wp\/v2\/product\/1102"}],"collection":[{"href":"https:\/\/shop.belar.md\/ro\/wp-json\/wp\/v2\/product"}],"about":[{"href":"https:\/\/shop.belar.md\/ro\/wp-json\/wp\/v2\/types\/product"}],"wp:featuredmedia":[{"embeddable":true,"href":"https:\/\/shop.belar.md\/ro\/wp-json\/wp\/v2\/media\/3768"}],"wp:attachment":[{"href":"https:\/\/shop.belar.md\/ro\/wp-json\/wp\/v2\/media?parent=1102"}],"wp:term":[{"taxonomy":"product_cat","embeddable":true,"href":"https:\/\/shop.belar.md\/ro\/wp-json\/wp\/v2\/product_cat?post=1102"},{"taxonomy":"product_tag","embeddable":true,"href":"https:\/\/shop.belar.md\/ro\/wp-json\/wp\/v2\/product_tag?post=1102"}],"curies":[{"name":"wp","href":"https:\/\/api.w.org\/{rel}","templated":true}]}}