{"id":1094,"date":"2021-02-17T16:39:13","date_gmt":"2021-02-17T16:39:13","guid":{"rendered":"http:\/\/shop.belar.md\/product\/christina-muse-illuminating-gommage\/"},"modified":"2026-04-19T05:00:41","modified_gmt":"2026-04-19T05:00:41","slug":"christina-muse-illuminating-gommage","status":"publish","type":"product","link":"https:\/\/shop.belar.md\/ro\/product\/christina-muse-illuminating-gommage\/","title":{"rendered":"Christina  Muse Illuminating Gommage"},"content":{"rendered":"<p>Cur\u0103\u021b\u0103 eficient, exfoliaz\u0103 celulele moarte ale epidermei, absoarbe \u0219i \u00eendep\u0103rteaz\u0103 impurit\u0103\u021bile profunde. Dup\u0103 aplicare, suprafa\u021ba pielii este curat\u0103, neted\u0103 \u0219i catifelat\u0103 la atingere.<br \/>\nIngrediente: Parafin\u0103, ap\u0103 de trandafiri, extract albastru de floarea porumbului, extract de p\u0103trunjel, complex ActiRose, alantoin\u0103.<br \/>\nInstruc\u021biuni: Aplica\u021bi un strat sub\u021bire pe pielea fe\u021bei, evit\u00e2nd zona din jurul ochilor, dac\u0103 este necesar pe g\u00e2t \u0219i decolteu, l\u0103sa\u021bi s\u0103 se usuce complet (5-10 minute), apoi \u00eendep\u0103rta\u021bi cu mi\u0219c\u0103ri circulare de rulare, cl\u0103ti\u021bi resturile cu ap\u0103 cald\u0103.<br \/>\n<\/p>","protected":false},"excerpt":{"rendered":"<p>Gommage cu efect de iluminare, 75 ml<\/p>\n","protected":false},"featured_media":4979,"template":"","meta":[],"product_cat":[41],"product_tag":[],"_links":{"self":[{"href":"https:\/\/shop.belar.md\/ro\/wp-json\/wp\/v2\/product\/1094"}],"collection":[{"href":"https:\/\/shop.belar.md\/ro\/wp-json\/wp\/v2\/product"}],"about":[{"href":"https:\/\/shop.belar.md\/ro\/wp-json\/wp\/v2\/types\/product"}],"wp:featuredmedia":[{"embeddable":true,"href":"https:\/\/shop.belar.md\/ro\/wp-json\/wp\/v2\/media\/4979"}],"wp:attachment":[{"href":"https:\/\/shop.belar.md\/ro\/wp-json\/wp\/v2\/media?parent=1094"}],"wp:term":[{"taxonomy":"product_cat","embeddable":true,"href":"https:\/\/shop.belar.md\/ro\/wp-json\/wp\/v2\/product_cat?post=1094"},{"taxonomy":"product_tag","embeddable":true,"href":"https:\/\/shop.belar.md\/ro\/wp-json\/wp\/v2\/product_tag?post=1094"}],"curies":[{"name":"wp","href":"https:\/\/api.w.org\/{rel}","templated":true}]}}