{"id":1090,"date":"2021-02-17T16:39:12","date_gmt":"2021-02-17T16:39:12","guid":{"rendered":"http:\/\/shop.belar.md\/product\/christina-muse-revitalizing-night-cream\/"},"modified":"2026-04-19T05:00:42","modified_gmt":"2026-04-19T05:00:42","slug":"christina-muse-revitalizing-night-cream","status":"publish","type":"product","link":"https:\/\/shop.belar.md\/ro\/product\/christina-muse-revitalizing-night-cream\/","title":{"rendered":"Christina Muse Revitalizing Night Cream"},"content":{"rendered":"<p>Crema u\u0219oar\u0103 cu acid glicolic are un efect exfoliant \u0219i stimulativ u\u0219or, datorit\u0103 c\u0103ruia suprafa\u021ba pielii este netezit\u0103 treptat, tonul devine mai uniform \u0219i mai u\u0219or. Hidrateaz\u0103 \u0219i combate \u00eemb\u0103tr\u00e2nirea prematur\u0103.<br \/>\nIngrediente: Glicerin\u0103, acid glicolic 3%, carbonat de pirolidon\u0103 de sodiu, fructoz\u0103, glicin\u0103, vitamine B3, B8, E, uree, cear\u0103 de albine, complex ActiRose, extract de bumbac, dimeticon\u0103, dipeptid\u0103-4, alantoin\u0103, izomalt, extract de celule stem de trandafir alpin, lecitin\u0103.<br \/>\nInstruc\u021biuni: Aplica\u021bi o cantitate mic\u0103 de crem\u0103 seara pe pielea cur\u0103\u021bat\u0103 a fe\u021bei, g\u00e2tului, decolteului. Masa\u021bi u\u0219or p\u00e2n\u0103 c\u00e2nd este complet absorbit. Folosi\u021bi \u00eentotdeauna protec\u021bie solar\u0103 diminea\u021ba.<br \/>\n<\/p>","protected":false},"excerpt":{"rendered":"<p>Crema de noapte revitalizanta, 50 ml<\/p>\n","protected":false},"featured_media":1089,"template":"","meta":[],"product_cat":[41],"product_tag":[],"_links":{"self":[{"href":"https:\/\/shop.belar.md\/ro\/wp-json\/wp\/v2\/product\/1090"}],"collection":[{"href":"https:\/\/shop.belar.md\/ro\/wp-json\/wp\/v2\/product"}],"about":[{"href":"https:\/\/shop.belar.md\/ro\/wp-json\/wp\/v2\/types\/product"}],"wp:featuredmedia":[{"embeddable":true,"href":"https:\/\/shop.belar.md\/ro\/wp-json\/wp\/v2\/media\/1089"}],"wp:attachment":[{"href":"https:\/\/shop.belar.md\/ro\/wp-json\/wp\/v2\/media?parent=1090"}],"wp:term":[{"taxonomy":"product_cat","embeddable":true,"href":"https:\/\/shop.belar.md\/ro\/wp-json\/wp\/v2\/product_cat?post=1090"},{"taxonomy":"product_tag","embeddable":true,"href":"https:\/\/shop.belar.md\/ro\/wp-json\/wp\/v2\/product_tag?post=1090"}],"curies":[{"name":"wp","href":"https:\/\/api.w.org\/{rel}","templated":true}]}}