{"id":1086,"date":"2021-02-17T16:39:10","date_gmt":"2021-02-17T16:39:10","guid":{"rendered":"http:\/\/shop.belar.md\/product\/christina-muse-restoring-eye-cream\/"},"modified":"2026-04-19T05:00:42","modified_gmt":"2026-04-19T05:00:42","slug":"christina-muse-restoring-eye-cream","status":"publish","type":"product","link":"https:\/\/shop.belar.md\/ro\/product\/christina-muse-restoring-eye-cream\/","title":{"rendered":"Christina Muse Restoring Eye Cream"},"content":{"rendered":"<p>\u00cembun\u0103t\u0103\u021be\u0219te microcircula\u021bia pielii din jurul ochilor, elimin\u0103 pastozitatea, previne apari\u021bia cearc\u0103nelor. Reduce aspectul ridurilor. Se absoarbe rapid, l\u0103s\u00e2nd o senza\u021bie de prospe\u021bime \u0219i \u00eengrijit.<br \/>\nIngrediente: Propilen glicol, orez \u0219i proteine din soia hidrolizat, oxidoreductaz\u0103, parafin\u0103, cofein\u0103, pentapeptid\u0103-34, vitamina E, alantoin\u0103.<br \/>\nInstruc\u021biuni: Aplica\u021bi pe pielea cur\u0103\u021bat\u0103 din jurul ochilor, aplica\u021bi cu mi\u0219c\u0103ri circulare u\u0219oare p\u00e2n\u0103 la absorb\u021bia complet\u0103. Utiliza\u021bi de 2 ori pe zi.<br \/>\n<\/p>","protected":false},"excerpt":{"rendered":"<p>Crema revitalizant\u0103 pentru ochi, 30 ml<\/p>\n","protected":false},"featured_media":1085,"template":"","meta":[],"product_cat":[41],"product_tag":[],"_links":{"self":[{"href":"https:\/\/shop.belar.md\/ro\/wp-json\/wp\/v2\/product\/1086"}],"collection":[{"href":"https:\/\/shop.belar.md\/ro\/wp-json\/wp\/v2\/product"}],"about":[{"href":"https:\/\/shop.belar.md\/ro\/wp-json\/wp\/v2\/types\/product"}],"wp:featuredmedia":[{"embeddable":true,"href":"https:\/\/shop.belar.md\/ro\/wp-json\/wp\/v2\/media\/1085"}],"wp:attachment":[{"href":"https:\/\/shop.belar.md\/ro\/wp-json\/wp\/v2\/media?parent=1086"}],"wp:term":[{"taxonomy":"product_cat","embeddable":true,"href":"https:\/\/shop.belar.md\/ro\/wp-json\/wp\/v2\/product_cat?post=1086"},{"taxonomy":"product_tag","embeddable":true,"href":"https:\/\/shop.belar.md\/ro\/wp-json\/wp\/v2\/product_tag?post=1086"}],"curies":[{"name":"wp","href":"https:\/\/api.w.org\/{rel}","templated":true}]}}