{"id":1082,"date":"2021-02-17T16:39:09","date_gmt":"2021-02-17T16:39:09","guid":{"rendered":"http:\/\/shop.belar.md\/product\/christina-muse-absolute-defence\/"},"modified":"2026-04-19T05:00:41","modified_gmt":"2026-04-19T05:00:41","slug":"christina-muse-absolute-defence","status":"publish","type":"product","link":"https:\/\/shop.belar.md\/ro\/product\/christina-muse-absolute-defence\/","title":{"rendered":"Christina Muse Absolute Defence"},"content":{"rendered":"<p>Hidrateaz\u0103, \u00eent\u0103re\u0219te bariera pielii \u0219i previne pigmentarea. Datorit\u0103 complexului inovator Telosense Active, previne modific\u0103rile pielii legate de v\u00e2rst\u0103. Poate fi folosit ca baz\u0103 de machiaj.<br \/>\nIngrediente Complex activ Telosense, ciclometicon\u0103, glicerin\u0103, hialuronat de sodiu, extract de p\u0103trunjel, complex ActiRose, proteine din soia hidrolizate, proteine din drojdii hidrolizate, vitamina E.<br \/>\nInstruc\u021biuni: Aplica\u021bi serul pe pielea curat\u0103 a fe\u021bei, g\u00e2tului, decolteului. Introduce\u021bi cu mi\u0219c\u0103ri u\u0219oare p\u00e2n\u0103 la absorb\u021bia complet\u0103. Dup\u0103 10-15 minute, aplica\u021bi protec\u021bie solar\u0103 sau \u00eencepe\u021bi machiajul.<br \/>\n<\/p>","protected":false},"excerpt":{"rendered":"<p>Ser &#8220;Protec\u021bie Absolut\u0103&#8221;, 30 ml<\/p>\n","protected":false},"featured_media":1081,"template":"","meta":[],"product_cat":[41],"product_tag":[],"_links":{"self":[{"href":"https:\/\/shop.belar.md\/ro\/wp-json\/wp\/v2\/product\/1082"}],"collection":[{"href":"https:\/\/shop.belar.md\/ro\/wp-json\/wp\/v2\/product"}],"about":[{"href":"https:\/\/shop.belar.md\/ro\/wp-json\/wp\/v2\/types\/product"}],"wp:featuredmedia":[{"embeddable":true,"href":"https:\/\/shop.belar.md\/ro\/wp-json\/wp\/v2\/media\/1081"}],"wp:attachment":[{"href":"https:\/\/shop.belar.md\/ro\/wp-json\/wp\/v2\/media?parent=1082"}],"wp:term":[{"taxonomy":"product_cat","embeddable":true,"href":"https:\/\/shop.belar.md\/ro\/wp-json\/wp\/v2\/product_cat?post=1082"},{"taxonomy":"product_tag","embeddable":true,"href":"https:\/\/shop.belar.md\/ro\/wp-json\/wp\/v2\/product_tag?post=1082"}],"curies":[{"name":"wp","href":"https:\/\/api.w.org\/{rel}","templated":true}]}}