{"id":1078,"date":"2021-02-17T16:39:08","date_gmt":"2021-02-17T16:39:08","guid":{"rendered":"http:\/\/shop.belar.md\/product\/christina-silk-upgrade-cream\/"},"modified":"2026-04-18T05:02:33","modified_gmt":"2026-04-18T05:02:33","slug":"christina-silk-upgrade-cream","status":"publish","type":"product","link":"https:\/\/shop.belar.md\/ro\/product\/christina-silk-upgrade-cream\/","title":{"rendered":"Christina Silk UpGrade Cream"},"content":{"rendered":"<p>Crema de densitate medie este \u00eembog\u0103\u021bit\u0103 cu antioxidan\u021bi, extracte din plante, ingrediente hidratante \u0219i lipide valoroase, are efecte antiinflamatorii \u0219i vindec\u0103toare. Nu con\u021bine protec\u021bie solar\u0103.<br \/>\nIngrediente: Glucoz\u0103, fructoz\u0103, zaharoz\u0103, squalen, extract de frunze de aloe vera, extract de scoar\u021b\u0103 de mimoz\u0103, unt de shea, extract de floare de calendula, fosfolipide, acetat de tocoferol, acid hialuronic, palmitat de retinil, acizi linolenici \u0219i linoleici (vitamina F), alantoin\u0103, m\u0103tase hidrolizat\u0103.<br \/>\nInstruc\u021biuni: Aplica\u021bi un strat sub\u021bire pe toat\u0103 fa\u021ba \u0219i g\u00e2tul. Poate fi folosit \u00een fiecare sear\u0103 \u0219i, de asemenea, diminea\u021ba ca baz\u0103 de machiaj.<br \/>\n<\/p>","protected":false},"excerpt":{"rendered":"<p>Crem\u0103 de regenerare pentru fa\u021b\u0103, 50 ml<\/p>\n","protected":false},"featured_media":1077,"template":"","meta":[],"product_cat":[41],"product_tag":[],"_links":{"self":[{"href":"https:\/\/shop.belar.md\/ro\/wp-json\/wp\/v2\/product\/1078"}],"collection":[{"href":"https:\/\/shop.belar.md\/ro\/wp-json\/wp\/v2\/product"}],"about":[{"href":"https:\/\/shop.belar.md\/ro\/wp-json\/wp\/v2\/types\/product"}],"wp:featuredmedia":[{"embeddable":true,"href":"https:\/\/shop.belar.md\/ro\/wp-json\/wp\/v2\/media\/1077"}],"wp:attachment":[{"href":"https:\/\/shop.belar.md\/ro\/wp-json\/wp\/v2\/media?parent=1078"}],"wp:term":[{"taxonomy":"product_cat","embeddable":true,"href":"https:\/\/shop.belar.md\/ro\/wp-json\/wp\/v2\/product_cat?post=1078"},{"taxonomy":"product_tag","embeddable":true,"href":"https:\/\/shop.belar.md\/ro\/wp-json\/wp\/v2\/product_tag?post=1078"}],"curies":[{"name":"wp","href":"https:\/\/api.w.org\/{rel}","templated":true}]}}