{"id":1070,"date":"2021-02-17T16:39:05","date_gmt":"2021-02-17T16:39:05","guid":{"rendered":"http:\/\/shop.belar.md\/product\/christina-silk-my-silky-serum\/"},"modified":"2026-04-20T05:04:20","modified_gmt":"2026-04-20T05:04:20","slug":"christina-silk-my-silky-serum","status":"publish","type":"product","link":"https:\/\/shop.belar.md\/ro\/product\/christina-silk-my-silky-serum\/","title":{"rendered":"Christina Silk My Silky Serum"},"content":{"rendered":"<p>Creeaz\u0103 un strat protector pe suprafa\u021ba pielii, l\u0103s\u00e2nd-o moale \u0219i neted\u0103 pentru o lung\u0103 perioad\u0103 de timp. Nu con\u021bine protec\u021bie solar\u0103. Poate fi folosit ca baz\u0103 de machiaj.<br \/>\nIngrediente: Dimeticonol, dimeticon\u0103, acetat de tocoferol, palmitat de retinil, licopen, palmitat de ascorbil.<br \/>\nInstruc\u021biuni: Aplica\u021bi serul cu mi\u0219c\u0103ri u\u0219oare de masaj pe pielea fe\u021bei, \u00eencepe\u021bi s\u0103 v\u0103 machia\u021bi.<br \/>\n<\/p>","protected":false},"excerpt":{"rendered":"<p>Ser de m\u0103tase, 30 ml<\/p>\n","protected":false},"featured_media":1069,"template":"","meta":[],"product_cat":[41],"product_tag":[],"_links":{"self":[{"href":"https:\/\/shop.belar.md\/ro\/wp-json\/wp\/v2\/product\/1070"}],"collection":[{"href":"https:\/\/shop.belar.md\/ro\/wp-json\/wp\/v2\/product"}],"about":[{"href":"https:\/\/shop.belar.md\/ro\/wp-json\/wp\/v2\/types\/product"}],"wp:featuredmedia":[{"embeddable":true,"href":"https:\/\/shop.belar.md\/ro\/wp-json\/wp\/v2\/media\/1069"}],"wp:attachment":[{"href":"https:\/\/shop.belar.md\/ro\/wp-json\/wp\/v2\/media?parent=1070"}],"wp:term":[{"taxonomy":"product_cat","embeddable":true,"href":"https:\/\/shop.belar.md\/ro\/wp-json\/wp\/v2\/product_cat?post=1070"},{"taxonomy":"product_tag","embeddable":true,"href":"https:\/\/shop.belar.md\/ro\/wp-json\/wp\/v2\/product_tag?post=1070"}],"curies":[{"name":"wp","href":"https:\/\/api.w.org\/{rel}","templated":true}]}}