{"id":1068,"date":"2021-02-17T16:39:04","date_gmt":"2021-02-17T16:39:04","guid":{"rendered":"http:\/\/shop.belar.md\/product\/christina-silk-absolutely-smooth\/"},"modified":"2026-04-19T05:00:43","modified_gmt":"2026-04-19T05:00:43","slug":"christina-silk-absolutely-smooth","status":"publish","type":"product","link":"https:\/\/shop.belar.md\/ro\/product\/christina-silk-absolutely-smooth\/","title":{"rendered":"Christina\u00a0Silk Absolutely Smooth"},"content":{"rendered":"<p>Un ser delicat cu polisilicone umple \u0219i ascunde ridurile fine, uniformizeaz\u0103 \u0219i face pielea neted\u0103, datorit\u0103 c\u0103reia machiajul se aplic\u0103 perfect uniform. Datorit\u0103 acidului gamma-aminobutiric, acesta reduce treptat for\u021ba de contrac\u021bie muscular\u0103 \u00een zona din jurul ochilor, f\u0103c\u00e2nd ridurile fine mai pu\u021bin pronun\u021bate.<br \/>\nIngrediente: Polisilicona-11, acid aminobutiric, extracte din r\u0103d\u0103cin\u0103 de ginseng, portelan de gr\u0103din\u0103, centella asiatic\u0103, acetat de tocoferol, m\u0103tase hidrolizat\u0103.<br \/>\nInstruc\u021biuni: Aplica\u021bi serul de dou\u0103 ori pe zi cu mi\u0219c\u0103ri u\u0219oare de b\u0103taie cu v\u00e2rful degetelor, concentr\u00e2ndu-v\u0103 pe zonele ridate. Serul poate fi folosit sub machiaj ca grund.<br \/>\n<\/p>","protected":false},"excerpt":{"rendered":"<p>Ser pentru umplerea local\u0103 a ridurilor, 30 ml<\/p>\n","protected":false},"featured_media":1067,"template":"","meta":[],"product_cat":[41],"product_tag":[],"_links":{"self":[{"href":"https:\/\/shop.belar.md\/ro\/wp-json\/wp\/v2\/product\/1068"}],"collection":[{"href":"https:\/\/shop.belar.md\/ro\/wp-json\/wp\/v2\/product"}],"about":[{"href":"https:\/\/shop.belar.md\/ro\/wp-json\/wp\/v2\/types\/product"}],"wp:featuredmedia":[{"embeddable":true,"href":"https:\/\/shop.belar.md\/ro\/wp-json\/wp\/v2\/media\/1067"}],"wp:attachment":[{"href":"https:\/\/shop.belar.md\/ro\/wp-json\/wp\/v2\/media?parent=1068"}],"wp:term":[{"taxonomy":"product_cat","embeddable":true,"href":"https:\/\/shop.belar.md\/ro\/wp-json\/wp\/v2\/product_cat?post=1068"},{"taxonomy":"product_tag","embeddable":true,"href":"https:\/\/shop.belar.md\/ro\/wp-json\/wp\/v2\/product_tag?post=1068"}],"curies":[{"name":"wp","href":"https:\/\/api.w.org\/{rel}","templated":true}]}}