{"id":1052,"date":"2021-02-17T16:38:58","date_gmt":"2021-02-17T16:38:58","guid":{"rendered":"http:\/\/shop.belar.md\/product\/christina-unstress-probiotic-day-cream-spf15\/"},"modified":"2026-04-17T05:00:39","modified_gmt":"2026-04-17T05:00:39","slug":"christina-unstress-probiotic-day-cream-spf15","status":"publish","type":"product","link":"https:\/\/shop.belar.md\/ro\/product\/christina-unstress-probiotic-day-cream-spf15\/","title":{"rendered":"SPF15 crem\u0103 de zi probiotic\u0103 pentru pielea sensibil\u0103"},"content":{"rendered":"<p>Crem\u0103 de densitate medie cu un sistem unic de protec\u021bie nu numai \u00eempotriva razelor UV, ci \u0219i \u00eempotriva spectrului albastru al luminii vizibile, care provoac\u0103 \u00eemb\u0103tr\u00e2nirea digital\u0103. \u00cent\u0103re\u0219te stratul cornos al epidermei \u0219i mantaua hidrolipidic\u0103. Ofer\u0103 hidratare de durat\u0103 \u0219i catifelare a pielii, elimin\u00e2nd usc\u0103ciunea \u0219i semnele de iritare.<br \/>\nIngrediente: Ap\u0103 deionizat\u0103, hialuronat de sodiu, glicerin\u0103, tinosorb, butil metoxibenzoilmetan, Thermus Thermophilus, ulei de s\u00e2mbure de caise, acid hialuronic hidrolizat, kaempferol, dimeticon\u0103, dipeptid\u0103-4, vitamina E, sirop, suc de yacon, lactobacao-glucocil magnolie, ceai verde, centella asiatica, lemn dulce, rozmarin, calota cranian\u0103, rainnutrie japonez\u0103, flori de mu\u0219e\u021bel, extract de lemn dulce, alantoin\u0103.<br \/>\nInstruc\u021biuni: Aplica\u021bi crema \u00een cantitate optim\u0103 pe pielea fe\u021bei, aplica\u021bi cu mi\u0219c\u0103ri circulare u\u0219oare p\u00e2n\u0103 la absorb\u021bia complet\u0103.<\/p>","protected":false},"excerpt":{"rendered":"<p>Christina Unstress Probiotic Day Cream SPF15, 50 ml<\/p>\n","protected":false},"featured_media":3103,"template":"","meta":[],"product_cat":[41],"product_tag":[],"_links":{"self":[{"href":"https:\/\/shop.belar.md\/ro\/wp-json\/wp\/v2\/product\/1052"}],"collection":[{"href":"https:\/\/shop.belar.md\/ro\/wp-json\/wp\/v2\/product"}],"about":[{"href":"https:\/\/shop.belar.md\/ro\/wp-json\/wp\/v2\/types\/product"}],"wp:featuredmedia":[{"embeddable":true,"href":"https:\/\/shop.belar.md\/ro\/wp-json\/wp\/v2\/media\/3103"}],"wp:attachment":[{"href":"https:\/\/shop.belar.md\/ro\/wp-json\/wp\/v2\/media?parent=1052"}],"wp:term":[{"taxonomy":"product_cat","embeddable":true,"href":"https:\/\/shop.belar.md\/ro\/wp-json\/wp\/v2\/product_cat?post=1052"},{"taxonomy":"product_tag","embeddable":true,"href":"https:\/\/shop.belar.md\/ro\/wp-json\/wp\/v2\/product_tag?post=1052"}],"curies":[{"name":"wp","href":"https:\/\/api.w.org\/{rel}","templated":true}]}}