{"id":1050,"date":"2021-02-17T16:38:57","date_gmt":"2021-02-17T16:38:57","guid":{"rendered":"http:\/\/shop.belar.md\/product\/christina-unstress-total-serenity-serum\/"},"modified":"2026-04-19T05:00:44","modified_gmt":"2026-04-19T05:00:44","slug":"christina-unstress-total-serenity-serum","status":"publish","type":"product","link":"https:\/\/shop.belar.md\/ro\/product\/christina-unstress-total-serenity-serum\/","title":{"rendered":"Christina Unstress Total Serenity Serum"},"content":{"rendered":"<p>Serul hidratant profund \u00eembun\u0103t\u0103\u021be\u0219te propriet\u0103\u021bile \u0219i func\u021biile protectoare ale celulelor, reduce pierderile de umiditate transepidermice. Amelioreaz\u0103 irita\u021bia \u0219i m\u00e2nc\u0103rimea, are un efect antiinflamator \u0219i \u00eembun\u0103t\u0103\u021be\u0219te starea microflorei pe suprafa\u021ba pielii.<br \/>\nIngrediente: Ap\u0103 deionizat\u0103, hialuronat de sodiu, glicerin\u0103, bioflavonoide, extract de aloe, enzim\u0103 termofil\u0103, extracte de camelie, centella asiatica, r\u0103d\u0103cin\u0103 de lemn dulce, dipeptid\u0103-4, extracte de rozmarin medicinal, calot, plumeria, broccoli, alantoin\u0103.<br \/>\nInstruc\u021biuni: Aplica\u021bi cu mi\u0219c\u0103ri u\u0219oare de b\u0103tut pe fa\u021b\u0103, g\u00e2t \u0219i decolteu, poate fi aplicat \u00een jurul ochilor. Dup\u0103 absorb\u021bie, aplica\u021bi peste o crem\u0103 de zi sau de noapte.<br \/>\n<\/p>","protected":false},"excerpt":{"rendered":"<p>Ser calmant total, 30 ml<\/p>\n","protected":false},"featured_media":1049,"template":"","meta":[],"product_cat":[41],"product_tag":[],"_links":{"self":[{"href":"https:\/\/shop.belar.md\/ro\/wp-json\/wp\/v2\/product\/1050"}],"collection":[{"href":"https:\/\/shop.belar.md\/ro\/wp-json\/wp\/v2\/product"}],"about":[{"href":"https:\/\/shop.belar.md\/ro\/wp-json\/wp\/v2\/types\/product"}],"wp:featuredmedia":[{"embeddable":true,"href":"https:\/\/shop.belar.md\/ro\/wp-json\/wp\/v2\/media\/1049"}],"wp:attachment":[{"href":"https:\/\/shop.belar.md\/ro\/wp-json\/wp\/v2\/media?parent=1050"}],"wp:term":[{"taxonomy":"product_cat","embeddable":true,"href":"https:\/\/shop.belar.md\/ro\/wp-json\/wp\/v2\/product_cat?post=1050"},{"taxonomy":"product_tag","embeddable":true,"href":"https:\/\/shop.belar.md\/ro\/wp-json\/wp\/v2\/product_tag?post=1050"}],"curies":[{"name":"wp","href":"https:\/\/api.w.org\/{rel}","templated":true}]}}