{"id":1048,"date":"2021-02-17T16:38:56","date_gmt":"2021-02-17T16:38:56","guid":{"rendered":"http:\/\/shop.belar.md\/product\/christina-unstress-absolute-relax\/"},"modified":"2026-04-19T05:00:43","modified_gmt":"2026-04-19T05:00:43","slug":"christina-unstress-absolute-relax","status":"publish","type":"product","link":"https:\/\/shop.belar.md\/ro\/product\/christina-unstress-absolute-relax\/","title":{"rendered":"Christina Unstress Absolute Relax"},"content":{"rendered":"<p>Relaxant ser-muscular pentru pielea cu tip de \u00eemb\u0103tr\u00e2nire \u201eridat fin\u201d con\u021bine GABA, care este activitatea mu\u0219chilor fe\u021bei. Hidrateaz\u0103 cu acid hialuronic \u0219i cre\u0219te densitatea pielii cu o peptid\u0103 special\u0103. Poate fi folosit ca baz\u0103 de machiaj.<br \/>\nIngrediente: Enzim\u0103 termofil\u0103, hexapeptid\u0103-10, extract de castrave\u021bi, squalane, ulei de germeni de gr\u00e2u, extract de pin de litoral, acid gamma-aminobutiric, pantenol, dipeptid\u0103-4, extract de sun\u0103toare, extract de aloe, acetat de tocoferol, acid hialuronic.<br \/>\nInstruc\u021biuni: Aplica\u021bi pe piele de 2 ori pe zi, inclusiv zona orbital\u0103, acord\u00e2nd o aten\u021bie deosebit\u0103 zonelor cu linii de expresie. Dup\u0103 aceea, crema este conform\u0103 cu ora din zi. \u00cen lunile mai calde, poate fi folosit ca baz\u0103 de machiaj.<br \/>\n<\/p>","protected":false},"excerpt":{"rendered":"<p>Ser Absolut pentru Netezirea Ridurilor, 30 ml<\/p>\n","protected":false},"featured_media":1047,"template":"","meta":[],"product_cat":[41],"product_tag":[],"_links":{"self":[{"href":"https:\/\/shop.belar.md\/ro\/wp-json\/wp\/v2\/product\/1048"}],"collection":[{"href":"https:\/\/shop.belar.md\/ro\/wp-json\/wp\/v2\/product"}],"about":[{"href":"https:\/\/shop.belar.md\/ro\/wp-json\/wp\/v2\/types\/product"}],"wp:featuredmedia":[{"embeddable":true,"href":"https:\/\/shop.belar.md\/ro\/wp-json\/wp\/v2\/media\/1047"}],"wp:attachment":[{"href":"https:\/\/shop.belar.md\/ro\/wp-json\/wp\/v2\/media?parent=1048"}],"wp:term":[{"taxonomy":"product_cat","embeddable":true,"href":"https:\/\/shop.belar.md\/ro\/wp-json\/wp\/v2\/product_cat?post=1048"},{"taxonomy":"product_tag","embeddable":true,"href":"https:\/\/shop.belar.md\/ro\/wp-json\/wp\/v2\/product_tag?post=1048"}],"curies":[{"name":"wp","href":"https:\/\/api.w.org\/{rel}","templated":true}]}}